{"id":253175,"date":"2022-11-11T10:27:35","date_gmt":"2022-11-11T10:27:35","guid":{"rendered":"https:\/\/mhr.com.pt\/product\/m201\/"},"modified":"2022-11-11T10:27:35","modified_gmt":"2022-11-11T10:27:35","slug":"m201","status":"publish","type":"product","link":"https:\/\/mhr.com.pt\/fr\/product\/m201\/","title":{"rendered":"M201."},"content":{"rendered":"<p>Le pouf M201 pr\u00e9sente une forme nettement irr\u00e9guli\u00e8re, accentu\u00e9e par une ligne de contour \u00e9l\u00e9gante.<\/p>\n<p>Cette caract\u00e9ristique de conception unique met en valeur son asym\u00e9trie, en faisant une pi\u00e8ce saisissante qui peut ajouter une touche artistique \u00e0 n&rsquo;importe quelle pi\u00e8ce.<\/p>\n","protected":false},"excerpt":{"rendered":"<p>POUFS<\/p>\n","protected":false},"featured_media":253176,"template":"","meta":{"_et_pb_use_builder":"","_et_pb_old_content":"","_et_gb_content_width":""},"product_brand":[],"product_cat":[564],"product_tag":[],"class_list":{"0":"post-253175","1":"product","2":"type-product","3":"status-publish","4":"has-post-thumbnail","6":"product_cat-poufs-et-tabourets","8":"first","9":"instock","10":"shipping-taxable","11":"product-type-simple"},"_links":{"self":[{"href":"https:\/\/mhr.com.pt\/fr\/wp-json\/wp\/v2\/product\/253175","targetHints":{"allow":["GET"]}}],"collection":[{"href":"https:\/\/mhr.com.pt\/fr\/wp-json\/wp\/v2\/product"}],"about":[{"href":"https:\/\/mhr.com.pt\/fr\/wp-json\/wp\/v2\/types\/product"}],"wp:featuredmedia":[{"embeddable":true,"href":"https:\/\/mhr.com.pt\/fr\/wp-json\/wp\/v2\/media\/253176"}],"wp:attachment":[{"href":"https:\/\/mhr.com.pt\/fr\/wp-json\/wp\/v2\/media?parent=253175"}],"wp:term":[{"taxonomy":"product_brand","embeddable":true,"href":"https:\/\/mhr.com.pt\/fr\/wp-json\/wp\/v2\/product_brand?post=253175"},{"taxonomy":"product_cat","embeddable":true,"href":"https:\/\/mhr.com.pt\/fr\/wp-json\/wp\/v2\/product_cat?post=253175"},{"taxonomy":"product_tag","embeddable":true,"href":"https:\/\/mhr.com.pt\/fr\/wp-json\/wp\/v2\/product_tag?post=253175"}],"curies":[{"name":"wp","href":"https:\/\/api.w.org\/{rel}","templated":true}]}}