{"id":253178,"date":"2022-11-11T10:30:38","date_gmt":"2022-11-11T10:30:38","guid":{"rendered":"https:\/\/mhr.com.pt\/product\/m202\/"},"modified":"2022-11-11T10:30:38","modified_gmt":"2022-11-11T10:30:38","slug":"m202","status":"publish","type":"product","link":"https:\/\/mhr.com.pt\/fr\/product\/m202\/","title":{"rendered":"M202."},"content":{"rendered":"<p>Le pouf M202 rend hommage aux courbes des tonneaux de vin avec sa forme arrondie et ovale.<\/p>\n<p>Des poign\u00e9es pratiques compl\u00e8tent le design, permettant un m\u00e9lange contrast\u00e9 de mat\u00e9riaux et une mobilit\u00e9 facile, en faisant un ajout fonctionnel et \u00e9l\u00e9gant \u00e0 tout espace.<\/p>\n","protected":false},"excerpt":{"rendered":"<p>POUFS<\/p>\n","protected":false},"featured_media":253179,"template":"","meta":{"_et_pb_use_builder":"","_et_pb_old_content":"","_et_gb_content_width":""},"product_brand":[],"product_cat":[564],"product_tag":[],"class_list":{"0":"post-253178","1":"product","2":"type-product","3":"status-publish","4":"has-post-thumbnail","6":"product_cat-poufs-et-tabourets","8":"first","9":"instock","10":"shipping-taxable","11":"product-type-simple"},"_links":{"self":[{"href":"https:\/\/mhr.com.pt\/fr\/wp-json\/wp\/v2\/product\/253178","targetHints":{"allow":["GET"]}}],"collection":[{"href":"https:\/\/mhr.com.pt\/fr\/wp-json\/wp\/v2\/product"}],"about":[{"href":"https:\/\/mhr.com.pt\/fr\/wp-json\/wp\/v2\/types\/product"}],"wp:featuredmedia":[{"embeddable":true,"href":"https:\/\/mhr.com.pt\/fr\/wp-json\/wp\/v2\/media\/253179"}],"wp:attachment":[{"href":"https:\/\/mhr.com.pt\/fr\/wp-json\/wp\/v2\/media?parent=253178"}],"wp:term":[{"taxonomy":"product_brand","embeddable":true,"href":"https:\/\/mhr.com.pt\/fr\/wp-json\/wp\/v2\/product_brand?post=253178"},{"taxonomy":"product_cat","embeddable":true,"href":"https:\/\/mhr.com.pt\/fr\/wp-json\/wp\/v2\/product_cat?post=253178"},{"taxonomy":"product_tag","embeddable":true,"href":"https:\/\/mhr.com.pt\/fr\/wp-json\/wp\/v2\/product_tag?post=253178"}],"curies":[{"name":"wp","href":"https:\/\/api.w.org\/{rel}","templated":true}]}}