{"id":253184,"date":"2022-11-11T10:34:07","date_gmt":"2022-11-11T10:34:07","guid":{"rendered":"https:\/\/mhr.com.pt\/product\/m204\/"},"modified":"2022-11-11T10:34:07","modified_gmt":"2022-11-11T10:34:07","slug":"m204","status":"publish","type":"product","link":"https:\/\/mhr.com.pt\/fr\/product\/m204\/","title":{"rendered":"M204."},"content":{"rendered":"<p>Le pouf M204, inspir\u00e9 par la silhouette des montagnes, pr\u00e9sente un design arrondi qui apporte une esth\u00e9tique naturelle et sereine aux petits espaces.<\/p>\n<p>C\u2019est une pi\u00e8ce pratique, parfaite pour offrir un soutien suppl\u00e9mentaire dans les zones compactes.<\/p>\n","protected":false},"excerpt":{"rendered":"<p>POUFS<\/p>\n","protected":false},"featured_media":253185,"template":"","meta":{"_et_pb_use_builder":"","_et_pb_old_content":"","_et_gb_content_width":""},"product_brand":[],"product_cat":[564],"product_tag":[],"class_list":{"0":"post-253184","1":"product","2":"type-product","3":"status-publish","4":"has-post-thumbnail","6":"product_cat-poufs-et-tabourets","8":"first","9":"instock","10":"shipping-taxable","11":"product-type-simple"},"_links":{"self":[{"href":"https:\/\/mhr.com.pt\/fr\/wp-json\/wp\/v2\/product\/253184","targetHints":{"allow":["GET"]}}],"collection":[{"href":"https:\/\/mhr.com.pt\/fr\/wp-json\/wp\/v2\/product"}],"about":[{"href":"https:\/\/mhr.com.pt\/fr\/wp-json\/wp\/v2\/types\/product"}],"wp:featuredmedia":[{"embeddable":true,"href":"https:\/\/mhr.com.pt\/fr\/wp-json\/wp\/v2\/media\/253185"}],"wp:attachment":[{"href":"https:\/\/mhr.com.pt\/fr\/wp-json\/wp\/v2\/media?parent=253184"}],"wp:term":[{"taxonomy":"product_brand","embeddable":true,"href":"https:\/\/mhr.com.pt\/fr\/wp-json\/wp\/v2\/product_brand?post=253184"},{"taxonomy":"product_cat","embeddable":true,"href":"https:\/\/mhr.com.pt\/fr\/wp-json\/wp\/v2\/product_cat?post=253184"},{"taxonomy":"product_tag","embeddable":true,"href":"https:\/\/mhr.com.pt\/fr\/wp-json\/wp\/v2\/product_tag?post=253184"}],"curies":[{"name":"wp","href":"https:\/\/api.w.org\/{rel}","templated":true}]}}