{"id":253187,"date":"2022-11-11T10:36:59","date_gmt":"2022-11-11T10:36:59","guid":{"rendered":"https:\/\/mhr.com.pt\/product\/orion\/"},"modified":"2022-11-11T10:36:59","modified_gmt":"2022-11-11T10:36:59","slug":"orion","status":"publish","type":"product","link":"https:\/\/mhr.com.pt\/fr\/product\/orion\/","title":{"rendered":"Orion."},"content":{"rendered":"<p>Le pouf Orion se caract\u00e9rise par un m\u00e9lange de lignes inspir\u00e9es des puzzles et des jeux de soci\u00e9t\u00e9, cr\u00e9ant des chemins et des formes.<\/p>\n<p>Con\u00e7u avec un profil \u00e9l\u00e9gant, il est accentu\u00e9 par sa base haute, tout en offrant de la polyvalence gr\u00e2ce \u00e0 l\u2019option d\u2019une base plus basse, s\u2019adaptant \u00e0 diff\u00e9rents besoins et pr\u00e9f\u00e9rences.<\/p>\n","protected":false},"excerpt":{"rendered":"<p>POUFS<\/p>\n","protected":false},"featured_media":253188,"template":"","meta":{"_et_pb_use_builder":"","_et_pb_old_content":"","_et_gb_content_width":""},"product_brand":[],"product_cat":[564],"product_tag":[],"class_list":{"0":"post-253187","1":"product","2":"type-product","3":"status-publish","4":"has-post-thumbnail","6":"product_cat-poufs-et-tabourets","8":"first","9":"instock","10":"shipping-taxable","11":"product-type-simple"},"_links":{"self":[{"href":"https:\/\/mhr.com.pt\/fr\/wp-json\/wp\/v2\/product\/253187","targetHints":{"allow":["GET"]}}],"collection":[{"href":"https:\/\/mhr.com.pt\/fr\/wp-json\/wp\/v2\/product"}],"about":[{"href":"https:\/\/mhr.com.pt\/fr\/wp-json\/wp\/v2\/types\/product"}],"wp:featuredmedia":[{"embeddable":true,"href":"https:\/\/mhr.com.pt\/fr\/wp-json\/wp\/v2\/media\/253188"}],"wp:attachment":[{"href":"https:\/\/mhr.com.pt\/fr\/wp-json\/wp\/v2\/media?parent=253187"}],"wp:term":[{"taxonomy":"product_brand","embeddable":true,"href":"https:\/\/mhr.com.pt\/fr\/wp-json\/wp\/v2\/product_brand?post=253187"},{"taxonomy":"product_cat","embeddable":true,"href":"https:\/\/mhr.com.pt\/fr\/wp-json\/wp\/v2\/product_cat?post=253187"},{"taxonomy":"product_tag","embeddable":true,"href":"https:\/\/mhr.com.pt\/fr\/wp-json\/wp\/v2\/product_tag?post=253187"}],"curies":[{"name":"wp","href":"https:\/\/api.w.org\/{rel}","templated":true}]}}