{"id":253191,"date":"2022-11-11T10:40:07","date_gmt":"2022-11-11T10:40:07","guid":{"rendered":"https:\/\/mhr.com.pt\/product\/sound\/"},"modified":"2022-11-11T10:40:07","modified_gmt":"2022-11-11T10:40:07","slug":"sound","status":"publish","type":"product","link":"https:\/\/mhr.com.pt\/fr\/product\/sound\/","title":{"rendered":"Sound."},"content":{"rendered":"<p>Les poufs Sound d\u00e9gagent une sensation de confort gr\u00e2ce \u00e0 leurs panneaux lat\u00e9raux, qui d\u00e9finissent une forme arrondie et accueillante.<\/p>\n<p>Ces pi\u00e8ces s\u2019int\u00e8grent parfaitement dans divers environnements, offrant une vari\u00e9t\u00e9 de formes et cr\u00e9ant une ambiance r\u00e9confortante o\u00f9 qu\u2019elles soient plac\u00e9es.<\/p>\n","protected":false},"excerpt":{"rendered":"<p>POUFS<\/p>\n","protected":false},"featured_media":253192,"template":"","meta":{"_et_pb_use_builder":"","_et_pb_old_content":"","_et_gb_content_width":""},"product_brand":[],"product_cat":[591,564],"product_tag":[],"class_list":{"0":"post-253191","1":"product","2":"type-product","3":"status-publish","4":"has-post-thumbnail","6":"product_cat-olivia-accessoires","7":"product_cat-poufs-et-tabourets","9":"first","10":"instock","11":"shipping-taxable","12":"product-type-simple"},"_links":{"self":[{"href":"https:\/\/mhr.com.pt\/fr\/wp-json\/wp\/v2\/product\/253191","targetHints":{"allow":["GET"]}}],"collection":[{"href":"https:\/\/mhr.com.pt\/fr\/wp-json\/wp\/v2\/product"}],"about":[{"href":"https:\/\/mhr.com.pt\/fr\/wp-json\/wp\/v2\/types\/product"}],"wp:featuredmedia":[{"embeddable":true,"href":"https:\/\/mhr.com.pt\/fr\/wp-json\/wp\/v2\/media\/253192"}],"wp:attachment":[{"href":"https:\/\/mhr.com.pt\/fr\/wp-json\/wp\/v2\/media?parent=253191"}],"wp:term":[{"taxonomy":"product_brand","embeddable":true,"href":"https:\/\/mhr.com.pt\/fr\/wp-json\/wp\/v2\/product_brand?post=253191"},{"taxonomy":"product_cat","embeddable":true,"href":"https:\/\/mhr.com.pt\/fr\/wp-json\/wp\/v2\/product_cat?post=253191"},{"taxonomy":"product_tag","embeddable":true,"href":"https:\/\/mhr.com.pt\/fr\/wp-json\/wp\/v2\/product_tag?post=253191"}],"curies":[{"name":"wp","href":"https:\/\/api.w.org\/{rel}","templated":true}]}}