{"id":253196,"date":"2022-11-11T10:45:27","date_gmt":"2022-11-11T10:45:27","guid":{"rendered":"https:\/\/mhr.com.pt\/product\/liliann\/"},"modified":"2022-11-11T10:45:27","modified_gmt":"2022-11-11T10:45:27","slug":"liliann","status":"publish","type":"product","link":"https:\/\/mhr.com.pt\/fr\/product\/liliann\/","title":{"rendered":"Liliann."},"content":{"rendered":"<p>Le tabouret Liliann trouve l\u2019\u00e9quilibre parfait entre tous les mat\u00e9riaux, offrant une fonction unique pour chacun d\u2019eux.<\/p>\n<p>Ce tabouret est id\u00e9al pour un emplacement strat\u00e9gique o\u00f9 sa section en bois peut \u00eatre utilis\u00e9e comme une table int\u00e9gr\u00e9e dans le rev\u00eatement, tandis que la partie rembourr\u00e9e offre une assise confortable.<\/p>\n<p>La fusion des diff\u00e9rents \u00e9l\u00e9ments de Liliann en fait une pi\u00e8ce polyvalente qui s\u2019int\u00e8gre parfaitement dans divers environnements, alliant fonctionnalit\u00e9 et style.<\/p>\n","protected":false},"excerpt":{"rendered":"<p>TABOURET<\/p>\n","protected":false},"featured_media":253197,"template":"","meta":{"_et_pb_use_builder":"","_et_pb_old_content":"","_et_gb_content_width":""},"product_brand":[],"product_cat":[591,564],"product_tag":[],"class_list":{"0":"post-253196","1":"product","2":"type-product","3":"status-publish","4":"has-post-thumbnail","6":"product_cat-olivia-accessoires","7":"product_cat-poufs-et-tabourets","9":"first","10":"instock","11":"shipping-taxable","12":"product-type-simple"},"_links":{"self":[{"href":"https:\/\/mhr.com.pt\/fr\/wp-json\/wp\/v2\/product\/253196","targetHints":{"allow":["GET"]}}],"collection":[{"href":"https:\/\/mhr.com.pt\/fr\/wp-json\/wp\/v2\/product"}],"about":[{"href":"https:\/\/mhr.com.pt\/fr\/wp-json\/wp\/v2\/types\/product"}],"wp:featuredmedia":[{"embeddable":true,"href":"https:\/\/mhr.com.pt\/fr\/wp-json\/wp\/v2\/media\/253197"}],"wp:attachment":[{"href":"https:\/\/mhr.com.pt\/fr\/wp-json\/wp\/v2\/media?parent=253196"}],"wp:term":[{"taxonomy":"product_brand","embeddable":true,"href":"https:\/\/mhr.com.pt\/fr\/wp-json\/wp\/v2\/product_brand?post=253196"},{"taxonomy":"product_cat","embeddable":true,"href":"https:\/\/mhr.com.pt\/fr\/wp-json\/wp\/v2\/product_cat?post=253196"},{"taxonomy":"product_tag","embeddable":true,"href":"https:\/\/mhr.com.pt\/fr\/wp-json\/wp\/v2\/product_tag?post=253196"}],"curies":[{"name":"wp","href":"https:\/\/api.w.org\/{rel}","templated":true}]}}