{"id":253204,"date":"2025-03-19T16:53:58","date_gmt":"2025-03-19T16:53:58","guid":{"rendered":"https:\/\/mhr.com.pt\/product\/edge\/"},"modified":"2025-03-19T16:53:58","modified_gmt":"2025-03-19T16:53:58","slug":"edge","status":"publish","type":"product","link":"https:\/\/mhr.com.pt\/fr\/product\/edge\/","title":{"rendered":"Edge."},"content":{"rendered":"<p>La table d\u2019appoint Edge est une pi\u00e8ce portable et adaptable qui s\u2019int\u00e8gre parfaitement dans n\u2019importe quel espace.<\/p>\n<p>Id\u00e9ale pour un caf\u00e9 et un livre, son design rompt la robustesse de la table avec une d\u00e9coupe unique. Sa pr\u00e9sence solide en fait un accompagnement parfait pour des pi\u00e8ces plus grandes, \u00e9quilibrant la d\u00e9coration de la pi\u00e8ce.<\/p>\n","protected":false},"excerpt":{"rendered":"<p>TABLE D\u2019APPOINT<\/p>\n","protected":false},"featured_media":253208,"template":"","meta":{"_et_pb_use_builder":"","_et_pb_old_content":"","_et_gb_content_width":""},"product_brand":[],"product_cat":[592],"product_tag":[],"class_list":{"0":"post-253204","1":"product","2":"type-product","3":"status-publish","4":"has-post-thumbnail","6":"product_cat-tables-basses-et-dappoint","8":"first","9":"instock","10":"shipping-taxable","11":"product-type-simple"},"_links":{"self":[{"href":"https:\/\/mhr.com.pt\/fr\/wp-json\/wp\/v2\/product\/253204","targetHints":{"allow":["GET"]}}],"collection":[{"href":"https:\/\/mhr.com.pt\/fr\/wp-json\/wp\/v2\/product"}],"about":[{"href":"https:\/\/mhr.com.pt\/fr\/wp-json\/wp\/v2\/types\/product"}],"wp:featuredmedia":[{"embeddable":true,"href":"https:\/\/mhr.com.pt\/fr\/wp-json\/wp\/v2\/media\/253208"}],"wp:attachment":[{"href":"https:\/\/mhr.com.pt\/fr\/wp-json\/wp\/v2\/media?parent=253204"}],"wp:term":[{"taxonomy":"product_brand","embeddable":true,"href":"https:\/\/mhr.com.pt\/fr\/wp-json\/wp\/v2\/product_brand?post=253204"},{"taxonomy":"product_cat","embeddable":true,"href":"https:\/\/mhr.com.pt\/fr\/wp-json\/wp\/v2\/product_cat?post=253204"},{"taxonomy":"product_tag","embeddable":true,"href":"https:\/\/mhr.com.pt\/fr\/wp-json\/wp\/v2\/product_tag?post=253204"}],"curies":[{"name":"wp","href":"https:\/\/api.w.org\/{rel}","templated":true}]}}