{"id":253209,"date":"2022-11-07T16:45:54","date_gmt":"2022-11-07T16:45:54","guid":{"rendered":"https:\/\/mhr.com.pt\/product\/elaine\/"},"modified":"2022-11-07T16:45:54","modified_gmt":"2022-11-07T16:45:54","slug":"elaine","status":"publish","type":"product","link":"https:\/\/mhr.com.pt\/fr\/product\/elaine\/","title":{"rendered":"Elaine."},"content":{"rendered":"<p>La table d\u2019appoint Elaine, avec des dimensions parfaites pour s\u2019adapter au bras d\u2019un canap\u00e9, est con\u00e7ue pour compl\u00e9ter l\u2019am\u00e9nagement de votre salon.<\/p>\n<p>Son design \u00e9l\u00e9gant offre commodit\u00e9 sans sacrifier le style.<\/p>\n","protected":false},"excerpt":{"rendered":"<p>TABLE D\u2019APPOINT<\/p>\n","protected":false},"featured_media":253210,"template":"","meta":{"_et_pb_use_builder":"","_et_pb_old_content":"","_et_gb_content_width":""},"product_brand":[],"product_cat":[592],"product_tag":[],"class_list":{"0":"post-253209","1":"product","2":"type-product","3":"status-publish","4":"has-post-thumbnail","6":"product_cat-tables-basses-et-dappoint","8":"first","9":"instock","10":"shipping-taxable","11":"product-type-simple"},"_links":{"self":[{"href":"https:\/\/mhr.com.pt\/fr\/wp-json\/wp\/v2\/product\/253209","targetHints":{"allow":["GET"]}}],"collection":[{"href":"https:\/\/mhr.com.pt\/fr\/wp-json\/wp\/v2\/product"}],"about":[{"href":"https:\/\/mhr.com.pt\/fr\/wp-json\/wp\/v2\/types\/product"}],"wp:featuredmedia":[{"embeddable":true,"href":"https:\/\/mhr.com.pt\/fr\/wp-json\/wp\/v2\/media\/253210"}],"wp:attachment":[{"href":"https:\/\/mhr.com.pt\/fr\/wp-json\/wp\/v2\/media?parent=253209"}],"wp:term":[{"taxonomy":"product_brand","embeddable":true,"href":"https:\/\/mhr.com.pt\/fr\/wp-json\/wp\/v2\/product_brand?post=253209"},{"taxonomy":"product_cat","embeddable":true,"href":"https:\/\/mhr.com.pt\/fr\/wp-json\/wp\/v2\/product_cat?post=253209"},{"taxonomy":"product_tag","embeddable":true,"href":"https:\/\/mhr.com.pt\/fr\/wp-json\/wp\/v2\/product_tag?post=253209"}],"curies":[{"name":"wp","href":"https:\/\/api.w.org\/{rel}","templated":true}]}}