{"id":253214,"date":"2022-11-07T16:50:18","date_gmt":"2022-11-07T16:50:18","guid":{"rendered":"https:\/\/mhr.com.pt\/product\/isis\/"},"modified":"2022-11-07T16:50:18","modified_gmt":"2022-11-07T16:50:18","slug":"isis","status":"publish","type":"product","link":"https:\/\/mhr.com.pt\/fr\/product\/isis\/","title":{"rendered":"\u00cdsis."},"content":{"rendered":"<p>La table d\u2019appoint \u00cdsis est id\u00e9ale pour profiter d\u2019un moment de d\u00e9tente sur le canap\u00e9, cr\u00e9ant un endroit parfait gr\u00e2ce \u00e0 son design qui permet au dessus de reposer enti\u00e8rement sur le si\u00e8ge.<\/p>\n<p>Cette caract\u00e9ristique en fait un excellent compagnon pour les moments de loisirs.<\/p>\n","protected":false},"excerpt":{"rendered":"<p>TABLE D\u2019APPOINT<\/p>\n","protected":false},"featured_media":253215,"template":"","meta":{"_et_pb_use_builder":"","_et_pb_old_content":"","_et_gb_content_width":""},"product_brand":[],"product_cat":[592],"product_tag":[],"class_list":{"0":"post-253214","1":"product","2":"type-product","3":"status-publish","4":"has-post-thumbnail","6":"product_cat-tables-basses-et-dappoint","8":"first","9":"instock","10":"shipping-taxable","11":"product-type-simple"},"_links":{"self":[{"href":"https:\/\/mhr.com.pt\/fr\/wp-json\/wp\/v2\/product\/253214","targetHints":{"allow":["GET"]}}],"collection":[{"href":"https:\/\/mhr.com.pt\/fr\/wp-json\/wp\/v2\/product"}],"about":[{"href":"https:\/\/mhr.com.pt\/fr\/wp-json\/wp\/v2\/types\/product"}],"wp:featuredmedia":[{"embeddable":true,"href":"https:\/\/mhr.com.pt\/fr\/wp-json\/wp\/v2\/media\/253215"}],"wp:attachment":[{"href":"https:\/\/mhr.com.pt\/fr\/wp-json\/wp\/v2\/media?parent=253214"}],"wp:term":[{"taxonomy":"product_brand","embeddable":true,"href":"https:\/\/mhr.com.pt\/fr\/wp-json\/wp\/v2\/product_brand?post=253214"},{"taxonomy":"product_cat","embeddable":true,"href":"https:\/\/mhr.com.pt\/fr\/wp-json\/wp\/v2\/product_cat?post=253214"},{"taxonomy":"product_tag","embeddable":true,"href":"https:\/\/mhr.com.pt\/fr\/wp-json\/wp\/v2\/product_tag?post=253214"}],"curies":[{"name":"wp","href":"https:\/\/api.w.org\/{rel}","templated":true}]}}