{"id":253217,"date":"2022-11-07T16:52:57","date_gmt":"2022-11-07T16:52:57","guid":{"rendered":"https:\/\/mhr.com.pt\/product\/lotus\/"},"modified":"2022-11-07T16:52:57","modified_gmt":"2022-11-07T16:52:57","slug":"lotus","status":"publish","type":"product","link":"https:\/\/mhr.com.pt\/fr\/product\/lotus\/","title":{"rendered":"Lotus."},"content":{"rendered":"<p>La table d\u2019appoint Lotus d\u00e9gage de l\u2019\u00e9l\u00e9gance avec ses fins cercles m\u00e9talliques soutenant un dessus en verre.<\/p>\n<p>Le design offre un profil \u00e9pur\u00e9 et \u00e9l\u00e9gant qui ajoute de la sophistication \u00e0 n\u2019importe quelle pi\u00e8ce sans l\u2019alourdir.<\/p>\n","protected":false},"excerpt":{"rendered":"<p>TABLE D\u2019APPOINT<\/p>\n","protected":false},"featured_media":253218,"template":"","meta":{"_et_pb_use_builder":"","_et_pb_old_content":"","_et_gb_content_width":""},"product_brand":[],"product_cat":[592],"product_tag":[],"class_list":{"0":"post-253217","1":"product","2":"type-product","3":"status-publish","4":"has-post-thumbnail","6":"product_cat-tables-basses-et-dappoint","8":"first","9":"instock","10":"shipping-taxable","11":"product-type-simple"},"_links":{"self":[{"href":"https:\/\/mhr.com.pt\/fr\/wp-json\/wp\/v2\/product\/253217","targetHints":{"allow":["GET"]}}],"collection":[{"href":"https:\/\/mhr.com.pt\/fr\/wp-json\/wp\/v2\/product"}],"about":[{"href":"https:\/\/mhr.com.pt\/fr\/wp-json\/wp\/v2\/types\/product"}],"wp:featuredmedia":[{"embeddable":true,"href":"https:\/\/mhr.com.pt\/fr\/wp-json\/wp\/v2\/media\/253218"}],"wp:attachment":[{"href":"https:\/\/mhr.com.pt\/fr\/wp-json\/wp\/v2\/media?parent=253217"}],"wp:term":[{"taxonomy":"product_brand","embeddable":true,"href":"https:\/\/mhr.com.pt\/fr\/wp-json\/wp\/v2\/product_brand?post=253217"},{"taxonomy":"product_cat","embeddable":true,"href":"https:\/\/mhr.com.pt\/fr\/wp-json\/wp\/v2\/product_cat?post=253217"},{"taxonomy":"product_tag","embeddable":true,"href":"https:\/\/mhr.com.pt\/fr\/wp-json\/wp\/v2\/product_tag?post=253217"}],"curies":[{"name":"wp","href":"https:\/\/api.w.org\/{rel}","templated":true}]}}