{"id":253220,"date":"2021-02-26T15:38:40","date_gmt":"2021-02-26T15:38:40","guid":{"rendered":"https:\/\/mhr.com.pt\/product\/naomi-3\/"},"modified":"2021-02-26T15:38:40","modified_gmt":"2021-02-26T15:38:40","slug":"naomi-3","status":"publish","type":"product","link":"https:\/\/mhr.com.pt\/fr\/product\/naomi-3\/","title":{"rendered":"Naomi."},"content":{"rendered":"<p>La table d\u2019appoint Naomi s\u00e9duit par sa forme irr\u00e9guli\u00e8re, sa simplicit\u00e9 et son \u00e9l\u00e9gance.<\/p>\n<p>Son design unique lui permet de s\u2019adapter facilement \u00e0 n\u2019importe quel environnement, en faisant un ajout polyvalent pour votre maison.<\/p>\n","protected":false},"excerpt":{"rendered":"<p>TABLE D\u2019APPOINT<\/p>\n","protected":false},"featured_media":253221,"template":"","meta":{"_et_pb_use_builder":"","_et_pb_old_content":"","_et_gb_content_width":""},"product_brand":[],"product_cat":[591,592],"product_tag":[],"class_list":{"0":"post-253220","1":"product","2":"type-product","3":"status-publish","4":"has-post-thumbnail","6":"product_cat-olivia-accessoires","7":"product_cat-tables-basses-et-dappoint","9":"first","10":"instock","11":"virtual","12":"product-type-simple"},"_links":{"self":[{"href":"https:\/\/mhr.com.pt\/fr\/wp-json\/wp\/v2\/product\/253220","targetHints":{"allow":["GET"]}}],"collection":[{"href":"https:\/\/mhr.com.pt\/fr\/wp-json\/wp\/v2\/product"}],"about":[{"href":"https:\/\/mhr.com.pt\/fr\/wp-json\/wp\/v2\/types\/product"}],"wp:featuredmedia":[{"embeddable":true,"href":"https:\/\/mhr.com.pt\/fr\/wp-json\/wp\/v2\/media\/253221"}],"wp:attachment":[{"href":"https:\/\/mhr.com.pt\/fr\/wp-json\/wp\/v2\/media?parent=253220"}],"wp:term":[{"taxonomy":"product_brand","embeddable":true,"href":"https:\/\/mhr.com.pt\/fr\/wp-json\/wp\/v2\/product_brand?post=253220"},{"taxonomy":"product_cat","embeddable":true,"href":"https:\/\/mhr.com.pt\/fr\/wp-json\/wp\/v2\/product_cat?post=253220"},{"taxonomy":"product_tag","embeddable":true,"href":"https:\/\/mhr.com.pt\/fr\/wp-json\/wp\/v2\/product_tag?post=253220"}],"curies":[{"name":"wp","href":"https:\/\/api.w.org\/{rel}","templated":true}]}}