{"id":253222,"date":"2021-02-26T15:39:16","date_gmt":"2021-02-26T15:39:16","guid":{"rendered":"https:\/\/mhr.com.pt\/product\/nube\/"},"modified":"2021-02-26T15:39:16","modified_gmt":"2021-02-26T15:39:16","slug":"nube","status":"publish","type":"product","link":"https:\/\/mhr.com.pt\/fr\/product\/nube\/","title":{"rendered":"Nube."},"content":{"rendered":"<p>La table d\u2019appoint Nube est une pi\u00e8ce \u00e9l\u00e9gante avec une structure en m\u00e9tal et un plateau en verre, cr\u00e9ant un effet visuel saisissant.<\/p>\n<p>La caract\u00e9ristique distinctive de cette table r\u00e9side dans ses pieds irr\u00e9guliers, qui ajoutent un \u00e9l\u00e9ment de surprise et de style \u00e0 son design.<\/p>\n","protected":false},"excerpt":{"rendered":"<p>TABLE D\u2019APPOINT<\/p>\n","protected":false},"featured_media":253223,"template":"","meta":{"_et_pb_use_builder":"","_et_pb_old_content":"","_et_gb_content_width":""},"product_brand":[],"product_cat":[592],"product_tag":[],"class_list":{"0":"post-253222","1":"product","2":"type-product","3":"status-publish","4":"has-post-thumbnail","6":"product_cat-tables-basses-et-dappoint","8":"first","9":"instock","10":"virtual","11":"product-type-simple"},"_links":{"self":[{"href":"https:\/\/mhr.com.pt\/fr\/wp-json\/wp\/v2\/product\/253222","targetHints":{"allow":["GET"]}}],"collection":[{"href":"https:\/\/mhr.com.pt\/fr\/wp-json\/wp\/v2\/product"}],"about":[{"href":"https:\/\/mhr.com.pt\/fr\/wp-json\/wp\/v2\/types\/product"}],"wp:featuredmedia":[{"embeddable":true,"href":"https:\/\/mhr.com.pt\/fr\/wp-json\/wp\/v2\/media\/253223"}],"wp:attachment":[{"href":"https:\/\/mhr.com.pt\/fr\/wp-json\/wp\/v2\/media?parent=253222"}],"wp:term":[{"taxonomy":"product_brand","embeddable":true,"href":"https:\/\/mhr.com.pt\/fr\/wp-json\/wp\/v2\/product_brand?post=253222"},{"taxonomy":"product_cat","embeddable":true,"href":"https:\/\/mhr.com.pt\/fr\/wp-json\/wp\/v2\/product_cat?post=253222"},{"taxonomy":"product_tag","embeddable":true,"href":"https:\/\/mhr.com.pt\/fr\/wp-json\/wp\/v2\/product_tag?post=253222"}],"curies":[{"name":"wp","href":"https:\/\/api.w.org\/{rel}","templated":true}]}}