{"id":253229,"date":"2025-03-20T10:59:48","date_gmt":"2025-03-20T10:59:48","guid":{"rendered":"https:\/\/mhr.com.pt\/product\/ully\/"},"modified":"2025-03-20T10:59:48","modified_gmt":"2025-03-20T10:59:48","slug":"ully","status":"publish","type":"product","link":"https:\/\/mhr.com.pt\/fr\/product\/ully\/","title":{"rendered":"Ully."},"content":{"rendered":"<p>La table d\u2019appoint Ully, fabriqu\u00e9e en acrylique, est subtile et d\u00e9licate, avec la capacit\u00e9 unique de passer inaper\u00e7ue ou d\u2019attirer l\u2019attention.<\/p>\n<p>Son design transparent offre une grande polyvalence, s\u2019int\u00e9grant facilement dans diff\u00e9rents styles de d\u00e9coration et espaces.<\/p>\n","protected":false},"excerpt":{"rendered":"<p>TABLE D\u2019APPOINT<\/p>\n","protected":false},"featured_media":253230,"template":"","meta":{"_et_pb_use_builder":"","_et_pb_old_content":"","_et_gb_content_width":""},"product_brand":[],"product_cat":[592],"product_tag":[],"class_list":{"0":"post-253229","1":"product","2":"type-product","3":"status-publish","4":"has-post-thumbnail","6":"product_cat-tables-basses-et-dappoint","8":"first","9":"instock","10":"shipping-taxable","11":"product-type-simple"},"_links":{"self":[{"href":"https:\/\/mhr.com.pt\/fr\/wp-json\/wp\/v2\/product\/253229","targetHints":{"allow":["GET"]}}],"collection":[{"href":"https:\/\/mhr.com.pt\/fr\/wp-json\/wp\/v2\/product"}],"about":[{"href":"https:\/\/mhr.com.pt\/fr\/wp-json\/wp\/v2\/types\/product"}],"wp:featuredmedia":[{"embeddable":true,"href":"https:\/\/mhr.com.pt\/fr\/wp-json\/wp\/v2\/media\/253230"}],"wp:attachment":[{"href":"https:\/\/mhr.com.pt\/fr\/wp-json\/wp\/v2\/media?parent=253229"}],"wp:term":[{"taxonomy":"product_brand","embeddable":true,"href":"https:\/\/mhr.com.pt\/fr\/wp-json\/wp\/v2\/product_brand?post=253229"},{"taxonomy":"product_cat","embeddable":true,"href":"https:\/\/mhr.com.pt\/fr\/wp-json\/wp\/v2\/product_cat?post=253229"},{"taxonomy":"product_tag","embeddable":true,"href":"https:\/\/mhr.com.pt\/fr\/wp-json\/wp\/v2\/product_tag?post=253229"}],"curies":[{"name":"wp","href":"https:\/\/api.w.org\/{rel}","templated":true}]}}