{"id":253231,"date":"2022-11-07T16:57:35","date_gmt":"2022-11-07T16:57:35","guid":{"rendered":"https:\/\/mhr.com.pt\/product\/top\/"},"modified":"2022-11-07T16:57:35","modified_gmt":"2022-11-07T16:57:35","slug":"top","status":"publish","type":"product","link":"https:\/\/mhr.com.pt\/fr\/product\/top\/","title":{"rendered":"Top."},"content":{"rendered":"<p>Comme son nom l\u2019indique, la table d\u2019appoint Top est con\u00e7ue pour se superposer \u00e0 d\u2019autres pi\u00e8ces, comme des poufs, sans perdre son utilit\u00e9.<\/p>\n<p>Disponible en deux tailles, sa structure m\u00e9tallique fine et son plateau en verre \u00e9l\u00e9gant permettent de mettre en valeur l\u2019\u00e9l\u00e9ment en dessous sans cr\u00e9er de contraste visuel.<\/p>\n","protected":false},"excerpt":{"rendered":"<p>TABLES D\u2019APPOINT<\/p>\n","protected":false},"featured_media":253232,"template":"","meta":{"_et_pb_use_builder":"","_et_pb_old_content":"","_et_gb_content_width":""},"product_brand":[],"product_cat":[591,592],"product_tag":[],"class_list":{"0":"post-253231","1":"product","2":"type-product","3":"status-publish","4":"has-post-thumbnail","6":"product_cat-olivia-accessoires","7":"product_cat-tables-basses-et-dappoint","9":"first","10":"instock","11":"shipping-taxable","12":"product-type-simple"},"_links":{"self":[{"href":"https:\/\/mhr.com.pt\/fr\/wp-json\/wp\/v2\/product\/253231","targetHints":{"allow":["GET"]}}],"collection":[{"href":"https:\/\/mhr.com.pt\/fr\/wp-json\/wp\/v2\/product"}],"about":[{"href":"https:\/\/mhr.com.pt\/fr\/wp-json\/wp\/v2\/types\/product"}],"wp:featuredmedia":[{"embeddable":true,"href":"https:\/\/mhr.com.pt\/fr\/wp-json\/wp\/v2\/media\/253232"}],"wp:attachment":[{"href":"https:\/\/mhr.com.pt\/fr\/wp-json\/wp\/v2\/media?parent=253231"}],"wp:term":[{"taxonomy":"product_brand","embeddable":true,"href":"https:\/\/mhr.com.pt\/fr\/wp-json\/wp\/v2\/product_brand?post=253231"},{"taxonomy":"product_cat","embeddable":true,"href":"https:\/\/mhr.com.pt\/fr\/wp-json\/wp\/v2\/product_cat?post=253231"},{"taxonomy":"product_tag","embeddable":true,"href":"https:\/\/mhr.com.pt\/fr\/wp-json\/wp\/v2\/product_tag?post=253231"}],"curies":[{"name":"wp","href":"https:\/\/api.w.org\/{rel}","templated":true}]}}