{"id":253234,"date":"2022-11-07T17:02:11","date_gmt":"2022-11-07T17:02:11","guid":{"rendered":"https:\/\/mhr.com.pt\/product\/up\/"},"modified":"2022-11-07T17:02:11","modified_gmt":"2022-11-07T17:02:11","slug":"up","status":"publish","type":"product","link":"https:\/\/mhr.com.pt\/fr\/product\/up\/","title":{"rendered":"Up."},"content":{"rendered":"<p>Les tables basses UP et Down forment un ensemble sophistiqu\u00e9 qui, avec des tailles vari\u00e9es, cr\u00e9e une disposition harmonieuse.<\/p>\n<p>Ces tables fonctionnent parfaitement aussi bien individuellement qu\u2019en groupe, ajoutant \u00e9l\u00e9gance et \u00e9quilibre \u00e0 n\u2019importe quel salon.<\/p>\n","protected":false},"excerpt":{"rendered":"<p>TABLES D\u2019APPOINT<\/p>\n","protected":false},"featured_media":253235,"template":"","meta":{"_et_pb_use_builder":"","_et_pb_old_content":"","_et_gb_content_width":""},"product_brand":[],"product_cat":[592],"product_tag":[],"class_list":{"0":"post-253234","1":"product","2":"type-product","3":"status-publish","4":"has-post-thumbnail","6":"product_cat-tables-basses-et-dappoint","8":"first","9":"instock","10":"shipping-taxable","11":"product-type-simple"},"_links":{"self":[{"href":"https:\/\/mhr.com.pt\/fr\/wp-json\/wp\/v2\/product\/253234","targetHints":{"allow":["GET"]}}],"collection":[{"href":"https:\/\/mhr.com.pt\/fr\/wp-json\/wp\/v2\/product"}],"about":[{"href":"https:\/\/mhr.com.pt\/fr\/wp-json\/wp\/v2\/types\/product"}],"wp:featuredmedia":[{"embeddable":true,"href":"https:\/\/mhr.com.pt\/fr\/wp-json\/wp\/v2\/media\/253235"}],"wp:attachment":[{"href":"https:\/\/mhr.com.pt\/fr\/wp-json\/wp\/v2\/media?parent=253234"}],"wp:term":[{"taxonomy":"product_brand","embeddable":true,"href":"https:\/\/mhr.com.pt\/fr\/wp-json\/wp\/v2\/product_brand?post=253234"},{"taxonomy":"product_cat","embeddable":true,"href":"https:\/\/mhr.com.pt\/fr\/wp-json\/wp\/v2\/product_cat?post=253234"},{"taxonomy":"product_tag","embeddable":true,"href":"https:\/\/mhr.com.pt\/fr\/wp-json\/wp\/v2\/product_tag?post=253234"}],"curies":[{"name":"wp","href":"https:\/\/api.w.org\/{rel}","templated":true}]}}