{"id":253237,"date":"2022-11-07T16:41:34","date_gmt":"2022-11-07T16:41:34","guid":{"rendered":"https:\/\/mhr.com.pt\/product\/down\/"},"modified":"2022-11-07T16:41:34","modified_gmt":"2022-11-07T16:41:34","slug":"down","status":"publish","type":"product","link":"https:\/\/mhr.com.pt\/fr\/product\/down\/","title":{"rendered":"Down."},"content":{"rendered":"<p>Les tables basses UP et Down forment un ensemble sophistiqu\u00e9 qui, avec des tailles vari\u00e9es, cr\u00e9e une disposition harmonieuse.<\/p>\n<p>Ces tables fonctionnent parfaitement aussi bien individuellement qu\u2019en groupe, ajoutant \u00e9l\u00e9gance et \u00e9quilibre \u00e0 n\u2019importe quel salon.<\/p>\n","protected":false},"excerpt":{"rendered":"<p>TABLES D\u2019APPOINT<\/p>\n","protected":false},"featured_media":253238,"template":"","meta":{"_et_pb_use_builder":"","_et_pb_old_content":"","_et_gb_content_width":""},"product_brand":[],"product_cat":[592],"product_tag":[],"class_list":{"0":"post-253237","1":"product","2":"type-product","3":"status-publish","4":"has-post-thumbnail","6":"product_cat-tables-basses-et-dappoint","8":"first","9":"instock","10":"shipping-taxable","11":"product-type-simple"},"_links":{"self":[{"href":"https:\/\/mhr.com.pt\/fr\/wp-json\/wp\/v2\/product\/253237","targetHints":{"allow":["GET"]}}],"collection":[{"href":"https:\/\/mhr.com.pt\/fr\/wp-json\/wp\/v2\/product"}],"about":[{"href":"https:\/\/mhr.com.pt\/fr\/wp-json\/wp\/v2\/types\/product"}],"wp:featuredmedia":[{"embeddable":true,"href":"https:\/\/mhr.com.pt\/fr\/wp-json\/wp\/v2\/media\/253238"}],"wp:attachment":[{"href":"https:\/\/mhr.com.pt\/fr\/wp-json\/wp\/v2\/media?parent=253237"}],"wp:term":[{"taxonomy":"product_brand","embeddable":true,"href":"https:\/\/mhr.com.pt\/fr\/wp-json\/wp\/v2\/product_brand?post=253237"},{"taxonomy":"product_cat","embeddable":true,"href":"https:\/\/mhr.com.pt\/fr\/wp-json\/wp\/v2\/product_cat?post=253237"},{"taxonomy":"product_tag","embeddable":true,"href":"https:\/\/mhr.com.pt\/fr\/wp-json\/wp\/v2\/product_tag?post=253237"}],"curies":[{"name":"wp","href":"https:\/\/api.w.org\/{rel}","templated":true}]}}