{"id":253240,"date":"2025-03-19T17:55:02","date_gmt":"2025-03-19T17:55:02","guid":{"rendered":"https:\/\/mhr.com.pt\/product\/angie\/"},"modified":"2025-03-19T17:55:02","modified_gmt":"2025-03-19T17:55:02","slug":"angie","status":"publish","type":"product","link":"https:\/\/mhr.com.pt\/fr\/product\/angie\/","title":{"rendered":"Angie."},"content":{"rendered":"<p>La table basse Angie, avec ses pieds en acrylique qui cr\u00e9ent un effet de suspension, offre diff\u00e9rentes options de largeur et de hauteur pour s\u2019adapter \u00e0 une grande vari\u00e9t\u00e9 d\u2019espaces. Cette pi\u00e8ce peut servir de point central parfait pour un espace de d\u00e9tente ou comme table d\u2019appoint \u00e0 c\u00f4t\u00e9 d\u2019un canap\u00e9 ou d\u2019un fauteuil.<\/p>\n<p>Le design de la table permet des combinaisons polyvalentes, m\u00e9langeant diff\u00e9rents mat\u00e9riaux de mani\u00e8re harmonieuse. Le rev\u00eatement offre un confort in\u00e9gal\u00e9, tandis que le plateau en bois int\u00e9gr\u00e9 ajoute une fonctionnalit\u00e9 pratique.<\/p>\n","protected":false},"excerpt":{"rendered":"<p>TABLES BASSES<\/p>\n","protected":false},"featured_media":253206,"template":"","meta":{"_et_pb_use_builder":"","_et_pb_old_content":"","_et_gb_content_width":""},"product_brand":[],"product_cat":[592],"product_tag":[],"class_list":{"0":"post-253240","1":"product","2":"type-product","3":"status-publish","4":"has-post-thumbnail","6":"product_cat-tables-basses-et-dappoint","8":"first","9":"instock","10":"shipping-taxable","11":"product-type-simple"},"_links":{"self":[{"href":"https:\/\/mhr.com.pt\/fr\/wp-json\/wp\/v2\/product\/253240","targetHints":{"allow":["GET"]}}],"collection":[{"href":"https:\/\/mhr.com.pt\/fr\/wp-json\/wp\/v2\/product"}],"about":[{"href":"https:\/\/mhr.com.pt\/fr\/wp-json\/wp\/v2\/types\/product"}],"wp:featuredmedia":[{"embeddable":true,"href":"https:\/\/mhr.com.pt\/fr\/wp-json\/wp\/v2\/media\/253206"}],"wp:attachment":[{"href":"https:\/\/mhr.com.pt\/fr\/wp-json\/wp\/v2\/media?parent=253240"}],"wp:term":[{"taxonomy":"product_brand","embeddable":true,"href":"https:\/\/mhr.com.pt\/fr\/wp-json\/wp\/v2\/product_brand?post=253240"},{"taxonomy":"product_cat","embeddable":true,"href":"https:\/\/mhr.com.pt\/fr\/wp-json\/wp\/v2\/product_cat?post=253240"},{"taxonomy":"product_tag","embeddable":true,"href":"https:\/\/mhr.com.pt\/fr\/wp-json\/wp\/v2\/product_tag?post=253240"}],"curies":[{"name":"wp","href":"https:\/\/api.w.org\/{rel}","templated":true}]}}