{"id":253243,"date":"2025-03-19T17:52:03","date_gmt":"2025-03-19T17:52:03","guid":{"rendered":"https:\/\/mhr.com.pt\/product\/adams-7\/"},"modified":"2025-03-19T17:52:03","modified_gmt":"2025-03-19T17:52:03","slug":"adams-7","status":"publish","type":"product","link":"https:\/\/mhr.com.pt\/fr\/product\/adams-7\/","title":{"rendered":"Adams."},"content":{"rendered":"<p>La table basse Adams est une pi\u00e8ce ronde avec une structure solide et robuste. \u00c0 premi\u00e8re vue, son design minimaliste cache un plateau r\u00e9sistant.<\/p>\n<p>La base de la table est compos\u00e9e de deux moiti\u00e9s : l\u2019une en acrylique, cr\u00e9ant un effet visuel de d\u00e9s\u00e9quilibre, tandis que l\u2019autre est une demi-lune robuste et cannel\u00e9e qui semble visuellement \u00eatre le seul support de la table. Ce design ing\u00e9nieux conf\u00e8re \u00e0 Adams une pr\u00e9sence unique et frappante dans n\u2019importe quel salon.<\/p>\n","protected":false},"excerpt":{"rendered":"<p>TABLE BASSE<\/p>\n","protected":false},"featured_media":253205,"template":"","meta":{"_et_pb_use_builder":"","_et_pb_old_content":"","_et_gb_content_width":""},"product_brand":[],"product_cat":[592],"product_tag":[],"class_list":{"0":"post-253243","1":"product","2":"type-product","3":"status-publish","4":"has-post-thumbnail","6":"product_cat-tables-basses-et-dappoint","8":"first","9":"instock","10":"shipping-taxable","11":"product-type-simple"},"_links":{"self":[{"href":"https:\/\/mhr.com.pt\/fr\/wp-json\/wp\/v2\/product\/253243","targetHints":{"allow":["GET"]}}],"collection":[{"href":"https:\/\/mhr.com.pt\/fr\/wp-json\/wp\/v2\/product"}],"about":[{"href":"https:\/\/mhr.com.pt\/fr\/wp-json\/wp\/v2\/types\/product"}],"wp:featuredmedia":[{"embeddable":true,"href":"https:\/\/mhr.com.pt\/fr\/wp-json\/wp\/v2\/media\/253205"}],"wp:attachment":[{"href":"https:\/\/mhr.com.pt\/fr\/wp-json\/wp\/v2\/media?parent=253243"}],"wp:term":[{"taxonomy":"product_brand","embeddable":true,"href":"https:\/\/mhr.com.pt\/fr\/wp-json\/wp\/v2\/product_brand?post=253243"},{"taxonomy":"product_cat","embeddable":true,"href":"https:\/\/mhr.com.pt\/fr\/wp-json\/wp\/v2\/product_cat?post=253243"},{"taxonomy":"product_tag","embeddable":true,"href":"https:\/\/mhr.com.pt\/fr\/wp-json\/wp\/v2\/product_tag?post=253243"}],"curies":[{"name":"wp","href":"https:\/\/api.w.org\/{rel}","templated":true}]}}