{"id":253248,"date":"2022-11-07T17:07:34","date_gmt":"2022-11-07T17:07:34","guid":{"rendered":"https:\/\/mhr.com.pt\/product\/chloe\/"},"modified":"2022-11-07T17:07:34","modified_gmt":"2022-11-07T17:07:34","slug":"chloe","status":"publish","type":"product","link":"https:\/\/mhr.com.pt\/fr\/product\/chloe\/","title":{"rendered":"Chlo\u00e9."},"content":{"rendered":"<p>Les tables basses Chlo\u00e9 et Kate forment un ensemble \u00e9l\u00e9gant qui, gr\u00e2ce \u00e0 leurs diff\u00e9rentes tailles, cr\u00e9e une composition harmonieuse.<\/p>\n<p>Ces tables fonctionnent parfaitement, individuellement ou ensemble, apportant un m\u00e9lange raffin\u00e9 de mat\u00e9riaux \u00e0 n\u2019importe quel espace, se traduisant par un design moderne adapt\u00e9 \u00e0 divers styles d\u2019int\u00e9rieur.<\/p>\n","protected":false},"excerpt":{"rendered":"<p>TABLES BASSES<\/p>\n","protected":false},"featured_media":253249,"template":"","meta":{"_et_pb_use_builder":"","_et_pb_old_content":"","_et_gb_content_width":""},"product_brand":[],"product_cat":[592],"product_tag":[],"class_list":{"0":"post-253248","1":"product","2":"type-product","3":"status-publish","4":"has-post-thumbnail","6":"product_cat-tables-basses-et-dappoint","8":"first","9":"instock","10":"shipping-taxable","11":"product-type-simple"},"_links":{"self":[{"href":"https:\/\/mhr.com.pt\/fr\/wp-json\/wp\/v2\/product\/253248","targetHints":{"allow":["GET"]}}],"collection":[{"href":"https:\/\/mhr.com.pt\/fr\/wp-json\/wp\/v2\/product"}],"about":[{"href":"https:\/\/mhr.com.pt\/fr\/wp-json\/wp\/v2\/types\/product"}],"wp:featuredmedia":[{"embeddable":true,"href":"https:\/\/mhr.com.pt\/fr\/wp-json\/wp\/v2\/media\/253249"}],"wp:attachment":[{"href":"https:\/\/mhr.com.pt\/fr\/wp-json\/wp\/v2\/media?parent=253248"}],"wp:term":[{"taxonomy":"product_brand","embeddable":true,"href":"https:\/\/mhr.com.pt\/fr\/wp-json\/wp\/v2\/product_brand?post=253248"},{"taxonomy":"product_cat","embeddable":true,"href":"https:\/\/mhr.com.pt\/fr\/wp-json\/wp\/v2\/product_cat?post=253248"},{"taxonomy":"product_tag","embeddable":true,"href":"https:\/\/mhr.com.pt\/fr\/wp-json\/wp\/v2\/product_tag?post=253248"}],"curies":[{"name":"wp","href":"https:\/\/api.w.org\/{rel}","templated":true}]}}