{"id":253251,"date":"2022-11-07T17:38:12","date_gmt":"2022-11-07T17:38:12","guid":{"rendered":"https:\/\/mhr.com.pt\/product\/kim-2\/"},"modified":"2022-11-07T17:38:12","modified_gmt":"2022-11-07T17:38:12","slug":"kim-2","status":"publish","type":"product","link":"https:\/\/mhr.com.pt\/fr\/product\/kim-2\/","title":{"rendered":"Kim."},"content":{"rendered":"<p>La table basse Kim est con\u00e7ue pour accueillir des poufs en dessous, augmentant ainsi la polyvalence de l\u2019espace o\u00f9 elle est plac\u00e9e.<\/p>\n<p>Pr\u00e9sentant des lignes droites simples, elle combine une structure en m\u00e9tal avec un plateau en bois, cr\u00e9ant un design minimaliste mais fonctionnel, id\u00e9al pour des espaces de vie dynamiques.<\/p>\n","protected":false},"excerpt":{"rendered":"<p>TABLES BASSES<\/p>\n","protected":false},"featured_media":253252,"template":"","meta":{"_et_pb_use_builder":"","_et_pb_old_content":"","_et_gb_content_width":""},"product_brand":[],"product_cat":[592],"product_tag":[],"class_list":{"0":"post-253251","1":"product","2":"type-product","3":"status-publish","4":"has-post-thumbnail","6":"product_cat-tables-basses-et-dappoint","8":"first","9":"instock","10":"shipping-taxable","11":"product-type-simple"},"_links":{"self":[{"href":"https:\/\/mhr.com.pt\/fr\/wp-json\/wp\/v2\/product\/253251","targetHints":{"allow":["GET"]}}],"collection":[{"href":"https:\/\/mhr.com.pt\/fr\/wp-json\/wp\/v2\/product"}],"about":[{"href":"https:\/\/mhr.com.pt\/fr\/wp-json\/wp\/v2\/types\/product"}],"wp:featuredmedia":[{"embeddable":true,"href":"https:\/\/mhr.com.pt\/fr\/wp-json\/wp\/v2\/media\/253252"}],"wp:attachment":[{"href":"https:\/\/mhr.com.pt\/fr\/wp-json\/wp\/v2\/media?parent=253251"}],"wp:term":[{"taxonomy":"product_brand","embeddable":true,"href":"https:\/\/mhr.com.pt\/fr\/wp-json\/wp\/v2\/product_brand?post=253251"},{"taxonomy":"product_cat","embeddable":true,"href":"https:\/\/mhr.com.pt\/fr\/wp-json\/wp\/v2\/product_cat?post=253251"},{"taxonomy":"product_tag","embeddable":true,"href":"https:\/\/mhr.com.pt\/fr\/wp-json\/wp\/v2\/product_tag?post=253251"}],"curies":[{"name":"wp","href":"https:\/\/api.w.org\/{rel}","templated":true}]}}