{"id":253256,"date":"2022-11-07T17:16:40","date_gmt":"2022-11-07T17:16:40","guid":{"rendered":"https:\/\/mhr.com.pt\/product\/ledger\/"},"modified":"2022-11-07T17:16:40","modified_gmt":"2022-11-07T17:16:40","slug":"ledger","status":"publish","type":"product","link":"https:\/\/mhr.com.pt\/fr\/product\/ledger\/","title":{"rendered":"Ledger."},"content":{"rendered":"<p>Les tables basses Ledger se d\u00e9clinent en trois formes\u2014ronde, rectangulaire ou carr\u00e9e\u2014s\u2019adaptant au mieux \u00e0 votre espace de vie.<\/p>\n<p>Chaque table pr\u00e9sente un design solide avec un plateau miroir et une structure en m\u00e9tal, offrant une touche moderne tout en conservant praticit\u00e9 et esth\u00e9tisme.<\/p>\n","protected":false},"excerpt":{"rendered":"<p>TABLES BASSES<\/p>\n","protected":false},"featured_media":253257,"template":"","meta":{"_et_pb_use_builder":"","_et_pb_old_content":"","_et_gb_content_width":""},"product_brand":[],"product_cat":[592],"product_tag":[],"class_list":{"0":"post-253256","1":"product","2":"type-product","3":"status-publish","4":"has-post-thumbnail","6":"product_cat-tables-basses-et-dappoint","8":"first","9":"instock","10":"shipping-taxable","11":"product-type-simple"},"_links":{"self":[{"href":"https:\/\/mhr.com.pt\/fr\/wp-json\/wp\/v2\/product\/253256","targetHints":{"allow":["GET"]}}],"collection":[{"href":"https:\/\/mhr.com.pt\/fr\/wp-json\/wp\/v2\/product"}],"about":[{"href":"https:\/\/mhr.com.pt\/fr\/wp-json\/wp\/v2\/types\/product"}],"wp:featuredmedia":[{"embeddable":true,"href":"https:\/\/mhr.com.pt\/fr\/wp-json\/wp\/v2\/media\/253257"}],"wp:attachment":[{"href":"https:\/\/mhr.com.pt\/fr\/wp-json\/wp\/v2\/media?parent=253256"}],"wp:term":[{"taxonomy":"product_brand","embeddable":true,"href":"https:\/\/mhr.com.pt\/fr\/wp-json\/wp\/v2\/product_brand?post=253256"},{"taxonomy":"product_cat","embeddable":true,"href":"https:\/\/mhr.com.pt\/fr\/wp-json\/wp\/v2\/product_cat?post=253256"},{"taxonomy":"product_tag","embeddable":true,"href":"https:\/\/mhr.com.pt\/fr\/wp-json\/wp\/v2\/product_tag?post=253256"}],"curies":[{"name":"wp","href":"https:\/\/api.w.org\/{rel}","templated":true}]}}