{"id":253263,"date":"2022-11-07T17:20:04","date_gmt":"2022-11-07T17:20:04","guid":{"rendered":"https:\/\/mhr.com.pt\/product\/mia\/"},"modified":"2022-11-07T17:20:04","modified_gmt":"2022-11-07T17:20:04","slug":"mia","status":"publish","type":"product","link":"https:\/\/mhr.com.pt\/fr\/product\/mia\/","title":{"rendered":"Mia."},"content":{"rendered":"<p>La table basse Mia combine tissu et bois pour apporter confort et style \u00e0 tout espace de vie.<\/p>\n<p>Avec un corps rembourr\u00e9 et un plateau en bois int\u00e9gr\u00e9, Mia fusionne confort et design, offrant de nombreuses options de finitions pour s\u2019adapter \u00e0 diff\u00e9rents go\u00fbts et int\u00e9rieurs.<\/p>\n","protected":false},"excerpt":{"rendered":"<p>TABLE BASSE<\/p>\n","protected":false},"featured_media":253266,"template":"","meta":{"_et_pb_use_builder":"","_et_pb_old_content":"","_et_gb_content_width":""},"product_brand":[],"product_cat":[592],"product_tag":[],"class_list":{"0":"post-253263","1":"product","2":"type-product","3":"status-publish","4":"has-post-thumbnail","6":"product_cat-tables-basses-et-dappoint","8":"first","9":"instock","10":"shipping-taxable","11":"product-type-simple"},"_links":{"self":[{"href":"https:\/\/mhr.com.pt\/fr\/wp-json\/wp\/v2\/product\/253263","targetHints":{"allow":["GET"]}}],"collection":[{"href":"https:\/\/mhr.com.pt\/fr\/wp-json\/wp\/v2\/product"}],"about":[{"href":"https:\/\/mhr.com.pt\/fr\/wp-json\/wp\/v2\/types\/product"}],"wp:featuredmedia":[{"embeddable":true,"href":"https:\/\/mhr.com.pt\/fr\/wp-json\/wp\/v2\/media\/253266"}],"wp:attachment":[{"href":"https:\/\/mhr.com.pt\/fr\/wp-json\/wp\/v2\/media?parent=253263"}],"wp:term":[{"taxonomy":"product_brand","embeddable":true,"href":"https:\/\/mhr.com.pt\/fr\/wp-json\/wp\/v2\/product_brand?post=253263"},{"taxonomy":"product_cat","embeddable":true,"href":"https:\/\/mhr.com.pt\/fr\/wp-json\/wp\/v2\/product_cat?post=253263"},{"taxonomy":"product_tag","embeddable":true,"href":"https:\/\/mhr.com.pt\/fr\/wp-json\/wp\/v2\/product_tag?post=253263"}],"curies":[{"name":"wp","href":"https:\/\/api.w.org\/{rel}","templated":true}]}}