{"id":253268,"date":"2022-11-07T17:22:26","date_gmt":"2022-11-07T17:22:26","guid":{"rendered":"https:\/\/mhr.com.pt\/product\/nemea\/"},"modified":"2022-11-07T17:22:26","modified_gmt":"2022-11-07T17:22:26","slug":"nemea","status":"publish","type":"product","link":"https:\/\/mhr.com.pt\/fr\/product\/nemea\/","title":{"rendered":"Nemea."},"content":{"rendered":"<p>La table basse Nemea pr\u00e9sente un design carr\u00e9 qui inclut un espace de rangement, combinant un plateau en bois avec un plateau m\u00e9tallique int\u00e9gr\u00e9.<\/p>\n<p>Ses longues jambes \u00e9l\u00e9gantes contrastent avec la structure solide, offrant une addition fonctionnelle mais \u00e9l\u00e9gante \u00e0 votre espace de vie.<\/p>\n","protected":false},"excerpt":{"rendered":"<p>TABLES BASSES<\/p>\n","protected":false},"featured_media":253269,"template":"","meta":{"_et_pb_use_builder":"","_et_pb_old_content":"","_et_gb_content_width":""},"product_brand":[],"product_cat":[592],"product_tag":[],"class_list":{"0":"post-253268","1":"product","2":"type-product","3":"status-publish","4":"has-post-thumbnail","6":"product_cat-tables-basses-et-dappoint","8":"first","9":"instock","10":"shipping-taxable","11":"product-type-simple"},"_links":{"self":[{"href":"https:\/\/mhr.com.pt\/fr\/wp-json\/wp\/v2\/product\/253268","targetHints":{"allow":["GET"]}}],"collection":[{"href":"https:\/\/mhr.com.pt\/fr\/wp-json\/wp\/v2\/product"}],"about":[{"href":"https:\/\/mhr.com.pt\/fr\/wp-json\/wp\/v2\/types\/product"}],"wp:featuredmedia":[{"embeddable":true,"href":"https:\/\/mhr.com.pt\/fr\/wp-json\/wp\/v2\/media\/253269"}],"wp:attachment":[{"href":"https:\/\/mhr.com.pt\/fr\/wp-json\/wp\/v2\/media?parent=253268"}],"wp:term":[{"taxonomy":"product_brand","embeddable":true,"href":"https:\/\/mhr.com.pt\/fr\/wp-json\/wp\/v2\/product_brand?post=253268"},{"taxonomy":"product_cat","embeddable":true,"href":"https:\/\/mhr.com.pt\/fr\/wp-json\/wp\/v2\/product_cat?post=253268"},{"taxonomy":"product_tag","embeddable":true,"href":"https:\/\/mhr.com.pt\/fr\/wp-json\/wp\/v2\/product_tag?post=253268"}],"curies":[{"name":"wp","href":"https:\/\/api.w.org\/{rel}","templated":true}]}}