{"id":253278,"date":"2022-11-07T17:04:51","date_gmt":"2022-11-07T17:04:51","guid":{"rendered":"https:\/\/mhr.com.pt\/product\/campbell\/"},"modified":"2022-11-07T17:04:51","modified_gmt":"2022-11-07T17:04:51","slug":"campbell","status":"publish","type":"product","link":"https:\/\/mhr.com.pt\/fr\/product\/campbell\/","title":{"rendered":"Campbell."},"content":{"rendered":"<p>La table basse Campbell allie simplicit\u00e9 et \u00e9l\u00e9gance, se distinguant par son imposante taille.<\/p>\n<p>Cette pi\u00e8ce constitue une d\u00e9claration audacieuse dans n\u2019importe quel espace de vie, s\u2019int\u00e9grant facilement aux int\u00e9rieurs modernes comme classiques tout en offrant une pr\u00e9sence solide qui ancre la pi\u00e8ce.<\/p>\n","protected":false},"excerpt":{"rendered":"<p>TABLE BASSE<\/p>\n","protected":false},"featured_media":253280,"template":"","meta":{"_et_pb_use_builder":"","_et_pb_old_content":"","_et_gb_content_width":""},"product_brand":[],"product_cat":[592],"product_tag":[],"class_list":{"0":"post-253278","1":"product","2":"type-product","3":"status-publish","4":"has-post-thumbnail","6":"product_cat-tables-basses-et-dappoint","8":"first","9":"instock","10":"shipping-taxable","11":"product-type-simple"},"_links":{"self":[{"href":"https:\/\/mhr.com.pt\/fr\/wp-json\/wp\/v2\/product\/253278","targetHints":{"allow":["GET"]}}],"collection":[{"href":"https:\/\/mhr.com.pt\/fr\/wp-json\/wp\/v2\/product"}],"about":[{"href":"https:\/\/mhr.com.pt\/fr\/wp-json\/wp\/v2\/types\/product"}],"wp:featuredmedia":[{"embeddable":true,"href":"https:\/\/mhr.com.pt\/fr\/wp-json\/wp\/v2\/media\/253280"}],"wp:attachment":[{"href":"https:\/\/mhr.com.pt\/fr\/wp-json\/wp\/v2\/media?parent=253278"}],"wp:term":[{"taxonomy":"product_brand","embeddable":true,"href":"https:\/\/mhr.com.pt\/fr\/wp-json\/wp\/v2\/product_brand?post=253278"},{"taxonomy":"product_cat","embeddable":true,"href":"https:\/\/mhr.com.pt\/fr\/wp-json\/wp\/v2\/product_cat?post=253278"},{"taxonomy":"product_tag","embeddable":true,"href":"https:\/\/mhr.com.pt\/fr\/wp-json\/wp\/v2\/product_tag?post=253278"}],"curies":[{"name":"wp","href":"https:\/\/api.w.org\/{rel}","templated":true}]}}