{"id":253294,"date":"2022-11-15T14:22:12","date_gmt":"2022-11-15T14:22:12","guid":{"rendered":"https:\/\/mhr.com.pt\/product\/benson\/"},"modified":"2022-11-15T14:22:12","modified_gmt":"2022-11-15T14:22:12","slug":"benson","status":"publish","type":"product","link":"https:\/\/mhr.com.pt\/fr\/product\/benson\/","title":{"rendered":"Benson."},"content":{"rendered":"<p>La lampe Benson est une pi\u00e8ce moderne et minimaliste, disponible en version lampe de table et lampe sur pied, con\u00e7ue pour sublimer votre espace sans le surcharger.<\/p>\n<p>Ses lignes simples et \u00e9l\u00e9gantes mettent en valeur le point lumineux, offrant un \u00e9clairage cibl\u00e9 pouvant \u00eatre ajust\u00e9 selon vos besoins. Id\u00e9ale pour un int\u00e9rieur \u00e9pur\u00e9 et contemporain.<\/p>\n","protected":false},"excerpt":{"rendered":"<p>LAMPES DE TABLE &amp; SUR PIED<\/p>\n","protected":false},"featured_media":253295,"template":"","meta":{"_et_pb_use_builder":"","_et_pb_old_content":"","_et_gb_content_width":""},"product_brand":[],"product_cat":[594],"product_tag":[],"class_list":{"0":"post-253294","1":"product","2":"type-product","3":"status-publish","4":"has-post-thumbnail","6":"product_cat-eclairage","8":"first","9":"instock","10":"shipping-taxable","11":"product-type-simple"},"_links":{"self":[{"href":"https:\/\/mhr.com.pt\/fr\/wp-json\/wp\/v2\/product\/253294","targetHints":{"allow":["GET"]}}],"collection":[{"href":"https:\/\/mhr.com.pt\/fr\/wp-json\/wp\/v2\/product"}],"about":[{"href":"https:\/\/mhr.com.pt\/fr\/wp-json\/wp\/v2\/types\/product"}],"wp:featuredmedia":[{"embeddable":true,"href":"https:\/\/mhr.com.pt\/fr\/wp-json\/wp\/v2\/media\/253295"}],"wp:attachment":[{"href":"https:\/\/mhr.com.pt\/fr\/wp-json\/wp\/v2\/media?parent=253294"}],"wp:term":[{"taxonomy":"product_brand","embeddable":true,"href":"https:\/\/mhr.com.pt\/fr\/wp-json\/wp\/v2\/product_brand?post=253294"},{"taxonomy":"product_cat","embeddable":true,"href":"https:\/\/mhr.com.pt\/fr\/wp-json\/wp\/v2\/product_cat?post=253294"},{"taxonomy":"product_tag","embeddable":true,"href":"https:\/\/mhr.com.pt\/fr\/wp-json\/wp\/v2\/product_tag?post=253294"}],"curies":[{"name":"wp","href":"https:\/\/api.w.org\/{rel}","templated":true}]}}