{"id":253298,"date":"2022-11-15T14:03:00","date_gmt":"2022-11-15T14:03:00","guid":{"rendered":"https:\/\/mhr.com.pt\/product\/boden\/"},"modified":"2022-11-15T14:03:00","modified_gmt":"2022-11-15T14:03:00","slug":"boden","status":"publish","type":"product","link":"https:\/\/mhr.com.pt\/fr\/product\/boden\/","title":{"rendered":"Boden."},"content":{"rendered":"<p>La lampe sur pied Boden pr\u00e9sente un design robuste et industriel, inspir\u00e9 des luminaires des ann\u00e9es 1930.<\/p>\n<p>Ses lignes simplifi\u00e9es lui conf\u00e8rent un attrait moderne, avec une silhouette \u00e9l\u00e9gante qui s\u2019int\u00e8gre parfaitement dans les maisons contemporaines.<\/p>\n<p>Cette lampe constitue un ajout distinctif et \u00e9l\u00e9gant \u00e0 n\u2019importe quelle pi\u00e8ce, m\u00ealant pass\u00e9 et pr\u00e9sent avec harmonie.<\/p>\n","protected":false},"excerpt":{"rendered":"<p>LAMPE SUR PIED<\/p>\n","protected":false},"featured_media":253299,"template":"","meta":{"_et_pb_use_builder":"","_et_pb_old_content":"","_et_gb_content_width":""},"product_brand":[],"product_cat":[594],"product_tag":[],"class_list":{"0":"post-253298","1":"product","2":"type-product","3":"status-publish","4":"has-post-thumbnail","6":"product_cat-eclairage","8":"first","9":"instock","10":"shipping-taxable","11":"product-type-simple"},"_links":{"self":[{"href":"https:\/\/mhr.com.pt\/fr\/wp-json\/wp\/v2\/product\/253298","targetHints":{"allow":["GET"]}}],"collection":[{"href":"https:\/\/mhr.com.pt\/fr\/wp-json\/wp\/v2\/product"}],"about":[{"href":"https:\/\/mhr.com.pt\/fr\/wp-json\/wp\/v2\/types\/product"}],"wp:featuredmedia":[{"embeddable":true,"href":"https:\/\/mhr.com.pt\/fr\/wp-json\/wp\/v2\/media\/253299"}],"wp:attachment":[{"href":"https:\/\/mhr.com.pt\/fr\/wp-json\/wp\/v2\/media?parent=253298"}],"wp:term":[{"taxonomy":"product_brand","embeddable":true,"href":"https:\/\/mhr.com.pt\/fr\/wp-json\/wp\/v2\/product_brand?post=253298"},{"taxonomy":"product_cat","embeddable":true,"href":"https:\/\/mhr.com.pt\/fr\/wp-json\/wp\/v2\/product_cat?post=253298"},{"taxonomy":"product_tag","embeddable":true,"href":"https:\/\/mhr.com.pt\/fr\/wp-json\/wp\/v2\/product_tag?post=253298"}],"curies":[{"name":"wp","href":"https:\/\/api.w.org\/{rel}","templated":true}]}}