{"id":253301,"date":"2022-11-15T14:22:48","date_gmt":"2022-11-15T14:22:48","guid":{"rendered":"https:\/\/mhr.com.pt\/product\/elliot\/"},"modified":"2022-11-15T14:22:48","modified_gmt":"2022-11-15T14:22:48","slug":"elliot","status":"publish","type":"product","link":"https:\/\/mhr.com.pt\/fr\/product\/elliot\/","title":{"rendered":"Elliot."},"content":{"rendered":"<p>La lampe Elliot, disponible en versions de table et sur pied, s\u2019inspire du design industriel, avec une pr\u00e9dominance de lignes droites.<\/p>\n<p>Enti\u00e8rement articul\u00e9e, cette lampe est tr\u00e8s polyvalente, permettant de la positionner de diff\u00e9rentes mani\u00e8res selon vos besoins d\u2019\u00e9clairage.<\/p>\n<p>Parfaite pour un \u00e9clairage fonctionnel ou d\u2019appoint.<\/p>\n","protected":false},"excerpt":{"rendered":"<p>LAMPES DE TABLE &amp; SUR PIED<\/p>\n","protected":false},"featured_media":253302,"template":"","meta":{"_et_pb_use_builder":"","_et_pb_old_content":"","_et_gb_content_width":""},"product_brand":[],"product_cat":[594],"product_tag":[],"class_list":{"0":"post-253301","1":"product","2":"type-product","3":"status-publish","4":"has-post-thumbnail","6":"product_cat-eclairage","8":"first","9":"instock","10":"shipping-taxable","11":"product-type-simple"},"_links":{"self":[{"href":"https:\/\/mhr.com.pt\/fr\/wp-json\/wp\/v2\/product\/253301","targetHints":{"allow":["GET"]}}],"collection":[{"href":"https:\/\/mhr.com.pt\/fr\/wp-json\/wp\/v2\/product"}],"about":[{"href":"https:\/\/mhr.com.pt\/fr\/wp-json\/wp\/v2\/types\/product"}],"wp:featuredmedia":[{"embeddable":true,"href":"https:\/\/mhr.com.pt\/fr\/wp-json\/wp\/v2\/media\/253302"}],"wp:attachment":[{"href":"https:\/\/mhr.com.pt\/fr\/wp-json\/wp\/v2\/media?parent=253301"}],"wp:term":[{"taxonomy":"product_brand","embeddable":true,"href":"https:\/\/mhr.com.pt\/fr\/wp-json\/wp\/v2\/product_brand?post=253301"},{"taxonomy":"product_cat","embeddable":true,"href":"https:\/\/mhr.com.pt\/fr\/wp-json\/wp\/v2\/product_cat?post=253301"},{"taxonomy":"product_tag","embeddable":true,"href":"https:\/\/mhr.com.pt\/fr\/wp-json\/wp\/v2\/product_tag?post=253301"}],"curies":[{"name":"wp","href":"https:\/\/api.w.org\/{rel}","templated":true}]}}