{"id":253305,"date":"2022-11-15T14:03:41","date_gmt":"2022-11-15T14:03:41","guid":{"rendered":"https:\/\/mhr.com.pt\/product\/eternal\/"},"modified":"2022-11-15T14:03:41","modified_gmt":"2022-11-15T14:03:41","slug":"eternal","status":"publish","type":"product","link":"https:\/\/mhr.com.pt\/fr\/product\/eternal\/","title":{"rendered":"Eternal."},"content":{"rendered":"<p>La lampe de plafond Eternal est compos\u00e9 de pi\u00e8ces en verre souffl\u00e9 \u00e0 la main, chacune unique avec des formes irr\u00e9guli\u00e8res et des bulles caract\u00e9ristiques \u00e0 la surface.<\/p>\n<p>Parfait pour sublimer de grands espaces tels que les salles \u00e0 manger, ce luminaire apporte une sensation d\u2019\u00e9ternit\u00e9. Une pi\u00e8ce m\u00e9morable incarnant une beaut\u00e9 intemporelle.<\/p>\n","protected":false},"excerpt":{"rendered":"<p>LAMPE DE PLAFOND<\/p>\n","protected":false},"featured_media":253306,"template":"","meta":{"_et_pb_use_builder":"","_et_pb_old_content":"","_et_gb_content_width":""},"product_brand":[],"product_cat":[594],"product_tag":[],"class_list":{"0":"post-253305","1":"product","2":"type-product","3":"status-publish","4":"has-post-thumbnail","6":"product_cat-eclairage","8":"first","9":"instock","10":"shipping-taxable","11":"product-type-simple"},"_links":{"self":[{"href":"https:\/\/mhr.com.pt\/fr\/wp-json\/wp\/v2\/product\/253305","targetHints":{"allow":["GET"]}}],"collection":[{"href":"https:\/\/mhr.com.pt\/fr\/wp-json\/wp\/v2\/product"}],"about":[{"href":"https:\/\/mhr.com.pt\/fr\/wp-json\/wp\/v2\/types\/product"}],"wp:featuredmedia":[{"embeddable":true,"href":"https:\/\/mhr.com.pt\/fr\/wp-json\/wp\/v2\/media\/253306"}],"wp:attachment":[{"href":"https:\/\/mhr.com.pt\/fr\/wp-json\/wp\/v2\/media?parent=253305"}],"wp:term":[{"taxonomy":"product_brand","embeddable":true,"href":"https:\/\/mhr.com.pt\/fr\/wp-json\/wp\/v2\/product_brand?post=253305"},{"taxonomy":"product_cat","embeddable":true,"href":"https:\/\/mhr.com.pt\/fr\/wp-json\/wp\/v2\/product_cat?post=253305"},{"taxonomy":"product_tag","embeddable":true,"href":"https:\/\/mhr.com.pt\/fr\/wp-json\/wp\/v2\/product_tag?post=253305"}],"curies":[{"name":"wp","href":"https:\/\/api.w.org\/{rel}","templated":true}]}}