{"id":253309,"date":"2022-11-15T14:05:22","date_gmt":"2022-11-15T14:05:22","guid":{"rendered":"https:\/\/mhr.com.pt\/product\/ives\/"},"modified":"2022-11-15T14:05:22","modified_gmt":"2022-11-15T14:05:22","slug":"ives","status":"publish","type":"product","link":"https:\/\/mhr.com.pt\/fr\/product\/ives\/","title":{"rendered":"Ives."},"content":{"rendered":"<p>Le lampadaire Ives combine un design moderne avec des r\u00e9f\u00e9rences classiques, en faisant un ajout id\u00e9al pour un coin lecture ou d\u00e9tente.<\/p>\n<p>Avec une forme arqu\u00e9e, ce lampadaire offre un \u00e9clairage localis\u00e9 avec un angle plus g\u00e9n\u00e9ral, parfait pour \u00eatre positionn\u00e9 au-dessus d\u2019un espace assis afin de cr\u00e9er une ambiance chaleureuse.<\/p>\n","protected":false},"excerpt":{"rendered":"<p>LAMPE SUR PIED<\/p>\n","protected":false},"featured_media":253310,"template":"","meta":{"_et_pb_use_builder":"","_et_pb_old_content":"","_et_gb_content_width":""},"product_brand":[],"product_cat":[594],"product_tag":[],"class_list":{"0":"post-253309","1":"product","2":"type-product","3":"status-publish","4":"has-post-thumbnail","6":"product_cat-eclairage","8":"first","9":"instock","10":"shipping-taxable","11":"product-type-simple"},"_links":{"self":[{"href":"https:\/\/mhr.com.pt\/fr\/wp-json\/wp\/v2\/product\/253309","targetHints":{"allow":["GET"]}}],"collection":[{"href":"https:\/\/mhr.com.pt\/fr\/wp-json\/wp\/v2\/product"}],"about":[{"href":"https:\/\/mhr.com.pt\/fr\/wp-json\/wp\/v2\/types\/product"}],"wp:featuredmedia":[{"embeddable":true,"href":"https:\/\/mhr.com.pt\/fr\/wp-json\/wp\/v2\/media\/253310"}],"wp:attachment":[{"href":"https:\/\/mhr.com.pt\/fr\/wp-json\/wp\/v2\/media?parent=253309"}],"wp:term":[{"taxonomy":"product_brand","embeddable":true,"href":"https:\/\/mhr.com.pt\/fr\/wp-json\/wp\/v2\/product_brand?post=253309"},{"taxonomy":"product_cat","embeddable":true,"href":"https:\/\/mhr.com.pt\/fr\/wp-json\/wp\/v2\/product_cat?post=253309"},{"taxonomy":"product_tag","embeddable":true,"href":"https:\/\/mhr.com.pt\/fr\/wp-json\/wp\/v2\/product_tag?post=253309"}],"curies":[{"name":"wp","href":"https:\/\/api.w.org\/{rel}","templated":true}]}}