{"id":253312,"date":"2022-11-15T14:23:32","date_gmt":"2022-11-15T14:23:32","guid":{"rendered":"https:\/\/mhr.com.pt\/product\/jacob\/"},"modified":"2022-11-15T14:23:32","modified_gmt":"2022-11-15T14:23:32","slug":"jacob","status":"publish","type":"product","link":"https:\/\/mhr.com.pt\/fr\/product\/jacob\/","title":{"rendered":"Jacob."},"content":{"rendered":"<p>La lampe Jacob, disponible en versions de table et de pied, est une pi\u00e8ce ma\u00eetresse con\u00e7ue pour dominer l\u2019espace qu\u2019elle occupe.<\/p>\n<p>Ses globes opalins diffusent la lumi\u00e8re magnifiquement, en faisant un point focal dans n\u2019importe quelle pi\u00e8ce.<\/p>\n<p>La lampe Jacob est pens\u00e9e pour \u00eatre au centre de l\u2019attention, offrant un \u00e9clairage doux et ambiant qui am\u00e9liore l\u2019atmosph\u00e8re g\u00e9n\u00e9rale.<\/p>\n","protected":false},"excerpt":{"rendered":"<p>LAMPES DE TABLE &amp; SUR PIED<\/p>\n","protected":false},"featured_media":253313,"template":"","meta":{"_et_pb_use_builder":"","_et_pb_old_content":"","_et_gb_content_width":""},"product_brand":[],"product_cat":[594],"product_tag":[],"class_list":{"0":"post-253312","1":"product","2":"type-product","3":"status-publish","4":"has-post-thumbnail","6":"product_cat-eclairage","8":"first","9":"instock","10":"shipping-taxable","11":"product-type-simple"},"_links":{"self":[{"href":"https:\/\/mhr.com.pt\/fr\/wp-json\/wp\/v2\/product\/253312","targetHints":{"allow":["GET"]}}],"collection":[{"href":"https:\/\/mhr.com.pt\/fr\/wp-json\/wp\/v2\/product"}],"about":[{"href":"https:\/\/mhr.com.pt\/fr\/wp-json\/wp\/v2\/types\/product"}],"wp:featuredmedia":[{"embeddable":true,"href":"https:\/\/mhr.com.pt\/fr\/wp-json\/wp\/v2\/media\/253313"}],"wp:attachment":[{"href":"https:\/\/mhr.com.pt\/fr\/wp-json\/wp\/v2\/media?parent=253312"}],"wp:term":[{"taxonomy":"product_brand","embeddable":true,"href":"https:\/\/mhr.com.pt\/fr\/wp-json\/wp\/v2\/product_brand?post=253312"},{"taxonomy":"product_cat","embeddable":true,"href":"https:\/\/mhr.com.pt\/fr\/wp-json\/wp\/v2\/product_cat?post=253312"},{"taxonomy":"product_tag","embeddable":true,"href":"https:\/\/mhr.com.pt\/fr\/wp-json\/wp\/v2\/product_tag?post=253312"}],"curies":[{"name":"wp","href":"https:\/\/api.w.org\/{rel}","templated":true}]}}