{"id":253316,"date":"2022-11-15T14:06:01","date_gmt":"2022-11-15T14:06:01","guid":{"rendered":"https:\/\/mhr.com.pt\/product\/kirk\/"},"modified":"2022-11-15T14:06:01","modified_gmt":"2022-11-15T14:06:01","slug":"kirk","status":"publish","type":"product","link":"https:\/\/mhr.com.pt\/fr\/product\/kirk\/","title":{"rendered":"Kirk."},"content":{"rendered":"<p>Le lampadaire Kirk allie style minimaliste et sophistication, donnant lieu \u00e0 un design intemporel.<\/p>\n<p>Il pr\u00e9sente des lignes fines et \u00e9pur\u00e9es qui soutiennent un spot cylindrique, avec un positionnement ajustable pour fournir un \u00e9clairage cibl\u00e9 l\u00e0 o\u00f9 c\u2019est n\u00e9cessaire.<\/p>\n<p>Ce lampadaire est le parfait \u00e9quilibre entre forme et fonction.<\/p>\n","protected":false},"excerpt":{"rendered":"<p>LAMPE SUR PIED<\/p>\n","protected":false},"featured_media":253317,"template":"","meta":{"_et_pb_use_builder":"","_et_pb_old_content":"","_et_gb_content_width":""},"product_brand":[],"product_cat":[594],"product_tag":[],"class_list":{"0":"post-253316","1":"product","2":"type-product","3":"status-publish","4":"has-post-thumbnail","6":"product_cat-eclairage","8":"first","9":"instock","10":"shipping-taxable","11":"product-type-simple"},"_links":{"self":[{"href":"https:\/\/mhr.com.pt\/fr\/wp-json\/wp\/v2\/product\/253316","targetHints":{"allow":["GET"]}}],"collection":[{"href":"https:\/\/mhr.com.pt\/fr\/wp-json\/wp\/v2\/product"}],"about":[{"href":"https:\/\/mhr.com.pt\/fr\/wp-json\/wp\/v2\/types\/product"}],"wp:featuredmedia":[{"embeddable":true,"href":"https:\/\/mhr.com.pt\/fr\/wp-json\/wp\/v2\/media\/253317"}],"wp:attachment":[{"href":"https:\/\/mhr.com.pt\/fr\/wp-json\/wp\/v2\/media?parent=253316"}],"wp:term":[{"taxonomy":"product_brand","embeddable":true,"href":"https:\/\/mhr.com.pt\/fr\/wp-json\/wp\/v2\/product_brand?post=253316"},{"taxonomy":"product_cat","embeddable":true,"href":"https:\/\/mhr.com.pt\/fr\/wp-json\/wp\/v2\/product_cat?post=253316"},{"taxonomy":"product_tag","embeddable":true,"href":"https:\/\/mhr.com.pt\/fr\/wp-json\/wp\/v2\/product_tag?post=253316"}],"curies":[{"name":"wp","href":"https:\/\/api.w.org\/{rel}","templated":true}]}}