{"id":253319,"date":"2022-11-15T14:06:43","date_gmt":"2022-11-15T14:06:43","guid":{"rendered":"https:\/\/mhr.com.pt\/product\/moon\/"},"modified":"2022-11-15T14:06:43","modified_gmt":"2022-11-15T14:06:43","slug":"moon","status":"publish","type":"product","link":"https:\/\/mhr.com.pt\/fr\/product\/moon\/","title":{"rendered":"Moon."},"content":{"rendered":"<p>La lampe de table Moon offre un \u00e9clairage diffus gr\u00e2ce \u00e0 ses globes opalins. Sa structure m\u00e9tallique, en forme de deux demi-lunes, soutient subtilement la lumi\u00e8re, apportant personnalit\u00e9 \u00e0 tout espace.<\/p>\n<p>Le m\u00e9tal en tant que mat\u00e9riau principal conf\u00e8re \u00e0 la pi\u00e8ce un design \u00e9l\u00e9gant et luxueux, en faisant un \u00e9l\u00e9ment remarquable dans n\u2019importe quelle pi\u00e8ce.<\/p>\n","protected":false},"excerpt":{"rendered":"<p>LAMPE DE TABLE<\/p>\n","protected":false},"featured_media":253320,"template":"","meta":{"_et_pb_use_builder":"","_et_pb_old_content":"","_et_gb_content_width":""},"product_brand":[],"product_cat":[594],"product_tag":[],"class_list":{"0":"post-253319","1":"product","2":"type-product","3":"status-publish","4":"has-post-thumbnail","6":"product_cat-eclairage","8":"first","9":"instock","10":"shipping-taxable","11":"product-type-simple"},"_links":{"self":[{"href":"https:\/\/mhr.com.pt\/fr\/wp-json\/wp\/v2\/product\/253319","targetHints":{"allow":["GET"]}}],"collection":[{"href":"https:\/\/mhr.com.pt\/fr\/wp-json\/wp\/v2\/product"}],"about":[{"href":"https:\/\/mhr.com.pt\/fr\/wp-json\/wp\/v2\/types\/product"}],"wp:featuredmedia":[{"embeddable":true,"href":"https:\/\/mhr.com.pt\/fr\/wp-json\/wp\/v2\/media\/253320"}],"wp:attachment":[{"href":"https:\/\/mhr.com.pt\/fr\/wp-json\/wp\/v2\/media?parent=253319"}],"wp:term":[{"taxonomy":"product_brand","embeddable":true,"href":"https:\/\/mhr.com.pt\/fr\/wp-json\/wp\/v2\/product_brand?post=253319"},{"taxonomy":"product_cat","embeddable":true,"href":"https:\/\/mhr.com.pt\/fr\/wp-json\/wp\/v2\/product_cat?post=253319"},{"taxonomy":"product_tag","embeddable":true,"href":"https:\/\/mhr.com.pt\/fr\/wp-json\/wp\/v2\/product_tag?post=253319"}],"curies":[{"name":"wp","href":"https:\/\/api.w.org\/{rel}","templated":true}]}}