{"id":253322,"date":"2022-11-15T14:07:27","date_gmt":"2022-11-15T14:07:27","guid":{"rendered":"https:\/\/mhr.com.pt\/product\/parson\/"},"modified":"2022-11-15T14:07:27","modified_gmt":"2022-11-15T14:07:27","slug":"parson","status":"publish","type":"product","link":"https:\/\/mhr.com.pt\/fr\/product\/parson\/","title":{"rendered":"Parson."},"content":{"rendered":"<p>La lampe de table Parson pr\u00e9sente un style classique moderne offrant une grande polyvalence.<\/p>\n<p>Cette lampe permet l\u2019ajout de tissu, facilitant son association avec d\u2019autres \u00e9l\u00e9ments de la pi\u00e8ce et augmentant la gamme de finitions possibles.<\/p>\n<p>L\u2019\u00e9l\u00e9ment distinctif de cette lampe est sa structure en tissu, qui diffuse la lumi\u00e8re \u00e0 travers des globes opalins.<\/p>\n","protected":false},"excerpt":{"rendered":"<p>LAMPE DE TABLE<\/p>\n","protected":false},"featured_media":253323,"template":"","meta":{"_et_pb_use_builder":"","_et_pb_old_content":"","_et_gb_content_width":""},"product_brand":[],"product_cat":[594],"product_tag":[],"class_list":{"0":"post-253322","1":"product","2":"type-product","3":"status-publish","4":"has-post-thumbnail","6":"product_cat-eclairage","8":"first","9":"instock","10":"shipping-taxable","11":"product-type-simple"},"_links":{"self":[{"href":"https:\/\/mhr.com.pt\/fr\/wp-json\/wp\/v2\/product\/253322","targetHints":{"allow":["GET"]}}],"collection":[{"href":"https:\/\/mhr.com.pt\/fr\/wp-json\/wp\/v2\/product"}],"about":[{"href":"https:\/\/mhr.com.pt\/fr\/wp-json\/wp\/v2\/types\/product"}],"wp:featuredmedia":[{"embeddable":true,"href":"https:\/\/mhr.com.pt\/fr\/wp-json\/wp\/v2\/media\/253323"}],"wp:attachment":[{"href":"https:\/\/mhr.com.pt\/fr\/wp-json\/wp\/v2\/media?parent=253322"}],"wp:term":[{"taxonomy":"product_brand","embeddable":true,"href":"https:\/\/mhr.com.pt\/fr\/wp-json\/wp\/v2\/product_brand?post=253322"},{"taxonomy":"product_cat","embeddable":true,"href":"https:\/\/mhr.com.pt\/fr\/wp-json\/wp\/v2\/product_cat?post=253322"},{"taxonomy":"product_tag","embeddable":true,"href":"https:\/\/mhr.com.pt\/fr\/wp-json\/wp\/v2\/product_tag?post=253322"}],"curies":[{"name":"wp","href":"https:\/\/api.w.org\/{rel}","templated":true}]}}