{"id":253325,"date":"2022-11-15T14:08:03","date_gmt":"2022-11-15T14:08:03","guid":{"rendered":"https:\/\/mhr.com.pt\/product\/saturn\/"},"modified":"2022-11-15T14:08:03","modified_gmt":"2022-11-15T14:08:03","slug":"saturn","status":"publish","type":"product","link":"https:\/\/mhr.com.pt\/fr\/product\/saturn\/","title":{"rendered":"Saturn."},"content":{"rendered":"<p>Comme son nom l\u2019indique, la lampe de plafond Saturn s\u2019inspire des lunes de Saturne, avec des sph\u00e8res qui orbitent autour du centre de mani\u00e8re altern\u00e9e et harmonieuse.<\/p>\n<p>Parfait pour occuper un grand espace et compl\u00e9ter des compositions, ce lampe de plafond diffuse une lumi\u00e8re douce gr\u00e2ce \u00e0 ses globes opalins, cr\u00e9ant une ambiance chaleureuse.<\/p>\n","protected":false},"excerpt":{"rendered":"<p>LAMPE DE PLAFOND<\/p>\n","protected":false},"featured_media":253326,"template":"","meta":{"_et_pb_use_builder":"","_et_pb_old_content":"","_et_gb_content_width":""},"product_brand":[],"product_cat":[594],"product_tag":[],"class_list":{"0":"post-253325","1":"product","2":"type-product","3":"status-publish","4":"has-post-thumbnail","6":"product_cat-eclairage","8":"first","9":"instock","10":"shipping-taxable","11":"product-type-simple"},"_links":{"self":[{"href":"https:\/\/mhr.com.pt\/fr\/wp-json\/wp\/v2\/product\/253325","targetHints":{"allow":["GET"]}}],"collection":[{"href":"https:\/\/mhr.com.pt\/fr\/wp-json\/wp\/v2\/product"}],"about":[{"href":"https:\/\/mhr.com.pt\/fr\/wp-json\/wp\/v2\/types\/product"}],"wp:featuredmedia":[{"embeddable":true,"href":"https:\/\/mhr.com.pt\/fr\/wp-json\/wp\/v2\/media\/253326"}],"wp:attachment":[{"href":"https:\/\/mhr.com.pt\/fr\/wp-json\/wp\/v2\/media?parent=253325"}],"wp:term":[{"taxonomy":"product_brand","embeddable":true,"href":"https:\/\/mhr.com.pt\/fr\/wp-json\/wp\/v2\/product_brand?post=253325"},{"taxonomy":"product_cat","embeddable":true,"href":"https:\/\/mhr.com.pt\/fr\/wp-json\/wp\/v2\/product_cat?post=253325"},{"taxonomy":"product_tag","embeddable":true,"href":"https:\/\/mhr.com.pt\/fr\/wp-json\/wp\/v2\/product_tag?post=253325"}],"curies":[{"name":"wp","href":"https:\/\/api.w.org\/{rel}","templated":true}]}}