{"id":253328,"date":"2022-11-15T14:08:40","date_gmt":"2022-11-15T14:08:40","guid":{"rendered":"https:\/\/mhr.com.pt\/product\/vision\/"},"modified":"2022-11-15T14:08:40","modified_gmt":"2022-11-15T14:08:40","slug":"vision","status":"publish","type":"product","link":"https:\/\/mhr.com.pt\/fr\/product\/vision\/","title":{"rendered":"Vision."},"content":{"rendered":"<p>La lampe de plafond Vision est similaire \u00e0 l&rsquo;Eternal mais pr\u00e9sente une base circulaire avec quatre lampes.<\/p>\n<p>Comme l&rsquo;Eternal, elle se distingue par ses pi\u00e8ces en verre souffl\u00e9 \u00e0 la main, avec des formes irr\u00e9guli\u00e8res et des bulles de surface caract\u00e9ristiques, offrant un design intemporel et \u00e9l\u00e9gant qui sublime les grands espaces avec son charme unique et \u00e9ternel.<\/p>\n","protected":false},"excerpt":{"rendered":"<p>LAMPE DE PLAFOND<\/p>\n","protected":false},"featured_media":253329,"template":"","meta":{"_et_pb_use_builder":"","_et_pb_old_content":"","_et_gb_content_width":""},"product_brand":[],"product_cat":[594],"product_tag":[],"class_list":{"0":"post-253328","1":"product","2":"type-product","3":"status-publish","4":"has-post-thumbnail","6":"product_cat-eclairage","8":"first","9":"instock","10":"shipping-taxable","11":"product-type-simple"},"_links":{"self":[{"href":"https:\/\/mhr.com.pt\/fr\/wp-json\/wp\/v2\/product\/253328","targetHints":{"allow":["GET"]}}],"collection":[{"href":"https:\/\/mhr.com.pt\/fr\/wp-json\/wp\/v2\/product"}],"about":[{"href":"https:\/\/mhr.com.pt\/fr\/wp-json\/wp\/v2\/types\/product"}],"wp:featuredmedia":[{"embeddable":true,"href":"https:\/\/mhr.com.pt\/fr\/wp-json\/wp\/v2\/media\/253329"}],"wp:attachment":[{"href":"https:\/\/mhr.com.pt\/fr\/wp-json\/wp\/v2\/media?parent=253328"}],"wp:term":[{"taxonomy":"product_brand","embeddable":true,"href":"https:\/\/mhr.com.pt\/fr\/wp-json\/wp\/v2\/product_brand?post=253328"},{"taxonomy":"product_cat","embeddable":true,"href":"https:\/\/mhr.com.pt\/fr\/wp-json\/wp\/v2\/product_cat?post=253328"},{"taxonomy":"product_tag","embeddable":true,"href":"https:\/\/mhr.com.pt\/fr\/wp-json\/wp\/v2\/product_tag?post=253328"}],"curies":[{"name":"wp","href":"https:\/\/api.w.org\/{rel}","templated":true}]}}