{"id":250737,"date":"2020-09-28T13:05:05","date_gmt":"2020-09-28T12:05:05","guid":{"rendered":"https:\/\/mhr.com.pt\/politica-de-privacidade\/"},"modified":"2025-11-10T16:06:14","modified_gmt":"2025-11-10T16:06:14","slug":"politica-de-privacidade","status":"publish","type":"page","link":"https:\/\/mhr.com.pt\/pt-pt\/politica-de-privacidade\/","title":{"rendered":"Pol\u00edtica de Privacidade"},"content":{"rendered":"<p>[et_pb_section fb_built=&#8221;1&#8243; _builder_version=&#8221;4.18.0&#8243; background_color=&#8221;#f4f4f4&#8243; global_colors_info=&#8221;{}&#8221;][et_pb_row _builder_version=&#8221;4.16&#8243; background_size=&#8221;initial&#8221; background_position=&#8221;top_left&#8221; background_repeat=&#8221;repeat&#8221; custom_margin=&#8221;100px||||false|false&#8221; global_colors_info=&#8221;{}&#8221;][et_pb_column type=&#8221;4_4&#8243; _builder_version=&#8221;4.16&#8243; custom_padding=&#8221;|||&#8221; global_colors_info=&#8221;{}&#8221; custom_padding__hover=&#8221;|||&#8221;][et_pb_text _builder_version=&#8221;4.18.0&#8243; background_size=&#8221;initial&#8221; background_position=&#8221;top_left&#8221; background_repeat=&#8221;repeat&#8221; custom_padding=&#8221;25px||||false|false&#8221; hover_enabled=&#8221;0&#8243; global_colors_info=&#8221;{}&#8221; sticky_enabled=&#8221;0&#8243;]<\/p>\n<h2>Pol\u00edtica de Privacidade da MHR<\/h2>\n<p><\/p>\n<p>Todas as suas informa\u00e7\u00f5es pessoais recolhidas ser\u00e3o utilizadas para o ajudar a tornar a sua visita ao nosso site o mais produtiva e agrad\u00e1vel poss\u00edvel. A garantia da confidencialidade dos dados pessoais dos utilizadores do nosso site \u00e9 importante para a MHR. As informa\u00e7\u00f5es pessoais recolhidas podem incluir o seu nome, e-mail, telefone e\/ou telem\u00f3vel, morada, data de nascimento e\/ou outros dados. A utiliza\u00e7\u00e3o do site da MHR pressup\u00f5e a aceita\u00e7\u00e3o deste Acordo de Privacidade.<\/p>\n<p><\/p>\n<h2>Quem somos<\/h2>\n<p><\/p>\n<p>A MHR \u00e9 uma marca em crescimento que surge no mercado como s\u00edmbolo de confian\u00e7a e compromisso, preservando o orgulho nos seus produtos.\u2028\u00c9 uma empresa assente numa estrutura familiar, mas que hoje se destaca pela sua not\u00e1vel presen\u00e7a n\u00e3o s\u00f3 a n\u00edvel nacional, como tamb\u00e9m internacional. O endere\u00e7o do nosso site \u00e9: <a href=\"https:\/\/mhr.com.pt\/pt-pt\/\">https:\/\/mhr.com.pt<\/a><\/p>\n<p><\/p>\n<h2>Que dados pessoais s\u00e3o recolhidos e como s\u00e3o recolhidos<\/h2>\n<p><\/p>\n<h3>Formul\u00e1rios de contacto<\/h3>\n<p><\/p>\n<p>As informa\u00e7\u00f5es enviadas atrav\u00e9s dos formul\u00e1rios de contacto do site s\u00e3o remetidas para o e-mail da empresa, alojado no servidor. Mantemos esses envios apenas para fins de apoio ao cliente, nunca sendo utilizados para fins de marketing nem partilhados com terceiros. Poder\u00e3o ser recolhidos dados como nome, e-mail, telefone, morada, c\u00f3digo postal, cidade, pa\u00eds e n\u00famero de contribuinte, apenas para responder a pedidos de contacto ou or\u00e7amentos.<\/p>\n<p><\/p>\n<h3>Cookies<\/h3>\n<p><\/p>\n<h3>O que s\u00e3o cookies?<\/h3>\n<p><\/p>\n<p>Os \u201ccookies\u201d s\u00e3o pequenos ficheiros de software que ficam armazenados nos dispositivos de acesso atrav\u00e9s do navegador (browser), retendo apenas informa\u00e7\u00f5es relacionadas com as prefer\u00eancias do utilizador, n\u00e3o incluindo, como tal, dados pessoais.<\/p>\n<p><\/p>\n<h3>Que tipos de cookies existem?<\/h3>\n<p><\/p>\n<p>Existem dois grupos de cookies:<\/p>\n<p><\/p>\n<p><strong>Cookies permanentes<\/strong> \u2013 s\u00e3o cookies armazenados ao n\u00edvel do navegador no equipamento de acesso (computador, telem\u00f3vel ou tablet) e que s\u00e3o utilizados sempre que visitar novamente o nosso site.<\/p>\n<p><\/p>\n<p><strong>Cookies de sess\u00e3o<\/strong> \u2013 s\u00e3o cookies tempor\u00e1rios que permanecem no ficheiro de cookies do navegador at\u00e9 sair do site. A informa\u00e7\u00e3o obtida atrav\u00e9s destes cookies \u00e9 utilizada para analisar padr\u00f5es de tr\u00e1fego na web, permitindo identificar problemas e proporcionar uma melhor experi\u00eancia de navega\u00e7\u00e3o.<\/p>\n<p><\/p>\n<h3>Para que fins s\u00e3o utilizados os cookies?<\/h3>\n<p><\/p>\n<p><strong>Cookies estritamente necess\u00e1rios<\/strong> \u2013 Permitem a navega\u00e7\u00e3o no site e a utiliza\u00e7\u00e3o das suas aplica\u00e7\u00f5es, bem como o acesso a \u00e1reas seguras do mesmo. Sem estes cookies, os servi\u00e7os solicitados n\u00e3o podem ser fornecidos.<\/p>\n<p><\/p>\n<p><strong>Cookies anal\u00edticos<\/strong> \u2013 S\u00e3o utilizados de forma an\u00f3nima para efeitos de cria\u00e7\u00e3o e an\u00e1lise de estat\u00edsticas, com vista a melhorar o funcionamento do site.<\/p>\n<p><\/p>\n<p><strong>Cookies de funcionalidade<\/strong> \u2013 Guardam as prefer\u00eancias do utilizador relativamente \u00e0 utiliza\u00e7\u00e3o do site, para que n\u00e3o seja necess\u00e1rio reconfigur\u00e1-lo sempre que o visita.<\/p>\n<p><\/p>\n<p><strong>Cookies de terceiros<\/strong> \u2013 Medem o sucesso de aplica\u00e7\u00f5es e a efic\u00e1cia da publicidade de terceiros. Podem tamb\u00e9m ser utilizados para personalizar widgets com dados do utilizador.<\/p>\n<p><\/p>\n<p><strong>Cookies de publicidade<\/strong> \u2013 Direcionam a publicidade de acordo com os interesses de cada utilizador, de forma a orientar as campanhas publicit\u00e1rias em fun\u00e7\u00e3o das prefer\u00eancias identificadas. Al\u00e9m disso, limitam o n\u00famero de vezes que o utilizador v\u00ea um an\u00fancio, ajudando a medir a efic\u00e1cia da publicidade e o sucesso da organiza\u00e7\u00e3o do site.<\/p>\n<p><\/p>\n<h3>Como pode gerir os cookies?<\/h3>\n<p><\/p>\n<p>Todos os navegadores permitem ao utilizador aceitar, recusar ou eliminar cookies, bem como ser informado sempre que um cookie \u00e9 recebido, nomeadamente atrav\u00e9s das defini\u00e7\u00f5es apropriadas no respetivo navegador. O utilizador pode configurar os cookies no menu &#8220;op\u00e7\u00f5es&#8221; ou &#8220;prefer\u00eancias&#8221; do seu navegador. No entanto, ao desativar os cookies, alguns servi\u00e7os da web poder\u00e3o n\u00e3o funcionar corretamente, afetando, total ou parcialmente, a navega\u00e7\u00e3o no site.<\/p>\n<p><\/p>\n<h3>Mais informa\u00e7\u00f5es sobre cookies<\/h3>\n<p><\/p>\n<p>Para saber mais sobre cookies, consulte o seguinte link: <a href=\"http:\/\/www.allaboutcookies.org\/\" target=\"_blank\" rel=\"noreferrer noopener\">http:\/\/www.allaboutcookies.org\/<\/a><\/p>\n<p><\/p>\n<h3>Conte\u00fados incorporados de outros sites<\/h3>\n<p><\/p>\n<p>Os artigos deste site podem incluir conte\u00fados incorporados (por exemplo, v\u00eddeos, imagens, artigos, etc.). O conte\u00fado incorporado de outros sites comporta-se como se o utilizador visitasse esses mesmos sites.<\/p>\n<p><\/p>\n<p>Esses sites podem recolher dados sobre si, utilizar cookies, incorporar rastreamento de terceiros e monitorizar as suas intera\u00e7\u00f5es, incluindo o registo de intera\u00e7\u00f5es com conte\u00fado incorporado, se tiver uma conta e estiver com sess\u00e3o iniciada nesses sites.<\/p>\n<p><\/p>\n<h3>Dados anal\u00edticos<\/h3>\n<p><\/p>\n<p>Utilizamos o Google Analytics para monitorizar o desempenho e a intera\u00e7\u00e3o dos visitantes com o site.<\/p>\n<p><\/p>\n<h2>Com quem s\u00e3o partilhados os seus dados?<\/h2>\n<p><\/p>\n<p>N\u00e3o partilhamos os seus dados com terceiros para divulga\u00e7\u00e3o de qualquer informa\u00e7\u00e3o pessoal, como e-mail, nome, etc.<br \/>Este site \u00e9 verificado para dete\u00e7\u00e3o de malware e vulnerabilidades atrav\u00e9s do SiteCheck da Sucuri. N\u00e3o enviamos informa\u00e7\u00f5es pessoais para a Sucuri; contudo, esta poder\u00e1 encontrar informa\u00e7\u00f5es pessoais publicadas publicamente durante a verifica\u00e7\u00e3o. Para mais detalhes, consulte a <a href=\"https:\/\/sucuri.net\/privacy\" target=\"_blank\" rel=\"noopener\">pol\u00edtica de privacidade da Sucuri<\/a>.<\/p>\n<p><\/p>\n<h2>Quem pode ver as suas informa\u00e7\u00f5es pessoais<\/h2>\n<p><\/p>\n<p>N\u00e3o recolhemos qualquer informa\u00e7\u00e3o sobre si.<\/p>\n<p><\/p>\n<h2>Como protegemos os seus dados e como procedemos em caso de viola\u00e7\u00e3o<\/h2>\n<p><\/p>\n<p>Protegemos os dados dos clientes atrav\u00e9s de SSL\/HTTPS em todo o site. Isto encripta as comunica\u00e7\u00f5es dos utilizadores com os servidores, garantindo que as informa\u00e7\u00f5es pessoalmente identific\u00e1veis n\u00e3o sejam capturadas por terceiros n\u00e3o autorizados.<\/p>\n<p><\/p>\n<h2>Para onde s\u00e3o enviados os seus dados?<\/h2>\n<p><\/p>\n<p>Este site faz parte de uma rede de sites que protege contra ataques de for\u00e7a bruta. Para ativar esta prote\u00e7\u00e3o, o endere\u00e7o IP dos visitantes que tentam aceder ao site \u00e9 partilhado com um servi\u00e7o fornecido pela wordfence.com. Para mais detalhes sobre a pol\u00edtica de privacidade, consulte a <a href=\"https:\/\/www.wordfence.com\/privacy-policy\/\" target=\"_blank\" rel=\"noopener\">Pol\u00edtica de Privacidade da Wordfence<\/a>.<\/p>\n<p><\/p>\n<h2>Informa\u00e7\u00f5es adicionais<\/h2>\n<p><\/p>\n<p>Para qualquer quest\u00e3o relacionada com privacidade, por favor <a href=\"https:\/\/mhr.com.pt\/contact-us\/\">entre em contacto connosco<\/a>.<\/p>\n<p>[\/et_pb_text][\/et_pb_column][\/et_pb_row][\/et_pb_section]<\/p>\n","protected":false},"excerpt":{"rendered":"<p>Pol\u00edtica de Privacidade da MHRTodas as suas informa\u00e7\u00f5es pessoais recolhidas ser\u00e3o utilizadas para o ajudar a tornar a sua visita ao nosso site o mais produtiva e agrad\u00e1vel poss\u00edvel. A garantia da confidencialidade dos dados pessoais dos utilizadores do nosso site \u00e9 importante para a MHR. As informa\u00e7\u00f5es pessoais recolhidas podem incluir o seu nome, [&hellip;]<\/p>\n","protected":false},"author":1,"featured_media":0,"parent":0,"menu_order":0,"comment_status":"closed","ping_status":"closed","template":"","meta":{"_et_pb_use_builder":"on","_et_pb_old_content":"","_et_gb_content_width":"","footnotes":""},"class_list":["post-250737","page","type-page","status-publish","hentry"],"_links":{"self":[{"href":"https:\/\/mhr.com.pt\/pt-pt\/wp-json\/wp\/v2\/pages\/250737","targetHints":{"allow":["GET"]}}],"collection":[{"href":"https:\/\/mhr.com.pt\/pt-pt\/wp-json\/wp\/v2\/pages"}],"about":[{"href":"https:\/\/mhr.com.pt\/pt-pt\/wp-json\/wp\/v2\/types\/page"}],"author":[{"embeddable":true,"href":"https:\/\/mhr.com.pt\/pt-pt\/wp-json\/wp\/v2\/users\/1"}],"replies":[{"embeddable":true,"href":"https:\/\/mhr.com.pt\/pt-pt\/wp-json\/wp\/v2\/comments?post=250737"}],"version-history":[{"count":5,"href":"https:\/\/mhr.com.pt\/pt-pt\/wp-json\/wp\/v2\/pages\/250737\/revisions"}],"predecessor-version":[{"id":250748,"href":"https:\/\/mhr.com.pt\/pt-pt\/wp-json\/wp\/v2\/pages\/250737\/revisions\/250748"}],"wp:attachment":[{"href":"https:\/\/mhr.com.pt\/pt-pt\/wp-json\/wp\/v2\/media?parent=250737"}],"curies":[{"name":"wp","href":"https:\/\/api.w.org\/{rel}","templated":true}]}}