{"id":250740,"date":"2020-10-12T09:54:22","date_gmt":"2020-10-12T08:54:22","guid":{"rendered":"https:\/\/mhr.com.pt\/rede-de-vendas\/"},"modified":"2025-11-10T16:04:39","modified_gmt":"2025-11-10T16:04:39","slug":"rede-de-vendas","status":"publish","type":"page","link":"https:\/\/mhr.com.pt\/pt-pt\/rede-de-vendas\/","title":{"rendered":"Rede de Vendas"},"content":{"rendered":"<p>[et_pb_section fb_built=&#8221;1&#8243; _builder_version=&#8221;4.27.4&#8243; _module_preset=&#8221;default&#8221; custom_margin=&#8221;||0px||false|false&#8221; custom_padding=&#8221;||0px||false|false&#8221; locked=&#8221;off&#8221; collapsed=&#8221;off&#8221; global_colors_info=&#8221;{}&#8221;][et_pb_row _builder_version=&#8221;4.27.4&#8243; _module_preset=&#8221;default&#8221; width=&#8221;100%&#8221; max_width=&#8221;100%&#8221; custom_margin=&#8221;0px||0px||false|false&#8221; custom_padding=&#8221;0px||0px||false|false&#8221; global_colors_info=&#8221;{}&#8221;][et_pb_column type=&#8221;4_4&#8243; _builder_version=&#8221;4.27.4&#8243; _module_preset=&#8221;default&#8221; global_colors_info=&#8221;{}&#8221;][et_pb_slider _builder_version=&#8221;4.27.4&#8243; _module_preset=&#8221;default&#8221; module_alignment=&#8221;center&#8221; height=&#8221;350px&#8221; height_tablet=&#8221;150px&#8221; height_phone=&#8221;100px&#8221; height_last_edited=&#8221;on|phone&#8221; custom_margin=&#8221;0px||0px||false|false&#8221; custom_padding=&#8221;0px||0px||false|false&#8221; global_colors_info=&#8221;{}&#8221;][et_pb_slide _builder_version=&#8221;4.27.4&#8243; _module_preset=&#8221;default&#8221; body_font=&#8221;Montserrat|200|||||||&#8221; body_text_align=&#8221;center&#8221; body_font_size=&#8221;4vw&#8221; body_line_height=&#8221;1em&#8221; background_enable_color=&#8221;off&#8221; use_background_color_gradient=&#8221;on&#8221; background_color_gradient_stops=&#8221;rgba(0,0,0,0.65) 0%|rgba(0,0,0,0.65) 100%&#8221; background_color_gradient_overlays_image=&#8221;on&#8221; background_image=&#8221;https:\/\/mhr.com.pt\/wp-content\/uploads\/2021\/11\/MHR_Sales_Network_2.jpg&#8221; text_orientation=&#8221;center&#8221; body_font_size_tablet=&#8221;6vw&#8221; body_font_size_phone=&#8221;6vw&#8221; body_font_size_last_edited=&#8221;on|desktop&#8221; global_colors_info=&#8221;{}&#8221; sticky_transition=&#8221;on&#8221;][\/et_pb_slide][\/et_pb_slider][\/et_pb_column][\/et_pb_row][\/et_pb_section][et_pb_section fb_built=&#8221;1&#8243; _builder_version=&#8221;4.27.4&#8243; _module_preset=&#8221;default&#8221; background_enable_color=&#8221;off&#8221; use_background_color_gradient=&#8221;on&#8221; background_color_gradient_direction=&#8221;0deg&#8221; background_color_gradient_stops=&#8221;#f9f9f9 0%|#ffffff 100%&#8221; animation_direction=&#8221;bottom&#8221; locked=&#8221;off&#8221; global_colors_info=&#8221;{}&#8221;][et_pb_row _builder_version=&#8221;4.27.4&#8243; _module_preset=&#8221;default&#8221; custom_margin=&#8221;||||false|false&#8221; custom_padding=&#8221;75px||||false|false&#8221; locked=&#8221;off&#8221; global_colors_info=&#8221;{}&#8221;][et_pb_column type=&#8221;4_4&#8243; _builder_version=&#8221;4.27.4&#8243; _module_preset=&#8221;default&#8221; global_colors_info=&#8221;{}&#8221;][et_pb_text _builder_version=&#8221;4.27.4&#8243; _module_preset=&#8221;default&#8221; text_font=&#8221;Montserrat|300|||||||&#8221; text_font_size=&#8221;34px&#8221; text_line_height=&#8221;1em&#8221; text_orientation=&#8221;center&#8221; text_font_size_tablet=&#8221;26px&#8221; text_font_size_phone=&#8221;24px&#8221; text_font_size_last_edited=&#8221;on|phone&#8221; global_colors_info=&#8221;{}&#8221;]<\/p>\n<p>REDE DE VENDAS<\/p>\n<p>[\/et_pb_text][\/et_pb_column][\/et_pb_row][et_pb_row _builder_version=&#8221;4.27.4&#8243; _module_preset=&#8221;default&#8221; custom_padding=&#8221;||75px||false|false&#8221; animation_style=&#8221;slide&#8221; animation_direction=&#8221;bottom&#8221; animation_intensity_slide=&#8221;10%&#8221; locked=&#8221;off&#8221; global_colors_info=&#8221;{}&#8221;][et_pb_column type=&#8221;4_4&#8243; _builder_version=&#8221;4.16&#8243; _module_preset=&#8221;default&#8221; global_colors_info=&#8221;{}&#8221;][et_pb_text _builder_version=&#8221;4.26.0&#8243; _module_preset=&#8221;default&#8221; locked=&#8221;off&#8221; global_colors_info=&#8221;{}&#8221;]<\/p>\n<p style=\"text-align: center;\">Entre em contacto com os nossos Gestores de Vendas. Selecione a sua \u00e1rea na lista abaixo.<\/p>\n<p><\/p>\n<p style=\"text-align: center;\">Estamos ansiosos por colaborar consigo e responderemos o mais brevemente poss\u00edvel.<\/p>\n<p>[\/et_pb_text][et_pb_divider color=&#8221;#b2b2b2&#8243; _builder_version=&#8221;4.16&#8243; _module_preset=&#8221;default&#8221; global_colors_info=&#8221;{}&#8221; locked=&#8221;off&#8221;][\/et_pb_divider][et_pb_toggle title=&#8221;PORTUGAL | Norte&#8221; _builder_version=&#8221;4.18.0&#8243; _module_preset=&#8221;default&#8221; global_colors_info=&#8221;{}&#8221;]<\/p>\n<p>Gestor de Vendas<\/p>\n<p><\/p>\n<p><strong>Alcino Sousa<\/strong><\/p>\n<p><\/p>\n<p><strong>Telm.:<\/strong> (+351) 914 830 494 (Custo de uma chamada para a rede m\u00f3vel nacional)<\/p>\n<p><\/p>\n<p><strong>E-mail:<\/strong> alcinosousa@mhr.com.pt<\/p>\n<p>[\/et_pb_toggle][et_pb_toggle title=&#8221;PORTUGAL | Centro&#8221; _builder_version=&#8221;4.18.0&#8243; _module_preset=&#8221;default&#8221; global_colors_info=&#8221;{}&#8221;]<\/p>\n<p>Gestor de Vendas<\/p>\n<p><\/p>\n<p><strong>Marco Ferreira<\/strong><\/p>\n<p><\/p>\n<p><strong>Telm.:<\/strong> (+351) 914 950 809 (Custo de uma chamada para a rede m\u00f3vel nacional)<\/p>\n<p><\/p>\n<p><strong>E-mail:<\/strong> marcoferreira@mhr.com.pt<\/p>\n<p>[\/et_pb_toggle][et_pb_toggle title=&#8221;PORTUGAL | Lisboa&#8221; _builder_version=&#8221;4.18.0&#8243; _module_preset=&#8221;default&#8221; global_colors_info=&#8221;{}&#8221;]<\/p>\n<p>Gestor de Vendas<\/p>\n<p><\/p>\n<p><strong>Renato Jorge<\/strong><\/p>\n<p><\/p>\n<p><strong>Telm.:<\/strong> (+351) 965 001 035 (Custo de uma chamada para a rede m\u00f3vel nacional)<\/p>\n<p><\/p>\n<p><strong>E-mail:<\/strong> renatojorge@mhr.com.pt<\/p>\n<p>[\/et_pb_toggle][et_pb_toggle title=&#8221;PORTUGAL | Algarve, Madeira e A\u00e7ores&#8221; _builder_version=&#8221;4.18.0&#8243; _module_preset=&#8221;default&#8221; global_colors_info=&#8221;{}&#8221;]<\/p>\n<p>Gestor de Vendas<\/p>\n<p><\/p>\n<p><strong>Delfim Soares<\/strong><\/p>\n<p><\/p>\n<p><strong>Telm.:<\/strong> (+351) 965 804 557 (Custo de uma chamada para a rede m\u00f3vel nacional)<\/p>\n<p><\/p>\n<p><strong>E-mail:<\/strong> delfimsoares@mhr.com.pt<\/p>\n<p>[\/et_pb_toggle][et_pb_toggle title=&#8221;FRAN\u00c7A&#8221; _builder_version=&#8221;4.18.0&#8243; _module_preset=&#8221;default&#8221; global_colors_info=&#8221;{}&#8221;]<\/p>\n<p>Gestor de Vendas<\/p>\n<p><\/p>\n<p><strong>Eric Legret<\/strong><\/p>\n<p><\/p>\n<p><strong>Telem\u00f3vel:<\/strong> (+33) 0616 707 071 (Custo de uma chamada para a rede m\u00f3vel francesa)<\/p>\n<p><\/p>\n<p><strong>E-mail:<\/strong> eric.legret@gmail.com<\/p>\n<p>[\/et_pb_toggle][et_pb_toggle title=&#8221;RESTO DO MUNDO&#8221; _builder_version=&#8221;4.18.0&#8243; _module_preset=&#8221;default&#8221; global_colors_info=&#8221;{}&#8221;]<\/p>\n<p>Gestor de Vendas<\/p>\n<p><\/p>\n<p><strong>V\u00edtor Ferreira<\/strong><\/p>\n<p><\/p>\n<p><strong>Telm.:<\/strong> (+351) 918 083 480 (Custo de uma chamada para a rede m\u00f3vel nacional)<\/p>\n<p><\/p>\n<p><strong>E-mail:<\/strong> vferreira@mhr.com.pt<\/p>\n<p>[\/et_pb_toggle][\/et_pb_column][\/et_pb_row][\/et_pb_section]<\/p>\n","protected":false},"excerpt":{"rendered":"<p>REDE DE VENDASEntre em contacto com os nossos Gestores de Vendas. Selecione a sua \u00e1rea na lista abaixo.Estamos ansiosos por colaborar consigo e responderemos o mais brevemente poss\u00edvel.Gestor de VendasAlcino SousaTelm.: (+351) 914 830 494 (Custo de uma chamada para a rede m\u00f3vel nacional)E-mail: alcinosousa@mhr.com.ptGestor de VendasMarco FerreiraTelm.: (+351) 914 950 809 (Custo de uma [&hellip;]<\/p>\n","protected":false},"author":1,"featured_media":0,"parent":0,"menu_order":0,"comment_status":"closed","ping_status":"closed","template":"","meta":{"_et_pb_use_builder":"on","_et_pb_old_content":"","_et_gb_content_width":"","footnotes":""},"class_list":["post-250740","page","type-page","status-publish","hentry"],"_links":{"self":[{"href":"https:\/\/mhr.com.pt\/pt-pt\/wp-json\/wp\/v2\/pages\/250740","targetHints":{"allow":["GET"]}}],"collection":[{"href":"https:\/\/mhr.com.pt\/pt-pt\/wp-json\/wp\/v2\/pages"}],"about":[{"href":"https:\/\/mhr.com.pt\/pt-pt\/wp-json\/wp\/v2\/types\/page"}],"author":[{"embeddable":true,"href":"https:\/\/mhr.com.pt\/pt-pt\/wp-json\/wp\/v2\/users\/1"}],"replies":[{"embeddable":true,"href":"https:\/\/mhr.com.pt\/pt-pt\/wp-json\/wp\/v2\/comments?post=250740"}],"version-history":[{"count":2,"href":"https:\/\/mhr.com.pt\/pt-pt\/wp-json\/wp\/v2\/pages\/250740\/revisions"}],"predecessor-version":[{"id":250742,"href":"https:\/\/mhr.com.pt\/pt-pt\/wp-json\/wp\/v2\/pages\/250740\/revisions\/250742"}],"wp:attachment":[{"href":"https:\/\/mhr.com.pt\/pt-pt\/wp-json\/wp\/v2\/media?parent=250740"}],"curies":[{"name":"wp","href":"https:\/\/api.w.org\/{rel}","templated":true}]}}