{"id":250755,"date":"2024-07-09T13:52:21","date_gmt":"2024-07-09T12:52:21","guid":{"rendered":"https:\/\/mhr.com.pt\/projetos-de-investimento-projeto-no-3650\/"},"modified":"2025-11-10T16:10:10","modified_gmt":"2025-11-10T16:10:10","slug":"projetos-de-investimento-projeto-no-3650","status":"publish","type":"page","link":"https:\/\/mhr.com.pt\/pt-pt\/projetos-de-investimento-projeto-no-3650\/","title":{"rendered":"Projetos de Investimento &#8211; Projeto N\u00ba 3650"},"content":{"rendered":"<p>[et_pb_section fb_built=&#8221;1&#8243; _builder_version=&#8221;4.23.4&#8243; background_color=&#8221;#FFFFFF&#8221; global_colors_info=&#8221;{}&#8221;][et_pb_row custom_padding_last_edited=&#8221;off|tablet&#8221; _builder_version=&#8221;4.18.0&#8243; background_size=&#8221;initial&#8221; background_position=&#8221;top_left&#8221; background_repeat=&#8221;repeat&#8221; custom_margin=&#8221;||||false|false&#8221; custom_margin_tablet=&#8221;||||false|false&#8221; custom_margin_phone=&#8221;||||false|false&#8221; custom_margin_last_edited=&#8221;on|desktop&#8221; custom_padding=&#8221;||||false|false&#8221; global_colors_info=&#8221;{}&#8221;][et_pb_column type=&#8221;4_4&#8243; _builder_version=&#8221;4.18.0&#8243; custom_padding=&#8221;||||false|false&#8221; custom_padding_last_edited=&#8221;off|desktop&#8221; global_colors_info=&#8221;{}&#8221; custom_padding__hover=&#8221;|||&#8221;][et_pb_text _builder_version=&#8221;4.23.4&#8243; background_size=&#8221;initial&#8221; background_position=&#8221;top_left&#8221; background_repeat=&#8221;repeat&#8221; custom_margin=&#8221;150px||||false|false&#8221; custom_padding=&#8221;0px||||false|false&#8221; global_colors_info=&#8221;{}&#8221;]<\/p>\n<h2>Project\/Projeto N\u00ba. 3650<\/h2>\n<p><\/p>\n<div class=\"text\">\n<p>&nbsp;<\/p>\n<p><img decoding=\"async\" class=\"alignnone size-large wp-image-242433\" src=\"https:\/\/mhr.com.pt\/wp-content\/uploads\/2024\/07\/PRR-1024x155-1.png\" alt=\"\" width=\"800\" height=\"121\" \/><\/p>\n<p>&nbsp;<\/p>\n<p><strong>ENG.<\/strong><\/p>\n<p><strong>Project Name:<\/strong> MHR_ climate and digital transition on the path to decarbonization<br \/><strong>Project No.:<\/strong> 3650<br \/><strong>Main Objective:<\/strong> Decarbonization of the industrial sector and paradigm shift in the use of resources, to accelerate the transition to carbon neutrality (Component 11: Decarbonization of Industry)<br \/><strong>Intervention Region:<\/strong> North<br \/><strong>Beneficiary entity:<\/strong> MHR &#8211; IND\u00daSTRIA DE ESTOFOS LDA.<\/p>\n<p><strong>Approval date:<\/strong> 14-03-2023<br \/><strong>Start Date:<\/strong> 20-09-2023<br \/><strong>Completion date:<\/strong> 20-09-2023<br \/><strong>Total eligible cost<\/strong>: \u20ac105,113.38<br \/><strong>Incentive:<\/strong> \u20ac89,346.37<\/p>\n<p><strong>Objectives and activities:<\/strong><br \/>MHR &#8211; Ind\u00fastria de Estofos Lda., through this project, intends to move forward with the implementation of an internal decarbonization process, equally promoting a change in attitude regarding the use of resources, thus contributing to the transition to a carbon neutral economy.<br \/>The investment falls on renewable energy, which allows, on the one hand, to react to rising energy costs, and on the other, to promote energy efficiency, thus making it a global objective to focus on sustainable development. There is also a focus on innovative technologies and new processes for better, safer and more efficient energy management. It is also important to highlight the intention to contribute to reducing carbon emissions and the consumption of fossil fuels.<br \/>In view of the implementation of the planned investments, MHR is committed to reducing greenhouse gas emissions by 55.5% and reducing electricity consumption by 55.5%.<\/p>\n<p><strong>Investment types:<\/strong><br \/>&#8211; \u201cLow carbon processes and technologies in industry\u201d through investment in digital solutions for real-time monitoring and control of information;<br \/>&#8211; \u201cIncorporation of energy from renewable sources\u201d taking into account the investment in the installation of photovoltaic solar panels.<\/p>\n<p><strong>Result Indicators:<\/strong><strong><\/strong><\/p>\n<table style=\"border-collapse: collapse; width: 100%;\" border=\"1\">\n<tbody>\n<tr>\n<td style=\"width: 25%;\"><strong>Designation<\/strong><\/td>\n<td style=\"width: 25%;\"><strong>Unit<\/strong><\/td>\n<td style=\"width: 25%;\"><strong>Starting reference<\/strong><\/td>\n<td style=\"width: 25%;\"><strong>Target to be achieved<\/strong><\/td>\n<\/tr>\n<tr>\n<td style=\"width: 25%;\">Estimated annual decrease in greenhouse gas emissions.<\/td>\n<td style=\"width: 25%;\">Tons of CO2 equivalent.<\/td>\n<td style=\"width: 25%;\">5,53<\/td>\n<td style=\"width: 25%;\">1,99<\/td>\n<\/tr>\n<tr>\n<td style=\"width: 25%;\">Annual decrease in final energy consumption.<\/td>\n<td style=\"width: 25%;\">Tons of oil equivalent (tep).<\/td>\n<td style=\"width: 25%;\">6,46<\/td>\n<td style=\"width: 25%;\">2,32<\/td>\n<\/tr>\n<tr>\n<td style=\"width: 25%;\">Pot\u00eancia instalada em Unidades de Produ\u00e7\u00e3o para Autoconsumo (UPAC).<\/td>\n<td style=\"width: 25%;\">KWp<\/td>\n<td style=\"width: 25%;\">0,00<\/td>\n<td style=\"width: 25%;\">22,89<\/td>\n<\/tr>\n<\/tbody>\n<\/table>\n<p>&nbsp;<\/p>\n<p><strong>PT.<\/strong><\/p>\n<p><strong>Designa\u00e7\u00e3o do Projeto:<\/strong> MHR_ transi\u00e7\u00e3o clim\u00e1tica e digital no caminho da descarboniza\u00e7\u00e3o<br \/><strong>N\u00ba do Projeto:<\/strong> 3650<br \/><strong>Objetivo Principal:<\/strong> Descarboniza\u00e7\u00e3o do setor industrial e mudan\u00e7a de paradigma na utiliza\u00e7\u00e3o dos recursos, para acelerar a transi\u00e7\u00e3o para a neutralidade carb\u00f3nica (Componente 11: Descarboniza\u00e7\u00e3o da Ind\u00fastria)<br \/><strong>Regi\u00e3o de Interven\u00e7\u00e3o:<\/strong> Norte<br \/><strong>Entidade benefici\u00e1ria:<\/strong> MHR &#8211; IND\u00daSTRIA DE ESTOFOS LDA.<\/p>\n<p><strong>Data de aprova\u00e7\u00e3o:<\/strong> 14-03-2023<br \/><strong>Data de In\u00edcio:<\/strong> 20-09-2023<br \/><strong>Data de conclus\u00e3o:<\/strong> 20-09-2023<br \/><strong>Custo total eleg\u00edvel:<\/strong> 105.113,38\u20ac<br \/><strong>Incentivo:<\/strong> 89.346,37\u20ac<\/p>\n<p><strong>Objetivos e atividades:<\/strong><br \/>A MHR &#8211; Ind\u00fastria de Estofos Lda., atrav\u00e9s do presente projeto, pretende avan\u00e7ar com a implementa\u00e7\u00e3o de um processo interno de descarboniza\u00e7\u00e3o, promovendo de igual forma, uma mudan\u00e7a de atitude no que \u00e0 utiliza\u00e7\u00e3o dos recursos diz respeito, contribuindo assim na transi\u00e7\u00e3o para uma economia neutra em carbono.<br \/>O investimento recai sobre as energias renov\u00e1veis, que permite, por um lado, reagir ao aumento dos custos de energia, e por outro, promover a efici\u00eancia energ\u00e9tica, sendo assim objetivo global apostar num desenvolvimento sustent\u00e1vel. Verifica-se ainda a aposta em tecnologias inovadoras e novos processos para uma gest\u00e3o energ\u00e9tica melhor, mais segura e mais eficiente. Importa ainda destacar a inten\u00e7\u00e3o de contribuir para a diminui\u00e7\u00e3o das emiss\u00f5es de carbono e do consumo de combust\u00edveis f\u00f3sseis.<br \/>Perante a implementa\u00e7\u00e3o dos investimentos previstos, a MHR assume o compromisso de reduzir a emiss\u00e3o dos gases de efeito de estufa em 55,5% e reduzir os consumos de eletricidade em 55,5%.<\/p>\n<p><strong>Tipologias de investimento:<\/strong><br \/>&#8211; \u201cProcessos e tecnologias de baixo carbono na ind\u00fastria\u201d pelo investimento em solu\u00e7\u00f5es digitais de monitoriza\u00e7\u00e3o e controlo, em tempo real, da informa\u00e7\u00e3o;<br \/>&#8211; \u201cIncorpora\u00e7\u00e3o de energia de fonte renov\u00e1vel\u201d tendo em conta a aposta na instala\u00e7\u00e3o de pain\u00e9is solares\u00a0fotovoltaicos.<\/p>\n<p><strong>Indicadores de Resultado:<\/strong><\/p>\n<table style=\"border-collapse: collapse; width: 100%;\" border=\"1\">\n<tbody>\n<tr>\n<td style=\"width: 25%;\"><strong>Designa\u00e7\u00e3o<\/strong><\/td>\n<td style=\"width: 25%;\"><strong>Unidade<\/strong><\/td>\n<td style=\"width: 25%;\"><strong>Referencial de partida<\/strong><\/td>\n<td style=\"width: 25%;\"><strong>Meta a atingir<\/strong><\/td>\n<\/tr>\n<tr>\n<td style=\"width: 25%;\">Diminui\u00e7\u00e3o anual estimada das emiss\u00f5es de gases com efeito de estufa.<\/td>\n<td style=\"width: 25%;\">Toneladas de CO2 equivalente.<\/td>\n<td style=\"width: 25%;\">5,53<\/td>\n<td style=\"width: 25%;\">1,99<\/td>\n<\/tr>\n<tr>\n<td style=\"width: 25%;\">Diminui\u00e7\u00e3o anual do consumo de energia final.<\/td>\n<td style=\"width: 25%;\">Toneladas equivalentes de petr\u00f3leo (tep).<\/td>\n<td style=\"width: 25%;\">6,46<\/td>\n<td style=\"width: 25%;\">2,32<\/td>\n<\/tr>\n<tr>\n<td style=\"width: 25%;\">Pot\u00eancia instalada em Unidades de Produ\u00e7\u00e3o para Autoconsumo (UPAC).<\/td>\n<td style=\"width: 25%;\">KWp<\/td>\n<td style=\"width: 25%;\">0,00<\/td>\n<td style=\"width: 25%;\">22,89<\/td>\n<\/tr>\n<\/tbody>\n<\/table>\n<p>&nbsp;<\/p>\n<p>&nbsp;<\/p>\n<\/div>\n<p>[\/et_pb_text][\/et_pb_column][\/et_pb_row][\/et_pb_section]<\/p>\n","protected":false},"excerpt":{"rendered":"<p>Project\/Projeto N\u00ba. 3650 &nbsp; &nbsp; ENG. Project Name: MHR_ climate and digital transition on the path to decarbonizationProject No.: 3650Main Objective: Decarbonization of the industrial sector and paradigm shift in the use of resources, to accelerate the transition to carbon neutrality (Component 11: Decarbonization of Industry)Intervention Region: NorthBeneficiary entity: MHR &#8211; IND\u00daSTRIA DE ESTOFOS LDA. [&hellip;]<\/p>\n","protected":false},"author":3,"featured_media":0,"parent":0,"menu_order":0,"comment_status":"closed","ping_status":"closed","template":"","meta":{"_et_pb_use_builder":"on","_et_pb_old_content":"","_et_gb_content_width":"","footnotes":""},"class_list":["post-250755","page","type-page","status-publish","hentry"],"_links":{"self":[{"href":"https:\/\/mhr.com.pt\/pt-pt\/wp-json\/wp\/v2\/pages\/250755","targetHints":{"allow":["GET"]}}],"collection":[{"href":"https:\/\/mhr.com.pt\/pt-pt\/wp-json\/wp\/v2\/pages"}],"about":[{"href":"https:\/\/mhr.com.pt\/pt-pt\/wp-json\/wp\/v2\/types\/page"}],"author":[{"embeddable":true,"href":"https:\/\/mhr.com.pt\/pt-pt\/wp-json\/wp\/v2\/users\/3"}],"replies":[{"embeddable":true,"href":"https:\/\/mhr.com.pt\/pt-pt\/wp-json\/wp\/v2\/comments?post=250755"}],"version-history":[{"count":2,"href":"https:\/\/mhr.com.pt\/pt-pt\/wp-json\/wp\/v2\/pages\/250755\/revisions"}],"predecessor-version":[{"id":250757,"href":"https:\/\/mhr.com.pt\/pt-pt\/wp-json\/wp\/v2\/pages\/250755\/revisions\/250757"}],"wp:attachment":[{"href":"https:\/\/mhr.com.pt\/pt-pt\/wp-json\/wp\/v2\/media?parent=250755"}],"curies":[{"name":"wp","href":"https:\/\/api.w.org\/{rel}","templated":true}]}}