{"id":250758,"date":"2024-04-17T13:30:37","date_gmt":"2024-04-17T12:30:37","guid":{"rendered":"https:\/\/mhr.com.pt\/home\/"},"modified":"2025-11-14T18:36:16","modified_gmt":"2025-11-14T18:36:16","slug":"home","status":"publish","type":"page","link":"https:\/\/mhr.com.pt\/pt-pt\/","title":{"rendered":"Home"},"content":{"rendered":"<p>[et_pb_section fb_built=&#8221;1&#8243; fullwidth=&#8221;on&#8221; custom_padding_last_edited=&#8221;on|phone&#8221; admin_label=&#8221;Section 1&#8243; _builder_version=&#8221;4.27.4&#8243; _module_preset=&#8221;default&#8221; custom_margin=&#8221;||||false|false&#8221; custom_margin_tablet=&#8221;||||false|false&#8221; custom_margin_phone=&#8221;-125px||||false|false&#8221; custom_margin_last_edited=&#8221;on|desktop&#8221; custom_padding=&#8221;||||false|false&#8221; custom_padding_tablet=&#8221;||||false|false&#8221; custom_padding_phone=&#8221;||||false|false&#8221; border_width_bottom=&#8221;5px&#8221; border_color_bottom=&#8221;#FFFFFF&#8221; locked=&#8221;off&#8221; global_colors_info=&#8221;{}&#8221;][et_pb_fullwidth_header header_fullscreen=&#8221;on&#8221; header_scroll_down=&#8221;on&#8221; scroll_down_icon=&#8221;%%2%%&#8221; scroll_down_icon_size=&#8221;30px&#8221; button_one_text=&#8221;VER V\u00cdDEO COMPLETO AQUI&#8221; button_one_url=&#8221;https:\/\/youtu.be\/UQ8lxDAtbP8?si=ebUYWd6hXTbjZT5Z&#8221; background_overlay_color=&#8221;rgba(0,0,0,0.6)&#8221; scroll_down_icon_tablet=&#8221;&#8221; scroll_down_icon_phone=&#8221;&#8221; scroll_down_icon_last_edited=&#8221;on|phone&#8221; scroll_down_icon_size_tablet=&#8221;30px&#8221; scroll_down_icon_size_phone=&#8221;30px&#8221; scroll_down_icon_size_last_edited=&#8221;off|phone&#8221; background_overlay_color_tablet=&#8221;rgba(0,0,0,0.6)&#8221; background_overlay_color_phone=&#8221;rgba(0,0,0,0.6)&#8221; background_overlay_color_last_edited=&#8221;on|phone&#8221; content_tablet=&#8221;<\/p>\n<h1 style=%22text-align: left;%22>Menos \u00e9 mais.<\/h1>\n<h1 style=%22text-align: left;%22>Simplifique e aprecie,<\/h1>\n<h1 style=%22text-align: left;%22>abrace a <em>art of living<\/em>.<\/h1>\n<p style=%22text-align: left;%22>Convidamo-lo a acompanhar a nossa viagem na <strong>iSaloni.Milano 2024<\/strong>.<\/p>\n<p>&#8221; content_phone=&#8221;<\/p>\n<h1 style=%22text-align: left;%22>Menos \u00e9 mais.<\/h1>\n<h1 style=%22text-align: left;%22>Simplifique e aprecie, abrace a <em>art of living<\/em>.<\/h1>\n<p style=%22text-align: left;%22>Convidamo-lo a acompanhar a nossa viagem na <strong>iSaloni.Milano 2024<\/strong>.<\/p>\n<p>&#8221; content_last_edited=&#8221;on|phone&#8221; disabled_on=&#8221;off|off|off&#8221; admin_label=&#8221;Banner&#8221; _builder_version=&#8221;4.27.4&#8243; _module_preset=&#8221;default&#8221; title_font=&#8221;Montserrat|300|||||||&#8221; title_font_size=&#8221;50px&#8221; content_font=&#8221;Montserrat|300|||||||&#8221; content_text_align=&#8221;center&#8221; content_font_size=&#8221;20px&#8221; subhead_font=&#8221;Montserrat||||||||&#8221; subhead_text_align=&#8221;center&#8221; background_enable_color=&#8221;off&#8221; background_enable_image=&#8221;off&#8221; background_video_mp4=&#8221;https:\/\/mhr.com.pt\/wp-content\/uploads\/2024\/05\/iSaloni_2024_1080p_Loop.mp4&#8243; background_enable_video_webm=&#8221;off&#8221; allow_player_pause=&#8221;on&#8221; custom_button_one=&#8221;on&#8221; button_one_text_size=&#8221;10px&#8221; button_one_border_width=&#8221;1px&#8221; button_one_font=&#8221;Montserrat|500|||||||&#8221; button_one_custom_margin=&#8221;25px||||false|false&#8221; positioning=&#8221;none&#8221; position_origin_a=&#8221;center_center&#8221; width=&#8221;100%&#8221; custom_margin=&#8221;||||false|false&#8221; custom_margin_tablet=&#8221;||||false|false&#8221; custom_margin_phone=&#8221;||||false|false&#8221; custom_margin_last_edited=&#8221;on|desktop&#8221; custom_padding=&#8221;||||false|false&#8221; custom_padding_tablet=&#8221;||||false|false&#8221; custom_padding_phone=&#8221;||||false|false&#8221; custom_padding_last_edited=&#8221;on|phone&#8221; hover_enabled=&#8221;0&#8243; title_font_size_tablet=&#8221;40px&#8221; title_font_size_phone=&#8221;38px&#8221; title_font_size_last_edited=&#8221;on|tablet&#8221; content_text_align_tablet=&#8221;center&#8221; content_text_align_phone=&#8221;center&#8221; content_text_align_last_edited=&#8221;on|phone&#8221; content_font_size_tablet=&#8221;20px&#8221; content_font_size_phone=&#8221;18px&#8221; content_font_size_last_edited=&#8221;on|phone&#8221; content_line_height_tablet=&#8221;1.1em&#8221; content_line_height_phone=&#8221;1.3em&#8221; content_line_height_last_edited=&#8221;on|phone&#8221; background_last_edited=&#8221;off|desktop&#8221; background_video_mp4_phone=&#8221;https:\/\/mhr.com.pt\/wp-content\/uploads\/2023\/04\/Slowly_Mobile.mp4&#8243; background_enable_video_mp4_phone=&#8221;on&#8221; locked=&#8221;off&#8221; global_colors_info=&#8221;{}&#8221; sticky_enabled=&#8221;0&#8243;]<\/p>\n<h1 style=\"text-align: left;\">Menos \u00e9 mais.<\/h1>\n<h1 style=\"text-align: left;\">Simplifique e aprecie,<\/h1>\n<h1 style=\"text-align: left;\">abrace a <em>art of living<\/em>.<\/h1>\n<p style=\"text-align: left;\">Convidamo-lo a acompanhar a nossa viagem na <strong>iSaloni.Milano 2024<\/strong>.<\/p>\n<p>[\/et_pb_fullwidth_header][\/et_pb_section][et_pb_section fb_built=&#8221;1&#8243; fullwidth=&#8221;on&#8221; admin_label=&#8221;Section 2&#8243; _builder_version=&#8221;4.27.4&#8243; _module_preset=&#8221;default&#8221; background_color=&#8221;#f7f7f7&#8243; border_width_top=&#8221;5px&#8221; border_color_top=&#8221;#FFFFFF&#8221; border_width_bottom=&#8221;5px&#8221; border_color_bottom=&#8221;#FFFFFF&#8221; locked=&#8221;off&#8221; global_colors_info=&#8221;{}&#8221;][et_pb_fullwidth_header text_orientation=&#8221;center&#8221; header_fullscreen=&#8221;on&#8221; header_scroll_down=&#8221;on&#8221; scroll_down_icon=&#8221;%%2%%&#8221; scroll_down_icon_color=&#8221;#000000&#8243; scroll_down_icon_size=&#8221;30px&#8221; scroll_down_icon_tablet=&#8221;&#8221; scroll_down_icon_phone=&#8221;&#8221; scroll_down_icon_last_edited=&#8221;on|desktop&#8221; scroll_down_icon_size_tablet=&#8221;30px&#8221; scroll_down_icon_size_phone=&#8221;30px&#8221; scroll_down_icon_size_last_edited=&#8221;off|phone&#8221; content_last_edited=&#8221;off|desktop&#8221; admin_label=&#8221;Our Collections&#8221; _builder_version=&#8221;4.27.4&#8243; _module_preset=&#8221;default&#8221; title_level=&#8221;h4&#8243; title_font=&#8221;Raleway||||||||&#8221; content_font=&#8221;Montserrat|300|||||||&#8221; content_text_align=&#8221;center&#8221; content_text_color=&#8221;#000000&#8243; content_font_size=&#8221;4vh&#8221; content_line_height=&#8221;1.1em&#8221; subhead_text_align=&#8221;center&#8221; background_enable_color=&#8221;off&#8221; background_enable_image=&#8221;off&#8221; background_enable_video_mp4=&#8221;off&#8221; positioning=&#8221;none&#8221; position_origin_a=&#8221;center_center&#8221; width=&#8221;100%&#8221; module_alignment=&#8221;center&#8221; min_height_last_edited=&#8221;off|phone&#8221; height_tablet=&#8221;&#8221; height_phone=&#8221;85vh&#8221; height_last_edited=&#8221;on|tablet&#8221; custom_margin=&#8221;||||false|false&#8221; custom_margin_tablet=&#8221;||||false|false&#8221; custom_margin_phone=&#8221;||||false|false&#8221; custom_margin_last_edited=&#8221;on|phone&#8221; custom_padding=&#8221;||||false|false&#8221; custom_padding_tablet=&#8221;||||false|false&#8221; custom_padding_phone=&#8221;||||false|false&#8221; custom_padding_last_edited=&#8221;on|phone&#8221; animation_direction=&#8221;bottom&#8221; content_text_align_tablet=&#8221;center&#8221; content_text_align_phone=&#8221;center&#8221; content_text_align_last_edited=&#8221;on|phone&#8221; content_font_size_tablet=&#8221;5vh&#8221; content_font_size_phone=&#8221;4vh&#8221; content_font_size_last_edited=&#8221;on|phone&#8221; content_line_height_tablet=&#8221;1.1em&#8221; content_line_height_phone=&#8221;1.1em&#8221; content_line_height_last_edited=&#8221;on|desktop&#8221; background_last_edited=&#8221;off|phone&#8221; background_enable_video_mp4_phone=&#8221;off&#8221; locked=&#8221;off&#8221; global_colors_info=&#8221;{}&#8221;]<\/p>\n<p style=\"text-align: center;\">EXPLORE AS NOSSAS COLE\u00c7\u00d5ES<\/p>\n<p>[\/et_pb_fullwidth_header][\/et_pb_section][et_pb_section fb_built=&#8221;1&#8243; fullwidth=&#8221;on&#8221; admin_label=&#8221;AOL Collections&#8221; _builder_version=&#8221;4.27.4&#8243; _module_preset=&#8221;default&#8221; border_width_top=&#8221;5px&#8221; border_color_top=&#8221;#FFFFFF&#8221; border_width_bottom=&#8221;5px&#8221; border_color_bottom=&#8221;#FFFFFF&#8221; locked=&#8221;off&#8221; global_colors_info=&#8221;{}&#8221;][et_pb_fullwidth_header text_orientation=&#8221;center&#8221; header_fullscreen=&#8221;on&#8221; header_scroll_down=&#8221;on&#8221; scroll_down_icon=&#8221;%%2%%&#8221; scroll_down_icon_size=&#8221;30px&#8221; button_one_text=&#8221;SABER MAIS&#8221; button_one_url=&#8221;@ET-DC@eyJkeW5hbWljIjp0cnVlLCJjb250ZW50IjoicG9zdF9saW5rX3VybF9wYWdlIiwic2V0dGluZ3MiOnsicG9zdF9pZCI6IjI0ODA1NCJ9fQ==@&#8221; background_overlay_color=&#8221;rgba(0,0,0,0.5)&#8221; scroll_down_icon_tablet=&#8221;&#8221; scroll_down_icon_phone=&#8221;&#8221; scroll_down_icon_last_edited=&#8221;on|desktop&#8221; scroll_down_icon_size_tablet=&#8221;30px&#8221; scroll_down_icon_size_phone=&#8221;30px&#8221; scroll_down_icon_size_last_edited=&#8221;off|phone&#8221; content_last_edited=&#8221;off|desktop&#8221; admin_label=&#8221;AOL Banner&#8221; _builder_version=&#8221;4.27.4&#8243; _dynamic_attributes=&#8221;button_one_url&#8221; _module_preset=&#8221;default&#8221; title_level=&#8221;h4&#8243; title_font=&#8221;Raleway||||||||&#8221; content_font=&#8221;Montserrat|200|||||||&#8221; content_text_align=&#8221;center&#8221; content_font_size=&#8221;5vh&#8221; content_line_height=&#8221;1.1em&#8221; subhead_text_align=&#8221;center&#8221; background_enable_color=&#8221;off&#8221; background_image=&#8221;https:\/\/mhr.com.pt\/wp-content\/uploads\/2025\/08\/AOL_04.webp&#8221; background_enable_video_mp4=&#8221;off&#8221; custom_button_one=&#8221;on&#8221; button_one_text_size=&#8221;10px&#8221; button_one_border_width=&#8221;1px&#8221; button_one_font=&#8221;Montserrat|500|||||||&#8221; button_one_custom_margin=&#8221;25px||||false|false&#8221; positioning=&#8221;none&#8221; position_origin_a=&#8221;center_center&#8221; width=&#8221;100%&#8221; module_alignment=&#8221;center&#8221; min_height_last_edited=&#8221;off|phone&#8221; height_tablet=&#8221;&#8221; height_phone=&#8221;85vh&#8221; height_last_edited=&#8221;on|desktop&#8221; custom_margin=&#8221;||||false|false&#8221; custom_margin_tablet=&#8221;||||false|false&#8221; custom_margin_phone=&#8221;||||false|false&#8221; custom_margin_last_edited=&#8221;on|phone&#8221; custom_padding=&#8221;||||false|false&#8221; custom_padding_tablet=&#8221;||||false|false&#8221; custom_padding_phone=&#8221;||||false|false&#8221; custom_padding_last_edited=&#8221;on|phone&#8221; animation_direction=&#8221;bottom&#8221; content_text_align_tablet=&#8221;&#8221; content_text_align_phone=&#8221;&#8221; content_text_align_last_edited=&#8221;on|tablet&#8221; content_font_size_tablet=&#8221;5vh&#8221; content_font_size_phone=&#8221;4vh&#8221; content_font_size_last_edited=&#8221;on|phone&#8221; content_line_height_tablet=&#8221;1.1em&#8221; content_line_height_phone=&#8221;1.1em&#8221; content_line_height_last_edited=&#8221;on|desktop&#8221; background_last_edited=&#8221;off|phone&#8221; background_enable_video_mp4_phone=&#8221;off&#8221; locked=&#8221;off&#8221; global_colors_info=&#8221;{}&#8221;]<\/p>\n<p style=\"text-align: center;\">Cole\u00e7\u00f5es<\/p>\n<p><\/p>\n<p style=\"text-align: center;\"><em>Art of Living<\/em><\/p>\n<p>[\/et_pb_fullwidth_header][\/et_pb_section][et_pb_section fb_built=&#8221;1&#8243; fullwidth=&#8221;on&#8221; admin_label=&#8221;BH2EH Collection&#8221; _builder_version=&#8221;4.27.4&#8243; _module_preset=&#8221;default&#8221; border_width_top=&#8221;5px&#8221; border_color_top=&#8221;#FFFFFF&#8221; border_width_bottom=&#8221;5px&#8221; border_color_bottom=&#8221;#FFFFFF&#8221; locked=&#8221;off&#8221; global_colors_info=&#8221;{}&#8221;][et_pb_fullwidth_header text_orientation=&#8221;center&#8221; header_fullscreen=&#8221;on&#8221; header_scroll_down=&#8221;on&#8221; scroll_down_icon=&#8221;%%2%%&#8221; scroll_down_icon_size=&#8221;30px&#8221; button_one_text=&#8221;SABER MAIS&#8221; button_one_url=&#8221;@ET-DC@eyJkeW5hbWljIjp0cnVlLCJjb250ZW50IjoicG9zdF9saW5rX3VybF9wYWdlIiwic2V0dGluZ3MiOnsicG9zdF9pZCI6IjI0NzU4NiJ9fQ==@&#8221; background_overlay_color=&#8221;rgba(0,0,0,0.5)&#8221; scroll_down_icon_tablet=&#8221;&#8221; scroll_down_icon_phone=&#8221;&#8221; scroll_down_icon_last_edited=&#8221;on|desktop&#8221; scroll_down_icon_size_tablet=&#8221;30px&#8221; scroll_down_icon_size_phone=&#8221;30px&#8221; scroll_down_icon_size_last_edited=&#8221;off|phone&#8221; content_last_edited=&#8221;off|desktop&#8221; admin_label=&#8221;BH2EH Banner&#8221; _builder_version=&#8221;4.27.4&#8243; _dynamic_attributes=&#8221;button_one_url&#8221; _module_preset=&#8221;default&#8221; title_level=&#8221;h4&#8243; title_font=&#8221;Raleway||||||||&#8221; content_font=&#8221;Montserrat|200|||||||&#8221; content_text_align=&#8221;center&#8221; content_font_size=&#8221;5vh&#8221; content_line_height=&#8221;1.1em&#8221; subhead_text_align=&#8221;center&#8221; background_enable_color=&#8221;off&#8221; background_image=&#8221;https:\/\/mhr.com.pt\/wp-content\/uploads\/2025\/08\/BH2EH.webp&#8221; background_enable_video_mp4=&#8221;off&#8221; custom_button_one=&#8221;on&#8221; button_one_text_size=&#8221;10px&#8221; button_one_border_width=&#8221;1px&#8221; button_one_font=&#8221;Montserrat|500|||||||&#8221; button_one_custom_margin=&#8221;25px||||false|false&#8221; positioning=&#8221;none&#8221; position_origin_a=&#8221;center_center&#8221; width=&#8221;100%&#8221; module_alignment=&#8221;center&#8221; min_height_last_edited=&#8221;off|phone&#8221; height_tablet=&#8221;&#8221; height_phone=&#8221;85vh&#8221; height_last_edited=&#8221;on|tablet&#8221; custom_margin=&#8221;||||false|false&#8221; custom_margin_tablet=&#8221;||||false|false&#8221; custom_margin_phone=&#8221;||||false|false&#8221; custom_margin_last_edited=&#8221;on|phone&#8221; custom_padding=&#8221;||||false|false&#8221; custom_padding_tablet=&#8221;||||false|false&#8221; custom_padding_phone=&#8221;||||false|false&#8221; custom_padding_last_edited=&#8221;on|phone&#8221; animation_direction=&#8221;bottom&#8221; content_text_align_tablet=&#8221;center&#8221; content_text_align_phone=&#8221;center&#8221; content_text_align_last_edited=&#8221;on|phone&#8221; content_font_size_tablet=&#8221;5vh&#8221; content_font_size_phone=&#8221;4vh&#8221; content_font_size_last_edited=&#8221;on|phone&#8221; content_line_height_tablet=&#8221;1.1em&#8221; content_line_height_phone=&#8221;1.1em&#8221; content_line_height_last_edited=&#8221;on|desktop&#8221; background_last_edited=&#8221;off|phone&#8221; background_enable_video_mp4_phone=&#8221;off&#8221; locked=&#8221;off&#8221; global_colors_info=&#8221;{}&#8221;]<\/p>\n<p style=\"text-align: center;\">Cole\u00e7\u00e3o<\/p>\n<p><\/p>\n<p style=\"text-align: center;\"><em>bringing home<\/em><\/p>\n<p><\/p>\n<p style=\"text-align: center;\"><em>to every house<\/em><\/p>\n<p>[\/et_pb_fullwidth_header][\/et_pb_section][et_pb_section fb_built=&#8221;1&#8243; fullwidth=&#8221;on&#8221; admin_label=&#8221;CONTRACT Collection&#8221; _builder_version=&#8221;4.27.4&#8243; _module_preset=&#8221;default&#8221; border_width_top=&#8221;5px&#8221; border_color_top=&#8221;#FFFFFF&#8221; border_width_bottom=&#8221;5px&#8221; border_color_bottom=&#8221;#FFFFFF&#8221; locked=&#8221;off&#8221; global_colors_info=&#8221;{}&#8221;][et_pb_fullwidth_header text_orientation=&#8221;center&#8221; header_fullscreen=&#8221;on&#8221; header_scroll_down=&#8221;on&#8221; scroll_down_icon=&#8221;%%2%%&#8221; scroll_down_icon_size=&#8221;30px&#8221; button_one_text=&#8221;SABER MAIS&#8221; button_one_url=&#8221;@ET-DC@eyJkeW5hbWljIjp0cnVlLCJjb250ZW50IjoicG9zdF9saW5rX3VybF9wYWdlIiwic2V0dGluZ3MiOnsicG9zdF9pZCI6IjI0ODA2MyJ9fQ==@&#8221; background_overlay_color=&#8221;rgba(0,0,0,0.5)&#8221; scroll_down_icon_tablet=&#8221;&#8221; scroll_down_icon_phone=&#8221;&#8221; scroll_down_icon_last_edited=&#8221;on|desktop&#8221; scroll_down_icon_size_last_edited=&#8221;off|phone&#8221; content_last_edited=&#8221;off|desktop&#8221; admin_label=&#8221;CONTRACT Banner&#8221; _builder_version=&#8221;4.27.4&#8243; _dynamic_attributes=&#8221;button_one_url&#8221; _module_preset=&#8221;default&#8221; title_level=&#8221;h4&#8243; title_font=&#8221;Raleway||||||||&#8221; content_font=&#8221;Montserrat|200|||||||&#8221; content_text_align=&#8221;center&#8221; content_font_size=&#8221;5vh&#8221; content_line_height=&#8221;1.1em&#8221; subhead_text_align=&#8221;center&#8221; background_enable_color=&#8221;off&#8221; background_image=&#8221;https:\/\/mhr.com.pt\/wp-content\/uploads\/2025\/08\/CONTRACT.webp&#8221; background_enable_video_mp4=&#8221;off&#8221; custom_button_one=&#8221;on&#8221; button_one_text_size=&#8221;10px&#8221; button_one_border_width=&#8221;1px&#8221; button_one_font=&#8221;Montserrat|500|||||||&#8221; button_one_custom_margin=&#8221;25px||||false|false&#8221; positioning=&#8221;none&#8221; position_origin_a=&#8221;center_center&#8221; width=&#8221;100%&#8221; module_alignment=&#8221;center&#8221; min_height_last_edited=&#8221;off|phone&#8221; height_tablet=&#8221;&#8221; height_phone=&#8221;85vh&#8221; height_last_edited=&#8221;on|tablet&#8221; custom_margin=&#8221;||||false|false&#8221; custom_margin_tablet=&#8221;||||false|false&#8221; custom_margin_phone=&#8221;||||false|false&#8221; custom_margin_last_edited=&#8221;on|phone&#8221; custom_padding=&#8221;||||false|false&#8221; custom_padding_tablet=&#8221;||||false|false&#8221; custom_padding_phone=&#8221;||||false|false&#8221; custom_padding_last_edited=&#8221;on|phone&#8221; animation_direction=&#8221;bottom&#8221; content_text_align_tablet=&#8221;center&#8221; content_text_align_phone=&#8221;center&#8221; content_text_align_last_edited=&#8221;on|phone&#8221; content_font_size_tablet=&#8221;5vh&#8221; content_font_size_phone=&#8221;4vh&#8221; content_font_size_last_edited=&#8221;on|phone&#8221; content_line_height_tablet=&#8221;1.1em&#8221; content_line_height_phone=&#8221;1.1em&#8221; content_line_height_last_edited=&#8221;on|desktop&#8221; background_last_edited=&#8221;off|phone&#8221; background_enable_video_mp4_phone=&#8221;off&#8221; locked=&#8221;off&#8221; global_colors_info=&#8221;{}&#8221;]<\/p>\n<p style=\"text-align: center;\">CONTRACT<\/p>\n<p><\/p>\n<p style=\"text-align: center;\"><em>by<\/em> MHR<\/p>\n<p>[\/et_pb_fullwidth_header][\/et_pb_section]<\/p>\n","protected":false},"excerpt":{"rendered":"<p>Menos \u00e9 mais. Simplifique e aprecie, abrace a art of living. Convidamo-lo a acompanhar a nossa viagem na iSaloni.Milano 2024.EXPLORE AS NOSSAS COLE\u00c7\u00d5ESCole\u00e7\u00f5esArt of LivingCole\u00e7\u00e3obringing hometo every houseCONTRACTby MHR<\/p>\n","protected":false},"author":3,"featured_media":0,"parent":0,"menu_order":0,"comment_status":"closed","ping_status":"closed","template":"","meta":{"_et_pb_use_builder":"on","_et_pb_old_content":"","_et_gb_content_width":"","footnotes":""},"class_list":["post-250758","page","type-page","status-publish","hentry"],"_links":{"self":[{"href":"https:\/\/mhr.com.pt\/pt-pt\/wp-json\/wp\/v2\/pages\/250758","targetHints":{"allow":["GET"]}}],"collection":[{"href":"https:\/\/mhr.com.pt\/pt-pt\/wp-json\/wp\/v2\/pages"}],"about":[{"href":"https:\/\/mhr.com.pt\/pt-pt\/wp-json\/wp\/v2\/types\/page"}],"author":[{"embeddable":true,"href":"https:\/\/mhr.com.pt\/pt-pt\/wp-json\/wp\/v2\/users\/3"}],"replies":[{"embeddable":true,"href":"https:\/\/mhr.com.pt\/pt-pt\/wp-json\/wp\/v2\/comments?post=250758"}],"version-history":[{"count":7,"href":"https:\/\/mhr.com.pt\/pt-pt\/wp-json\/wp\/v2\/pages\/250758\/revisions"}],"predecessor-version":[{"id":252078,"href":"https:\/\/mhr.com.pt\/pt-pt\/wp-json\/wp\/v2\/pages\/250758\/revisions\/252078"}],"wp:attachment":[{"href":"https:\/\/mhr.com.pt\/pt-pt\/wp-json\/wp\/v2\/media?parent=250758"}],"curies":[{"name":"wp","href":"https:\/\/api.w.org\/{rel}","templated":true}]}}