{"id":250773,"date":"2025-03-13T11:51:42","date_gmt":"2025-03-13T11:51:42","guid":{"rendered":"https:\/\/mhr.com.pt\/colecao-bringing-home-to-every-house\/"},"modified":"2025-11-10T16:29:10","modified_gmt":"2025-11-10T16:29:10","slug":"colecao-bringing-home-to-every-house","status":"publish","type":"page","link":"https:\/\/mhr.com.pt\/pt-pt\/colecao-bringing-home-to-every-house\/","title":{"rendered":"Cole\u00e7\u00e3o Bringing home to every house"},"content":{"rendered":"<p>[et_pb_section fb_built=&#8221;1&#8243; _builder_version=&#8221;4.27.4&#8243; _module_preset=&#8221;default&#8221; custom_margin=&#8221;||0px||false|false&#8221; custom_padding=&#8221;||0px||false|false&#8221; locked=&#8221;off&#8221; collapsed=&#8221;off&#8221; global_colors_info=&#8221;{}&#8221;][et_pb_row _builder_version=&#8221;4.27.4&#8243; _module_preset=&#8221;default&#8221; width=&#8221;100%&#8221; max_width=&#8221;100%&#8221; custom_margin=&#8221;0px||0px||false|false&#8221; custom_padding=&#8221;0px||0px||false|false&#8221; global_colors_info=&#8221;{}&#8221;][et_pb_column type=&#8221;4_4&#8243; _builder_version=&#8221;4.27.4&#8243; _module_preset=&#8221;default&#8221; global_colors_info=&#8221;{}&#8221;][et_pb_slider _builder_version=&#8221;4.27.4&#8243; _module_preset=&#8221;default&#8221; module_alignment=&#8221;center&#8221; height=&#8221;350px&#8221; height_tablet=&#8221;150px&#8221; height_phone=&#8221;100px&#8221; height_last_edited=&#8221;on|phone&#8221; custom_margin=&#8221;0px||0px||false|false&#8221; custom_padding=&#8221;0px||0px||false|false&#8221; global_colors_info=&#8221;{}&#8221;][et_pb_slide content_last_edited=&#8221;off|desktop&#8221; _builder_version=&#8221;4.27.4&#8243; _module_preset=&#8221;default&#8221; body_font=&#8221;Montserrat|200|||||||&#8221; body_text_align=&#8221;center&#8221; body_font_size=&#8221;4vw&#8221; body_line_height=&#8221;1em&#8221; background_enable_color=&#8221;off&#8221; use_background_color_gradient=&#8221;on&#8221; background_color_gradient_stops=&#8221;rgba(0,0,0,0.65) 0%|rgba(0,0,0,0.65) 100%&#8221; background_color_gradient_overlays_image=&#8221;on&#8221; background_image=&#8221;https:\/\/mhr.com.pt\/wp-content\/uploads\/2024\/04\/BH2EH.jpg&#8221; background_enable_image=&#8221;on&#8221; text_orientation=&#8221;center&#8221; body_font_size_tablet=&#8221;6vw&#8221; body_font_size_phone=&#8221;6vw&#8221; body_font_size_last_edited=&#8221;on|desktop&#8221; global_colors_info=&#8221;{}&#8221; sticky_transition=&#8221;on&#8221;][\/et_pb_slide][\/et_pb_slider][\/et_pb_column][\/et_pb_row][\/et_pb_section][et_pb_section fb_built=&#8221;1&#8243; _builder_version=&#8221;4.27.4&#8243; _module_preset=&#8221;default&#8221; background_color=&#8221;#f7f7f7&#8243; locked=&#8221;off&#8221; global_colors_info=&#8221;{}&#8221;][et_pb_row column_structure=&#8221;3_5,2_5&#8243; disabled_on=&#8221;off|off|off&#8221; _builder_version=&#8221;4.27.4&#8243; _module_preset=&#8221;default&#8221; custom_margin=&#8221;||||false|false&#8221; custom_padding=&#8221;75px||75px||false|false&#8221; custom_css_main_element=&#8221;display: flex;||align-items: center;&#8221; global_colors_info=&#8221;{}&#8221; custom_css_main_element_last_edited=&#8221;on|tablet&#8221; custom_css_main_element_tablet=&#8221; &#8221; custom_css_main_element_phone=&#8221; &#8220;][et_pb_column type=&#8221;3_5&#8243; _builder_version=&#8221;4.27.4&#8243; _module_preset=&#8221;default&#8221; global_colors_info=&#8221;{}&#8221;][et_pb_text _builder_version=&#8221;4.27.4&#8243; _module_preset=&#8221;default&#8221; text_font=&#8221;Montserrat|300|||||||&#8221; text_font_size=&#8221;34px&#8221; text_line_height=&#8221;1em&#8221; text_font_size_tablet=&#8221;26px&#8221; text_font_size_phone=&#8221;24px&#8221; text_font_size_last_edited=&#8221;on|phone&#8221; locked=&#8221;off&#8221; global_colors_info=&#8221;{}&#8221;]<\/p>\n<p>Cole\u00e7\u00e3o <i>Bringing home to every house<\/i><\/p>\n<p>[\/et_pb_text][et_pb_text _builder_version=&#8221;4.27.4&#8243; _module_preset=&#8221;default&#8221; custom_margin_tablet=&#8221;||75px||false|false&#8221; custom_margin_phone=&#8221;||75px||false|false&#8221; custom_margin_last_edited=&#8221;on|desktop&#8221; global_colors_info=&#8221;{}&#8221;]<\/p>\n<p>Na nossa busca por solu\u00e7\u00f5es que satisfa\u00e7am uma gama mais ampla de necessidades, temos o prazer de apresentar o Novo Cat\u00e1logo MHR \u2013 \u201cBringing Home to Every House\u201d.<\/p>\n<p><\/p>\n<p>Criada para proporcionar conforto e design de qualidade, esta Cole\u00e7\u00e3o \u00e9 ideal para clientes que procuram pe\u00e7as com uma forte rela\u00e7\u00e3o pre\u00e7o\/qualidade, mantendo os elevados padr\u00f5es que nos caracterizam.<\/p>\n<p><\/p>\n<p>Neste cat\u00e1logo encontrar\u00e1 Sof\u00e1s, Acess\u00f3rios, Camas e muito mais, com designs vers\u00e1teis e materiais duradouros. Estas pe\u00e7as foram concebidas para se integrarem facilmente em qualquer espa\u00e7o, combinando sempre funcionalidade com est\u00e9tica.<\/p>\n<p><\/p>\n<p>Este Cat\u00e1logo oferece uma cole\u00e7\u00e3o pr\u00e1tica e fi\u00e1vel, proporcionando aos clientes op\u00e7\u00f5es para transformar os seus lares com qualidade a pre\u00e7os mais acess\u00edveis.<\/p>\n<p>[\/et_pb_text][\/et_pb_column][et_pb_column type=&#8221;2_5&#8243; _builder_version=&#8221;4.27.4&#8243; _module_preset=&#8221;default&#8221; global_colors_info=&#8221;{}&#8221;][et_pb_image src=&#8221;https:\/\/mhr.com.pt\/wp-content\/uploads\/2024\/07\/BH2EH_2025_Cover_300x300-e1744380061791.png&#8221; title_text=&#8221;BH2EH_2025_Cover_300x300&#8243; url=&#8221;https:\/\/mhr.com.pt\/wp-content\/uploads\/2025\/04\/BH2EH_by_MHR_2025_v2.pdf&#8221; url_new_window=&#8221;on&#8221; align=&#8221;center&#8221; _builder_version=&#8221;4.27.4&#8243; _module_preset=&#8221;default&#8221; width=&#8221;87%&#8221; width_tablet=&#8221;65%&#8221; width_phone=&#8221;75%&#8221; width_last_edited=&#8221;on|phone&#8221; module_alignment=&#8221;center&#8221; box_shadow_style=&#8221;preset3&#8243; box_shadow_vertical=&#8221;5px&#8221; box_shadow_blur=&#8221;3px&#8221; box_shadow_spread=&#8221;-1px&#8221; global_colors_info=&#8221;{}&#8221; filter_brightness__hover=&#8221;55%&#8221; filter_brightness__hover_enabled=&#8221;on|hover&#8221; locked=&#8221;off&#8221;][\/et_pb_image][\/et_pb_column][\/et_pb_row][\/et_pb_section]<\/p>\n","protected":false},"excerpt":{"rendered":"<p>Cole\u00e7\u00e3o Bringing home to every houseNa nossa busca por solu\u00e7\u00f5es que satisfa\u00e7am uma gama mais ampla de necessidades, temos o prazer de apresentar o Novo Cat\u00e1logo MHR \u2013 \u201cBringing Home to Every House\u201d.Criada para proporcionar conforto e design de qualidade, esta Cole\u00e7\u00e3o \u00e9 ideal para clientes que procuram pe\u00e7as com uma forte rela\u00e7\u00e3o pre\u00e7o\/qualidade, mantendo [&hellip;]<\/p>\n","protected":false},"author":3,"featured_media":0,"parent":0,"menu_order":0,"comment_status":"closed","ping_status":"closed","template":"","meta":{"_et_pb_use_builder":"on","_et_pb_old_content":"","_et_gb_content_width":"","footnotes":""},"class_list":["post-250773","page","type-page","status-publish","hentry"],"_links":{"self":[{"href":"https:\/\/mhr.com.pt\/pt-pt\/wp-json\/wp\/v2\/pages\/250773","targetHints":{"allow":["GET"]}}],"collection":[{"href":"https:\/\/mhr.com.pt\/pt-pt\/wp-json\/wp\/v2\/pages"}],"about":[{"href":"https:\/\/mhr.com.pt\/pt-pt\/wp-json\/wp\/v2\/types\/page"}],"author":[{"embeddable":true,"href":"https:\/\/mhr.com.pt\/pt-pt\/wp-json\/wp\/v2\/users\/3"}],"replies":[{"embeddable":true,"href":"https:\/\/mhr.com.pt\/pt-pt\/wp-json\/wp\/v2\/comments?post=250773"}],"version-history":[{"count":2,"href":"https:\/\/mhr.com.pt\/pt-pt\/wp-json\/wp\/v2\/pages\/250773\/revisions"}],"predecessor-version":[{"id":250775,"href":"https:\/\/mhr.com.pt\/pt-pt\/wp-json\/wp\/v2\/pages\/250773\/revisions\/250775"}],"wp:attachment":[{"href":"https:\/\/mhr.com.pt\/pt-pt\/wp-json\/wp\/v2\/media?parent=250773"}],"curies":[{"name":"wp","href":"https:\/\/api.w.org\/{rel}","templated":true}]}}