{"id":250782,"date":"2020-10-09T14:14:01","date_gmt":"2020-10-09T13:14:01","guid":{"rendered":"https:\/\/mhr.com.pt\/sobre-nos\/"},"modified":"2026-02-27T22:25:04","modified_gmt":"2026-02-27T22:25:04","slug":"sobre-nos","status":"publish","type":"page","link":"https:\/\/mhr.com.pt\/pt-pt\/sobre-nos\/","title":{"rendered":"Sobre N\u00f3s"},"content":{"rendered":"<p>[et_pb_section fb_built=&#8221;1&#8243; fullwidth=&#8221;on&#8221; disabled_on=&#8221;on|on|on&#8221; _builder_version=&#8221;4.27.4&#8243; _module_preset=&#8221;default&#8221; custom_margin_tablet=&#8221;&#8221; custom_margin_phone=&#8221;-20%|-25%||-25%|false|true&#8221; custom_margin_last_edited=&#8221;on|phone&#8221; disabled=&#8221;on&#8221; global_colors_info=&#8221;{}&#8221;][et_pb_fullwidth_header text_orientation=&#8221;center&#8221; header_fullscreen=&#8221;on&#8221; header_scroll_down=&#8221;on&#8221; scroll_down_icon=&#8221;%%2%%&#8221; scroll_down_icon_color=&#8221;#000000&#8243; scroll_down_icon_size=&#8221;30px&#8221; background_overlay_color=&#8221;rgba(255,208,0,0.75)&#8221; content_max_width=&#8221;80%&#8221; content_max_width_tablet=&#8221;&#8221; content_max_width_phone=&#8221;90%&#8221; content_max_width_last_edited=&#8221;on|phone&#8221; _builder_version=&#8221;4.27.4&#8243; _module_preset=&#8221;default&#8221; title_font=&#8221;|700|||||||&#8221; title_text_color=&#8221;#000000&#8243; title_font_size=&#8221;60px&#8221; title_letter_spacing=&#8221;-1px&#8221; title_line_height=&#8221;1.1em&#8221; content_font=&#8221;|300|||||||&#8221; content_text_align=&#8221;center&#8221; content_text_color=&#8221;#000000&#8243; content_font_size=&#8221;22px&#8221; content_line_height=&#8221;1.5em&#8221; background_color=&#8221;#ffd000&#8243; background_image=&#8221;https:\/\/mhr.com.pt\/wp-content\/uploads\/2021\/03\/About_Us_1.jpg&#8221; background_position=&#8221;top_center&#8221; background_vertical_offset=&#8221;135px&#8221; background_blend=&#8221;multiply&#8221; positioning=&#8221;none&#8221; background_layout=&#8221;light&#8221; width=&#8221;100%&#8221; width_tablet=&#8221;&#8221; width_phone=&#8221;100%&#8221; width_last_edited=&#8221;on|phone&#8221; max_width=&#8221;100%&#8221; module_alignment=&#8221;center&#8221; height_tablet=&#8221;&#8221; height_phone=&#8221;95vh&#8221; height_last_edited=&#8221;on|phone&#8221; custom_margin=&#8221;||||false|false&#8221; custom_margin_tablet=&#8221;||||false|false&#8221; custom_margin_phone=&#8221;||||false|false&#8221; custom_margin_last_edited=&#8221;on|desktop&#8221; custom_padding=&#8221;||||false|false&#8221; custom_padding_tablet=&#8221;||||false|false&#8221; custom_padding_phone=&#8221;||||false|false&#8221; custom_padding_last_edited=&#8221;on|desktop&#8221; scroll_vertical_motion=&#8221;0|24|24|100|3.5|0|-4&#8243; title_font_size_tablet=&#8221;45px&#8221; title_font_size_phone=&#8221;35px&#8221; title_line_height_tablet=&#8221;1.1em&#8221; title_line_height_phone=&#8221;1.1em&#8221; content_font_size_tablet=&#8221;20px&#8221; content_font_size_phone=&#8221;16px&#8221; content_font_size_last_edited=&#8221;on|phone&#8221; content_line_height_tablet=&#8221;1.4em&#8221; content_line_height_phone=&#8221;1.5em&#8221; content_line_height_last_edited=&#8221;on|tablet&#8221; background_last_edited=&#8221;on|phone&#8221; custom_css_main_element=&#8221;min-height: calc(100vh &#8211; 100px);||display: flex;&#8221; locked=&#8221;off&#8221; global_colors_info=&#8221;{}&#8221; custom_css_button_2_last_edited=&#8221;off|desktop&#8221; custom_css_main_element_last_edited=&#8221;on|phone&#8221; custom_css_main_element_phone=&#8221;padding-top:10vw!important;||min-height: calc(100vh &#8211; 430px);||display: flex;&#8221; custom_css_main_element_tablet=&#8221;min-height: calc(100vh &#8211; 100px);||display: flex;&#8221;]<\/p>\n<p style=\"text-align: center;\">Sempre fomos inspirados pela excel\u00eancia.<\/p>\n<p><\/p>\n<p style=\"text-align: center;\">Dois irm\u00e3os movidos pelo mesmo desejo: criar pe\u00e7as que elevem cada projeto de decora\u00e7\u00e3o. Criar com a \u201ccabe\u00e7a\u201d, mas sem nunca negligenciar outra parte importante da equa\u00e7\u00e3o, o \u201ccora\u00e7\u00e3o\u201d. E \u00e9 com este objetivo que trabalhamos todos os dias.<\/p>\n<p><\/p>\n<p>&nbsp;<\/p>\n<p><\/p>\n<h1 style=\"text-align: center;\">INSPIRADOS PELA EXCEL\u00caNCIA.<\/h1>\n<p><\/p>\n<p>&nbsp;<\/p>\n<p><\/p>\n<p style=\"text-align: center;\">Este foi o ponto de partida e lan\u00e7ou-nos num caminho de investiga\u00e7\u00e3o cont\u00ednua, sempre guiados pelos valores da coer\u00eancia, da determina\u00e7\u00e3o e, sempre, sempre, com paix\u00e3o e entusiasmo.<\/p>\n<p>[\/et_pb_fullwidth_header][\/et_pb_section][et_pb_section fb_built=&#8221;1&#8243; fullwidth=&#8221;on&#8221; _builder_version=&#8221;4.27.4&#8243; _module_preset=&#8221;default&#8221; custom_margin_tablet=&#8221;&#8221; custom_margin_phone=&#8221;-20%|-25%||-25%|false|true&#8221; custom_margin_last_edited=&#8221;on|phone&#8221; locked=&#8221;off&#8221; global_colors_info=&#8221;{}&#8221;][et_pb_fullwidth_header text_orientation=&#8221;center&#8221; header_fullscreen=&#8221;on&#8221; header_scroll_down=&#8221;on&#8221; scroll_down_icon=&#8221;%%2%%&#8221; scroll_down_icon_color=&#8221;#FFFFFF&#8221; scroll_down_icon_size=&#8221;30px&#8221; background_overlay_color=&#8221;rgba(173,142,119,0.7)&#8221; content_max_width=&#8221;80%&#8221; content_max_width_tablet=&#8221;&#8221; content_max_width_phone=&#8221;90%&#8221; content_max_width_last_edited=&#8221;on|phone&#8221; _builder_version=&#8221;4.27.4&#8243; _module_preset=&#8221;default&#8221; title_font=&#8221;|700|||||||&#8221; title_text_color=&#8221;#FFFFFF&#8221; title_font_size=&#8221;60px&#8221; title_letter_spacing=&#8221;-1px&#8221; title_line_height=&#8221;1.1em&#8221; content_font=&#8221;|300|||||||&#8221; content_text_align=&#8221;center&#8221; content_text_color=&#8221;#FFFFFF&#8221; content_font_size=&#8221;22px&#8221; content_line_height=&#8221;1.5em&#8221; background_color=&#8221;#ad9685&#8243; background_image=&#8221;https:\/\/mhr.com.pt\/wp-content\/uploads\/2021\/03\/About_Us_1.jpg&#8221; background_position=&#8221;top_center&#8221; background_vertical_offset=&#8221;135px&#8221; background_blend=&#8221;multiply&#8221; positioning=&#8221;none&#8221; background_layout=&#8221;light&#8221; width=&#8221;100%&#8221; width_tablet=&#8221;&#8221; width_phone=&#8221;100%&#8221; width_last_edited=&#8221;on|phone&#8221; max_width=&#8221;100%&#8221; module_alignment=&#8221;center&#8221; height_tablet=&#8221;&#8221; height_phone=&#8221;95vh&#8221; height_last_edited=&#8221;on|phone&#8221; custom_margin=&#8221;||||false|false&#8221; custom_margin_tablet=&#8221;||||false|false&#8221; custom_margin_phone=&#8221;||||false|false&#8221; custom_margin_last_edited=&#8221;on|desktop&#8221; custom_padding=&#8221;||||false|false&#8221; custom_padding_tablet=&#8221;||||false|false&#8221; custom_padding_phone=&#8221;||||false|false&#8221; custom_padding_last_edited=&#8221;on|desktop&#8221; scroll_vertical_motion=&#8221;0|24|24|100|3.5|0|-4&#8243; title_font_size_tablet=&#8221;45px&#8221; title_font_size_phone=&#8221;35px&#8221; title_line_height_tablet=&#8221;1.1em&#8221; title_line_height_phone=&#8221;1.1em&#8221; content_font_size_tablet=&#8221;20px&#8221; content_font_size_phone=&#8221;16px&#8221; content_font_size_last_edited=&#8221;on|phone&#8221; content_line_height_tablet=&#8221;1.4em&#8221; content_line_height_phone=&#8221;1.5em&#8221; content_line_height_last_edited=&#8221;on|tablet&#8221; background_last_edited=&#8221;on|phone&#8221; custom_css_main_element=&#8221;min-height: calc(100vh &#8211; 100px);||display: flex;&#8221; locked=&#8221;off&#8221; global_colors_info=&#8221;{}&#8221; custom_css_button_2_last_edited=&#8221;off|desktop&#8221; custom_css_main_element_last_edited=&#8221;on|phone&#8221; custom_css_main_element_phone=&#8221;padding-top:10vw!important;||min-height: calc(100vh &#8211; 430px);||display: flex;&#8221; custom_css_main_element_tablet=&#8221;min-height: calc(100vh &#8211; 100px);||display: flex;&#8221;]<\/p>\n<p style=\"text-align: center;\">Sempre fomos inspirados pela excel\u00eancia.<\/p>\n<p><\/p>\n<p style=\"text-align: center;\">Dois irm\u00e3os movidos pelo mesmo desejo: criar pe\u00e7as que elevem cada projeto de decora\u00e7\u00e3o. Criar com a \u201ccabe\u00e7a\u201d, mas sem nunca negligenciar outra parte importante da equa\u00e7\u00e3o, o \u201ccora\u00e7\u00e3o\u201d. E \u00e9 com este objetivo que trabalhamos todos os dias.<\/p>\n<p><\/p>\n<p>&nbsp;<\/p>\n<p><\/p>\n<h1 style=\"text-align: center;\">INSPIRADOS PELA EXCEL\u00caNCIA.<\/h1>\n<p><\/p>\n<p>&nbsp;<\/p>\n<p><\/p>\n<p style=\"text-align: center;\">Este foi o ponto de partida e lan\u00e7ou-nos num caminho de investiga\u00e7\u00e3o cont\u00ednua, sempre guiados pelos valores da coer\u00eancia, da determina\u00e7\u00e3o e, sempre, sempre, com paix\u00e3o e entusiasmo.<\/p>\n<p>[\/et_pb_fullwidth_header][\/et_pb_section][et_pb_section fb_built=&#8221;1&#8243; fullwidth=&#8221;on&#8221; _builder_version=&#8221;4.27.4&#8243; _module_preset=&#8221;default&#8221; custom_margin=&#8221;||||false|true&#8221; custom_margin_tablet=&#8221;||||false|true&#8221; custom_margin_phone=&#8221;|-25%||-25%|false|true&#8221; custom_margin_last_edited=&#8221;on|phone&#8221; hover_enabled=&#8221;0&#8243; global_colors_info=&#8221;{}&#8221; sticky_enabled=&#8221;0&#8243;][et_pb_fullwidth_header text_orientation=&#8221;center&#8221; header_fullscreen=&#8221;on&#8221; header_scroll_down=&#8221;on&#8221; scroll_down_icon=&#8221;%%2%%&#8221; scroll_down_icon_size=&#8221;30px&#8221; background_overlay_color=&#8221;rgba(0,0,0,0.49)&#8221; content_max_width=&#8221;80%&#8221; _builder_version=&#8221;4.27.6&#8243; _module_preset=&#8221;default&#8221; title_font=&#8221;|700|||||||&#8221; title_text_color=&#8221;#FFFFFF&#8221; title_font_size=&#8221;60px&#8221; title_line_height=&#8221;1.1em&#8221; content_font=&#8221;|300|||||||&#8221; content_text_align=&#8221;center&#8221; content_text_color=&#8221;#FFFFFF&#8221; content_font_size=&#8221;22px&#8221; content_line_height=&#8221;1.5em&#8221; background_enable_color=&#8221;off&#8221; background_image=&#8221;https:\/\/mhr.com.pt\/wp-content\/uploads\/2021\/03\/About_Us_2.jpg&#8221; positioning=&#8221;none&#8221; width=&#8221;100%&#8221; max_width=&#8221;100%&#8221; custom_margin=&#8221;||||false|false&#8221; custom_padding=&#8221;||||true|false&#8221; scroll_vertical_motion=&#8221;0|24|24|100|3.5|0|-4&#8243; hover_enabled=&#8221;0&#8243; title_font_size_tablet=&#8221;45px&#8221; title_font_size_phone=&#8221;35px&#8221; title_line_height_tablet=&#8221;1.1em&#8221; title_line_height_phone=&#8221;1.1em&#8221; content_font_size_tablet=&#8221;20px&#8221; content_font_size_phone=&#8221;16px&#8221; content_font_size_last_edited=&#8221;on|phone&#8221; content_line_height_tablet=&#8221;1.4em&#8221; content_line_height_phone=&#8221;1.5em&#8221; content_line_height_last_edited=&#8221;on|tablet&#8221; custom_css_main_element=&#8221;min-height: calc(100vh &#8211; 100px);||display: flex;&#8221; locked=&#8221;off&#8221; global_colors_info=&#8221;{}&#8221; custom_css_button_2_last_edited=&#8221;off|desktop&#8221; custom_css_main_element_last_edited=&#8221;on|phone&#8221; custom_css_main_element_phone=&#8221;padding-top:10vw!important;||min-height: calc(100vh &#8211; 430px);||display: flex;&#8221; custom_css_main_element_tablet=&#8221;min-height: calc(100vh &#8211; 100px);||display: flex;&#8221; sticky_enabled=&#8221;0&#8243;]<\/p>\n<p style=\"text-align: center;\">Ano ap\u00f3s ano, cole\u00e7\u00e3o ap\u00f3s cole\u00e7\u00e3o, refor\u00e7amos a identidade da nossa marca com a evolu\u00e7\u00e3o e continuidade das cole\u00e7\u00f5es. Desta forma, fomos levados ao desenvolvimento de uma gama completa de ambientes, interpretando plenamente o universo do conceito <i>Art of living<\/i>.<\/p>\n<p><\/p>\n<p>&nbsp;<\/p>\n<p><\/p>\n<h1 style=\"text-align: center;\">O CONFORTO N\u00c3O ACONTECE POR ACASO.<\/h1>\n<p><\/p>\n<p>&nbsp;<\/p>\n<p><\/p>\n<p style=\"text-align: center;\">Damos sempre prioridade ao conforto. Em cada desenvolvimento, em cada material selecionado, em cada acabamento, em cada detalhe, porque acreditamos que n\u00e3o existem limites para a evolu\u00e7\u00e3o do desempenho dos nossos produtos.<\/p>\n<p>[\/et_pb_fullwidth_header][\/et_pb_section][et_pb_section fb_built=&#8221;1&#8243; fullwidth=&#8221;on&#8221; _builder_version=&#8221;4.27.4&#8243; _module_preset=&#8221;default&#8221; custom_margin=&#8221;||||false|true&#8221; custom_margin_tablet=&#8221;||||false|true&#8221; custom_margin_phone=&#8221;|-25%||-25%|false|true&#8221; custom_margin_last_edited=&#8221;on|desktop&#8221; global_colors_info=&#8221;{}&#8221;][et_pb_fullwidth_header text_orientation=&#8221;center&#8221; header_fullscreen=&#8221;on&#8221; button_one_text=&#8221;CONTACTE-NOS&#8221; button_one_url=&#8221;@ET-DC@eyJkeW5hbWljIjp0cnVlLCJjb250ZW50IjoicG9zdF9saW5rX3VybF9wYWdlIiwic2V0dGluZ3MiOnsicG9zdF9pZCI6IjEzNjYifX0=@&#8221; button_two_url=&#8221;#two&#8221; background_overlay_color=&#8221;RGBA(255,255,255,0)&#8221; content_max_width=&#8221;80%&#8221; _builder_version=&#8221;4.27.4&#8243; _dynamic_attributes=&#8221;button_one_url&#8221; _module_preset=&#8221;default&#8221; title_font=&#8221;|700|||||||&#8221; title_text_color=&#8221;#ad9685&#8243; title_font_size=&#8221;60px&#8221; title_line_height=&#8221;1.1em&#8221; content_font=&#8221;|300|||||||&#8221; content_text_align=&#8221;center&#8221; content_text_color=&#8221;#ad9685&#8243; content_font_size=&#8221;22px&#8221; content_line_height=&#8221;1.5em&#8221; background_color=&#8221;#f7f7f7&#8243; background_enable_image=&#8221;off&#8221; custom_button_one=&#8221;on&#8221; button_one_text_size=&#8221;10px&#8221; button_one_text_color=&#8221;#ad9685&#8243; button_one_bg_color=&#8221;RGBA(255,255,255,0)&#8221; button_one_border_width=&#8221;1px&#8221; button_one_border_color=&#8221;#ad9685&#8243; button_one_font=&#8221;Montserrat|500|||||||&#8221; button_one_custom_margin=&#8221;25px||||false|false&#8221; custom_button_two=&#8221;on&#8221; button_two_text_size=&#8221;50px&#8221; button_two_bg_color=&#8221;rgba(0,0,0,0)&#8221; button_two_border_width=&#8221;0px&#8221; button_two_icon=&#8221;%%25%%&#8221; button_two_on_hover=&#8221;off&#8221; positioning=&#8221;none&#8221; background_layout=&#8221;light&#8221; width=&#8221;100%&#8221; max_width=&#8221;100%&#8221; title_font_size_tablet=&#8221;45px&#8221; title_font_size_phone=&#8221;35px&#8221; title_line_height_tablet=&#8221;1.1em&#8221; title_line_height_phone=&#8221;1.1em&#8221; content_font_size_tablet=&#8221;20px&#8221; content_font_size_phone=&#8221;16px&#8221; content_font_size_last_edited=&#8221;on|phone&#8221; button_two_text_size_tablet=&#8221;30px&#8221; button_two_text_size_phone=&#8221;&#8221; button_two_text_size_last_edited=&#8221;on|tablet&#8221; custom_css_main_element=&#8221;min-height: calc(100vh &#8211; 100px);||display: flex;&#8221; locked=&#8221;off&#8221; global_colors_info=&#8221;{}&#8221; custom_css_button_2_last_edited=&#8221;off|desktop&#8221; custom_css_main_element_last_edited=&#8221;on|phone&#8221; custom_css_main_element_phone=&#8221;padding-top:10vw!important;||min-height: calc(100vh &#8211; 50px);||display: flex;&#8221; custom_css_main_element_tablet=&#8221;min-height: calc(100vh &#8211; 100px);||display: flex;&#8221;]<\/p>\n<h1 style=\"text-align: center;\">OS DETALHES<\/h1>\n<p><\/p>\n<h1 style=\"text-align: center;\">S\u00c3O TUDO.<\/h1>\n<p><\/p>\n<p>&nbsp;<\/p>\n<p><\/p>\n<p style=\"text-align: center;\">Somos uma empresa baseada numa estrutura familiar, com uma equipa motivada e incans\u00e1vel, firmemente orientada pela \u00e9tica e constantemente comprometida com os 3 pilares principais da marca: rigor, compromisso e pontualidade.<\/p>\n<p>[\/et_pb_fullwidth_header][\/et_pb_section][et_pb_section fb_built=&#8221;1&#8243; fullwidth=&#8221;on&#8221; disabled_on=&#8221;on|on|on&#8221; _builder_version=&#8221;4.27.4&#8243; _module_preset=&#8221;default&#8221; custom_margin=&#8221;||||false|true&#8221; custom_margin_tablet=&#8221;||||false|true&#8221; custom_margin_phone=&#8221;|-25%||-25%|false|true&#8221; custom_margin_last_edited=&#8221;on|desktop&#8221; disabled=&#8221;on&#8221; global_colors_info=&#8221;{}&#8221;][et_pb_fullwidth_header text_orientation=&#8221;center&#8221; header_fullscreen=&#8221;on&#8221; button_one_text=&#8221;CONTACTE-NOS&#8221; button_one_url=&#8221;@ET-DC@eyJkeW5hbWljIjp0cnVlLCJjb250ZW50IjoicG9zdF9saW5rX3VybF9wYWdlIiwic2V0dGluZ3MiOnsicG9zdF9pZCI6IjEzNjYifX0=@&#8221; button_two_url=&#8221;#two&#8221; background_overlay_color=&#8221;#ffd000&#8243; content_max_width=&#8221;80%&#8221; _builder_version=&#8221;4.27.4&#8243; _dynamic_attributes=&#8221;button_one_url&#8221; _module_preset=&#8221;default&#8221; title_font=&#8221;|700|||||||&#8221; title_text_color=&#8221;#000000&#8243; title_font_size=&#8221;60px&#8221; title_line_height=&#8221;1.1em&#8221; content_font=&#8221;|300|||||||&#8221; content_text_align=&#8221;center&#8221; content_text_color=&#8221;#000000&#8243; content_font_size=&#8221;22px&#8221; content_line_height=&#8221;1.5em&#8221; background_enable_color=&#8221;off&#8221; background_image=&#8221;https:\/\/mhr.com.pt\/wp\/wp-content\/uploads\/2021\/03\/About_Us_3.jpg&#8221; custom_button_one=&#8221;on&#8221; button_one_text_size=&#8221;10px&#8221; button_one_text_color=&#8221;#000000&#8243; button_one_border_width=&#8221;1px&#8221; button_one_border_color=&#8221;#000000&#8243; button_one_font=&#8221;Montserrat|500|||||||&#8221; button_one_custom_margin=&#8221;25px||||false|false&#8221; custom_button_two=&#8221;on&#8221; button_two_text_size=&#8221;50px&#8221; button_two_bg_color=&#8221;rgba(0,0,0,0)&#8221; button_two_border_width=&#8221;0px&#8221; button_two_icon=&#8221;%%25%%&#8221; button_two_on_hover=&#8221;off&#8221; positioning=&#8221;none&#8221; background_layout=&#8221;light&#8221; width=&#8221;100%&#8221; max_width=&#8221;100%&#8221; title_font_size_tablet=&#8221;45px&#8221; title_font_size_phone=&#8221;35px&#8221; title_line_height_tablet=&#8221;1.1em&#8221; title_line_height_phone=&#8221;1.1em&#8221; content_font_size_tablet=&#8221;20px&#8221; content_font_size_phone=&#8221;16px&#8221; content_font_size_last_edited=&#8221;on|phone&#8221; button_two_text_size_tablet=&#8221;30px&#8221; button_two_text_size_phone=&#8221;&#8221; button_two_text_size_last_edited=&#8221;on|tablet&#8221; custom_css_main_element=&#8221;min-height: calc(100vh &#8211; 100px);||display: flex;&#8221; locked=&#8221;off&#8221; global_colors_info=&#8221;{}&#8221; custom_css_button_2_last_edited=&#8221;off|desktop&#8221; custom_css_main_element_last_edited=&#8221;on|phone&#8221; custom_css_main_element_phone=&#8221;padding-top:10vw!important;||min-height: calc(100vh &#8211; 50px);||display: flex;&#8221; custom_css_main_element_tablet=&#8221;min-height: calc(100vh &#8211; 100px);||display: flex;&#8221;]<\/p>\n<h1 style=\"text-align: center;\">OS DETALHES<\/h1>\n<p><\/p>\n<h1 style=\"text-align: center;\">S\u00c3O TUDO.<\/h1>\n<p><\/p>\n<p>&nbsp;<\/p>\n<p><\/p>\n<p style=\"text-align: center;\">Somos uma empresa baseada numa estrutura familiar, com uma equipa motivada e incans\u00e1vel, firmemente orientada pela \u00e9tica e constantemente comprometida com os 3 pilares principais da marca: rigor, compromisso e pontualidade.<\/p>\n<p>[\/et_pb_fullwidth_header][\/et_pb_section]<\/p>\n","protected":false},"excerpt":{"rendered":"<p>Sempre fomos inspirados pela excel\u00eancia.Dois irm\u00e3os movidos pelo mesmo desejo: criar pe\u00e7as que elevem cada projeto de decora\u00e7\u00e3o. Criar com a \u201ccabe\u00e7a\u201d, mas sem nunca negligenciar outra parte importante da equa\u00e7\u00e3o, o \u201ccora\u00e7\u00e3o\u201d. E \u00e9 com este objetivo que trabalhamos todos os dias.&nbsp;INSPIRADOS PELA EXCEL\u00caNCIA.&nbsp;Este foi o ponto de partida e lan\u00e7ou-nos num caminho de [&hellip;]<\/p>\n","protected":false},"author":1,"featured_media":0,"parent":0,"menu_order":0,"comment_status":"closed","ping_status":"closed","template":"","meta":{"_et_pb_use_builder":"on","_et_pb_old_content":"","_et_gb_content_width":"","footnotes":""},"class_list":["post-250782","page","type-page","status-publish","hentry"],"_links":{"self":[{"href":"https:\/\/mhr.com.pt\/pt-pt\/wp-json\/wp\/v2\/pages\/250782","targetHints":{"allow":["GET"]}}],"collection":[{"href":"https:\/\/mhr.com.pt\/pt-pt\/wp-json\/wp\/v2\/pages"}],"about":[{"href":"https:\/\/mhr.com.pt\/pt-pt\/wp-json\/wp\/v2\/types\/page"}],"author":[{"embeddable":true,"href":"https:\/\/mhr.com.pt\/pt-pt\/wp-json\/wp\/v2\/users\/1"}],"replies":[{"embeddable":true,"href":"https:\/\/mhr.com.pt\/pt-pt\/wp-json\/wp\/v2\/comments?post=250782"}],"version-history":[{"count":9,"href":"https:\/\/mhr.com.pt\/pt-pt\/wp-json\/wp\/v2\/pages\/250782\/revisions"}],"predecessor-version":[{"id":255106,"href":"https:\/\/mhr.com.pt\/pt-pt\/wp-json\/wp\/v2\/pages\/250782\/revisions\/255106"}],"wp:attachment":[{"href":"https:\/\/mhr.com.pt\/pt-pt\/wp-json\/wp\/v2\/media?parent=250782"}],"curies":[{"name":"wp","href":"https:\/\/api.w.org\/{rel}","templated":true}]}}