{"id":251054,"date":"2022-10-27T16:24:52","date_gmt":"2022-10-27T15:24:52","guid":{"rendered":"https:\/\/mhr.com.pt\/product\/jacques\/"},"modified":"2022-10-27T16:24:52","modified_gmt":"2022-10-27T15:24:52","slug":"jacques","status":"publish","type":"product","link":"https:\/\/mhr.com.pt\/pt-pt\/product\/jacques\/","title":{"rendered":"Jacques."},"content":{"rendered":"<p>Inspirado nas linhas cl\u00e1ssicas dos anos 70, o cadeir\u00e3o Jacques apresenta um perfil alongado e esguio, complementado por um assento volumoso que garante um conforto superior.<\/p>\n<p>A sua silhueta refinada \u00e9 uma homenagem \u00e0 eleg\u00e2ncia retro, oferecendo um toque contempor\u00e2neo que faz do Jacques uma adi\u00e7\u00e3o perfeita para interiores modernos e com inspira\u00e7\u00e3o vintage.<\/p>\n","protected":false},"excerpt":{"rendered":"<p>CADEIR\u00c3O<\/p>\n","protected":false},"featured_media":251055,"template":"","meta":{"_et_pb_use_builder":"","_et_pb_old_content":"","_et_gb_content_width":""},"product_brand":[],"product_cat":[495],"product_tag":[],"class_list":{"0":"post-251054","1":"product","2":"type-product","3":"status-publish","4":"has-post-thumbnail","6":"product_cat-cadeiroes","8":"first","9":"instock","10":"virtual","11":"product-type-simple"},"_links":{"self":[{"href":"https:\/\/mhr.com.pt\/pt-pt\/wp-json\/wp\/v2\/product\/251054","targetHints":{"allow":["GET"]}}],"collection":[{"href":"https:\/\/mhr.com.pt\/pt-pt\/wp-json\/wp\/v2\/product"}],"about":[{"href":"https:\/\/mhr.com.pt\/pt-pt\/wp-json\/wp\/v2\/types\/product"}],"wp:featuredmedia":[{"embeddable":true,"href":"https:\/\/mhr.com.pt\/pt-pt\/wp-json\/wp\/v2\/media\/251055"}],"wp:attachment":[{"href":"https:\/\/mhr.com.pt\/pt-pt\/wp-json\/wp\/v2\/media?parent=251054"}],"wp:term":[{"taxonomy":"product_brand","embeddable":true,"href":"https:\/\/mhr.com.pt\/pt-pt\/wp-json\/wp\/v2\/product_brand?post=251054"},{"taxonomy":"product_cat","embeddable":true,"href":"https:\/\/mhr.com.pt\/pt-pt\/wp-json\/wp\/v2\/product_cat?post=251054"},{"taxonomy":"product_tag","embeddable":true,"href":"https:\/\/mhr.com.pt\/pt-pt\/wp-json\/wp\/v2\/product_tag?post=251054"}],"curies":[{"name":"wp","href":"https:\/\/api.w.org\/{rel}","templated":true}]}}