{"id":251060,"date":"2022-10-27T16:48:59","date_gmt":"2022-10-27T15:48:59","guid":{"rendered":"https:\/\/mhr.com.pt\/product\/kyle\/"},"modified":"2025-11-12T17:02:19","modified_gmt":"2025-11-12T17:02:19","slug":"kyle","status":"publish","type":"product","link":"https:\/\/mhr.com.pt\/pt-pt\/product\/kyle\/","title":{"rendered":"Kyle."},"content":{"rendered":"<p>O cadeir\u00e3o Kyle prioriza o conforto com o seu encosto alto e acolchoado que oferece um suporte excepcional.<\/p>\n<p>O design do bra\u00e7o mimetiza a posi\u00e7\u00e3o natural do bra\u00e7o humano, come\u00e7ando \u00e0 altura do ombro e descendo para apoiar o antebra\u00e7o, criando uma harmonia equilibrada entre o encosto alto e o bra\u00e7o.<\/p>\n<p>Com a sua fun\u00e7\u00e3o girat\u00f3ria, o Kyle oferece versatilidade e diversas possibilidades de disposi\u00e7\u00e3o no espa\u00e7o, sendo simultaneamente funcional e elegante.<\/p>\n","protected":false},"excerpt":{"rendered":"<p>CADEIR\u00c3O &amp; POUSA-P\u00c9S<\/p>\n","protected":false},"featured_media":251061,"template":"","meta":{"_et_pb_use_builder":"","_et_pb_old_content":"","_et_gb_content_width":""},"product_brand":[],"product_cat":[495],"product_tag":[],"class_list":{"0":"post-251060","1":"product","2":"type-product","3":"status-publish","4":"has-post-thumbnail","6":"product_cat-cadeiroes","8":"first","9":"instock","10":"virtual","11":"product-type-simple"},"_links":{"self":[{"href":"https:\/\/mhr.com.pt\/pt-pt\/wp-json\/wp\/v2\/product\/251060","targetHints":{"allow":["GET"]}}],"collection":[{"href":"https:\/\/mhr.com.pt\/pt-pt\/wp-json\/wp\/v2\/product"}],"about":[{"href":"https:\/\/mhr.com.pt\/pt-pt\/wp-json\/wp\/v2\/types\/product"}],"wp:featuredmedia":[{"embeddable":true,"href":"https:\/\/mhr.com.pt\/pt-pt\/wp-json\/wp\/v2\/media\/251061"}],"wp:attachment":[{"href":"https:\/\/mhr.com.pt\/pt-pt\/wp-json\/wp\/v2\/media?parent=251060"}],"wp:term":[{"taxonomy":"product_brand","embeddable":true,"href":"https:\/\/mhr.com.pt\/pt-pt\/wp-json\/wp\/v2\/product_brand?post=251060"},{"taxonomy":"product_cat","embeddable":true,"href":"https:\/\/mhr.com.pt\/pt-pt\/wp-json\/wp\/v2\/product_cat?post=251060"},{"taxonomy":"product_tag","embeddable":true,"href":"https:\/\/mhr.com.pt\/pt-pt\/wp-json\/wp\/v2\/product_tag?post=251060"}],"curies":[{"name":"wp","href":"https:\/\/api.w.org\/{rel}","templated":true}]}}