{"id":251069,"date":"2025-03-31T16:14:22","date_gmt":"2025-03-31T15:14:22","guid":{"rendered":"https:\/\/mhr.com.pt\/product\/koan\/"},"modified":"2025-03-31T16:14:22","modified_gmt":"2025-03-31T15:14:22","slug":"koan","status":"publish","type":"product","link":"https:\/\/mhr.com.pt\/pt-pt\/product\/koan\/","title":{"rendered":"Koan."},"content":{"rendered":"<p>O cadeir\u00e3o girat\u00f3rio Koan \u00e9 uma pe\u00e7a arredondada, concebida para complementar o ambiente acolhedor de um quarto ou sala de estar.<\/p>\n<p>A sua base girat\u00f3ria proporciona versatilidade e a capacidade de se adaptar a diferentes disposi\u00e7\u00f5es de sala.<\/p>\n<p>Os encostos altos oferecem apoio lombar e cervical, enquanto o assento generosamente acolchoado envolve o corpo, proporcionando um n\u00edvel elevado de conforto e relaxamento.<\/p>\n","protected":false},"excerpt":{"rendered":"<p>CADEIR\u00c3O &amp; POUSA-P\u00c9S<\/p>\n","protected":false},"featured_media":251062,"template":"","meta":{"_et_pb_use_builder":"","_et_pb_old_content":"","_et_gb_content_width":""},"product_brand":[],"product_cat":[495],"product_tag":[],"class_list":{"0":"post-251069","1":"product","2":"type-product","3":"status-publish","4":"has-post-thumbnail","6":"product_cat-cadeiroes","8":"first","9":"instock","10":"virtual","11":"product-type-simple"},"_links":{"self":[{"href":"https:\/\/mhr.com.pt\/pt-pt\/wp-json\/wp\/v2\/product\/251069","targetHints":{"allow":["GET"]}}],"collection":[{"href":"https:\/\/mhr.com.pt\/pt-pt\/wp-json\/wp\/v2\/product"}],"about":[{"href":"https:\/\/mhr.com.pt\/pt-pt\/wp-json\/wp\/v2\/types\/product"}],"wp:featuredmedia":[{"embeddable":true,"href":"https:\/\/mhr.com.pt\/pt-pt\/wp-json\/wp\/v2\/media\/251062"}],"wp:attachment":[{"href":"https:\/\/mhr.com.pt\/pt-pt\/wp-json\/wp\/v2\/media?parent=251069"}],"wp:term":[{"taxonomy":"product_brand","embeddable":true,"href":"https:\/\/mhr.com.pt\/pt-pt\/wp-json\/wp\/v2\/product_brand?post=251069"},{"taxonomy":"product_cat","embeddable":true,"href":"https:\/\/mhr.com.pt\/pt-pt\/wp-json\/wp\/v2\/product_cat?post=251069"},{"taxonomy":"product_tag","embeddable":true,"href":"https:\/\/mhr.com.pt\/pt-pt\/wp-json\/wp\/v2\/product_tag?post=251069"}],"curies":[{"name":"wp","href":"https:\/\/api.w.org\/{rel}","templated":true}]}}