{"id":251073,"date":"2022-10-27T16:48:45","date_gmt":"2022-10-27T15:48:45","guid":{"rendered":"https:\/\/mhr.com.pt\/product\/m51\/"},"modified":"2022-10-27T16:48:45","modified_gmt":"2022-10-27T15:48:45","slug":"m51","status":"publish","type":"product","link":"https:\/\/mhr.com.pt\/pt-pt\/product\/m51\/","title":{"rendered":"M51."},"content":{"rendered":"<p>O cadeir\u00e3o M51 apresenta um bra\u00e7o pronunciado com linhas curvas que se fundem perfeitamente com o seu aspeto contempor\u00e2neo, oferecendo uma experi\u00eancia de assento envolvente.<\/p>\n<p>A base estruturada, cl\u00e1ssica mas simples, oferece o suporte perfeito, tornando-o uma adi\u00e7\u00e3o vers\u00e1til tanto para interiores tradicionais quanto modernos.<\/p>\n","protected":false},"excerpt":{"rendered":"<p>CADEIR\u00c3O<\/p>\n","protected":false},"featured_media":251074,"template":"","meta":{"_et_pb_use_builder":"","_et_pb_old_content":"","_et_gb_content_width":""},"product_brand":[],"product_cat":[495],"product_tag":[],"class_list":{"0":"post-251073","1":"product","2":"type-product","3":"status-publish","4":"has-post-thumbnail","6":"product_cat-cadeiroes","8":"first","9":"instock","10":"virtual","11":"product-type-simple"},"_links":{"self":[{"href":"https:\/\/mhr.com.pt\/pt-pt\/wp-json\/wp\/v2\/product\/251073","targetHints":{"allow":["GET"]}}],"collection":[{"href":"https:\/\/mhr.com.pt\/pt-pt\/wp-json\/wp\/v2\/product"}],"about":[{"href":"https:\/\/mhr.com.pt\/pt-pt\/wp-json\/wp\/v2\/types\/product"}],"wp:featuredmedia":[{"embeddable":true,"href":"https:\/\/mhr.com.pt\/pt-pt\/wp-json\/wp\/v2\/media\/251074"}],"wp:attachment":[{"href":"https:\/\/mhr.com.pt\/pt-pt\/wp-json\/wp\/v2\/media?parent=251073"}],"wp:term":[{"taxonomy":"product_brand","embeddable":true,"href":"https:\/\/mhr.com.pt\/pt-pt\/wp-json\/wp\/v2\/product_brand?post=251073"},{"taxonomy":"product_cat","embeddable":true,"href":"https:\/\/mhr.com.pt\/pt-pt\/wp-json\/wp\/v2\/product_cat?post=251073"},{"taxonomy":"product_tag","embeddable":true,"href":"https:\/\/mhr.com.pt\/pt-pt\/wp-json\/wp\/v2\/product_tag?post=251073"}],"curies":[{"name":"wp","href":"https:\/\/api.w.org\/{rel}","templated":true}]}}