{"id":251078,"date":"2022-10-27T16:57:47","date_gmt":"2022-10-27T15:57:47","guid":{"rendered":"https:\/\/mhr.com.pt\/product\/m52\/"},"modified":"2022-10-27T16:57:47","modified_gmt":"2022-10-27T15:57:47","slug":"m52","status":"publish","type":"product","link":"https:\/\/mhr.com.pt\/pt-pt\/product\/m52\/","title":{"rendered":"M52."},"content":{"rendered":"<p>Com as suas linhas retas predominantes, o cadeir\u00e3o M52 apresenta um design minimalista baseado numa forma quadrada, mantendo, no entanto, uma postura delicada.<\/p>\n<p>A base cria a ilus\u00e3o de suspens\u00e3o, proporcionando uma sensa\u00e7\u00e3o de espa\u00e7o e leveza entre o cadeir\u00e3o e o ch\u00e3o, acrescentando um toque de sofistica\u00e7\u00e3o moderna a qualquer ambiente.<\/p>\n","protected":false},"excerpt":{"rendered":"<p>CADEIR\u00c3O<\/p>\n","protected":false},"featured_media":251079,"template":"","meta":{"_et_pb_use_builder":"","_et_pb_old_content":"","_et_gb_content_width":""},"product_brand":[],"product_cat":[495],"product_tag":[],"class_list":{"0":"post-251078","1":"product","2":"type-product","3":"status-publish","4":"has-post-thumbnail","6":"product_cat-cadeiroes","8":"first","9":"instock","10":"virtual","11":"product-type-simple"},"_links":{"self":[{"href":"https:\/\/mhr.com.pt\/pt-pt\/wp-json\/wp\/v2\/product\/251078","targetHints":{"allow":["GET"]}}],"collection":[{"href":"https:\/\/mhr.com.pt\/pt-pt\/wp-json\/wp\/v2\/product"}],"about":[{"href":"https:\/\/mhr.com.pt\/pt-pt\/wp-json\/wp\/v2\/types\/product"}],"wp:featuredmedia":[{"embeddable":true,"href":"https:\/\/mhr.com.pt\/pt-pt\/wp-json\/wp\/v2\/media\/251079"}],"wp:attachment":[{"href":"https:\/\/mhr.com.pt\/pt-pt\/wp-json\/wp\/v2\/media?parent=251078"}],"wp:term":[{"taxonomy":"product_brand","embeddable":true,"href":"https:\/\/mhr.com.pt\/pt-pt\/wp-json\/wp\/v2\/product_brand?post=251078"},{"taxonomy":"product_cat","embeddable":true,"href":"https:\/\/mhr.com.pt\/pt-pt\/wp-json\/wp\/v2\/product_cat?post=251078"},{"taxonomy":"product_tag","embeddable":true,"href":"https:\/\/mhr.com.pt\/pt-pt\/wp-json\/wp\/v2\/product_tag?post=251078"}],"curies":[{"name":"wp","href":"https:\/\/api.w.org\/{rel}","templated":true}]}}