{"id":251088,"date":"2022-10-27T17:02:01","date_gmt":"2022-10-27T16:02:01","guid":{"rendered":"https:\/\/mhr.com.pt\/product\/m54\/"},"modified":"2022-10-27T17:02:01","modified_gmt":"2022-10-27T16:02:01","slug":"m54","status":"publish","type":"product","link":"https:\/\/mhr.com.pt\/pt-pt\/product\/m54\/","title":{"rendered":"M54."},"content":{"rendered":"<p>O cadeir\u00e3o M54 \u00e9 concebido com um design de movimento subtil, apresentando um bra\u00e7o muito estreito, mas bem acolchoado, que contrasta com o assento volumoso e de presen\u00e7a marcante.<\/p>\n<p>A base fina e delicada alinha-se com o bra\u00e7o, real\u00e7ando a leveza e a eleg\u00e2ncia do cadeir\u00e3o, tornando-o uma adi\u00e7\u00e3o sofisticada a qualquer sala.<\/p>\n","protected":false},"excerpt":{"rendered":"<p>CADEIR\u00c3O<\/p>\n","protected":false},"featured_media":251089,"template":"","meta":{"_et_pb_use_builder":"","_et_pb_old_content":"","_et_gb_content_width":""},"product_brand":[],"product_cat":[495],"product_tag":[],"class_list":{"0":"post-251088","1":"product","2":"type-product","3":"status-publish","4":"has-post-thumbnail","6":"product_cat-cadeiroes","8":"first","9":"instock","10":"virtual","11":"product-type-simple"},"_links":{"self":[{"href":"https:\/\/mhr.com.pt\/pt-pt\/wp-json\/wp\/v2\/product\/251088","targetHints":{"allow":["GET"]}}],"collection":[{"href":"https:\/\/mhr.com.pt\/pt-pt\/wp-json\/wp\/v2\/product"}],"about":[{"href":"https:\/\/mhr.com.pt\/pt-pt\/wp-json\/wp\/v2\/types\/product"}],"wp:featuredmedia":[{"embeddable":true,"href":"https:\/\/mhr.com.pt\/pt-pt\/wp-json\/wp\/v2\/media\/251089"}],"wp:attachment":[{"href":"https:\/\/mhr.com.pt\/pt-pt\/wp-json\/wp\/v2\/media?parent=251088"}],"wp:term":[{"taxonomy":"product_brand","embeddable":true,"href":"https:\/\/mhr.com.pt\/pt-pt\/wp-json\/wp\/v2\/product_brand?post=251088"},{"taxonomy":"product_cat","embeddable":true,"href":"https:\/\/mhr.com.pt\/pt-pt\/wp-json\/wp\/v2\/product_cat?post=251088"},{"taxonomy":"product_tag","embeddable":true,"href":"https:\/\/mhr.com.pt\/pt-pt\/wp-json\/wp\/v2\/product_tag?post=251088"}],"curies":[{"name":"wp","href":"https:\/\/api.w.org\/{rel}","templated":true}]}}