{"id":251095,"date":"2022-10-27T17:08:19","date_gmt":"2022-10-27T16:08:19","guid":{"rendered":"https:\/\/mhr.com.pt\/product\/m55\/"},"modified":"2022-10-27T17:08:19","modified_gmt":"2022-10-27T16:08:19","slug":"m55","status":"publish","type":"product","link":"https:\/\/mhr.com.pt\/pt-pt\/product\/m55\/","title":{"rendered":"M55."},"content":{"rendered":"<p>O cadeir\u00e3o M55 caracteriza-se pela sua forma arredondada, apar\u00eancia fofinha e volumosa, oferecendo tanto conforto quanto apelo visual.<\/p>\n<p>Dispon\u00edvel em dois tamanhos, \u00e9 vers\u00e1til o suficiente para se adaptar a v\u00e1rios espa\u00e7os, tornando-se um ponto focal acolhedor e elegante em qualquer sala.<\/p>\n","protected":false},"excerpt":{"rendered":"<p>CADEIR\u00c3O<\/p>\n","protected":false},"featured_media":251096,"template":"","meta":{"_et_pb_use_builder":"","_et_pb_old_content":"","_et_gb_content_width":""},"product_brand":[],"product_cat":[495],"product_tag":[],"class_list":{"0":"post-251095","1":"product","2":"type-product","3":"status-publish","4":"has-post-thumbnail","6":"product_cat-cadeiroes","8":"first","9":"instock","10":"virtual","11":"product-type-simple"},"_links":{"self":[{"href":"https:\/\/mhr.com.pt\/pt-pt\/wp-json\/wp\/v2\/product\/251095","targetHints":{"allow":["GET"]}}],"collection":[{"href":"https:\/\/mhr.com.pt\/pt-pt\/wp-json\/wp\/v2\/product"}],"about":[{"href":"https:\/\/mhr.com.pt\/pt-pt\/wp-json\/wp\/v2\/types\/product"}],"wp:featuredmedia":[{"embeddable":true,"href":"https:\/\/mhr.com.pt\/pt-pt\/wp-json\/wp\/v2\/media\/251096"}],"wp:attachment":[{"href":"https:\/\/mhr.com.pt\/pt-pt\/wp-json\/wp\/v2\/media?parent=251095"}],"wp:term":[{"taxonomy":"product_brand","embeddable":true,"href":"https:\/\/mhr.com.pt\/pt-pt\/wp-json\/wp\/v2\/product_brand?post=251095"},{"taxonomy":"product_cat","embeddable":true,"href":"https:\/\/mhr.com.pt\/pt-pt\/wp-json\/wp\/v2\/product_cat?post=251095"},{"taxonomy":"product_tag","embeddable":true,"href":"https:\/\/mhr.com.pt\/pt-pt\/wp-json\/wp\/v2\/product_tag?post=251095"}],"curies":[{"name":"wp","href":"https:\/\/api.w.org\/{rel}","templated":true}]}}