{"id":251102,"date":"2021-02-25T15:02:36","date_gmt":"2021-02-25T15:02:36","guid":{"rendered":"https:\/\/mhr.com.pt\/product\/oliver\/"},"modified":"2021-02-25T15:02:36","modified_gmt":"2021-02-25T15:02:36","slug":"oliver","status":"publish","type":"product","link":"https:\/\/mhr.com.pt\/pt-pt\/product\/oliver\/","title":{"rendered":"Oliver."},"content":{"rendered":"<p>O cadeir\u00e3o Oliver apresenta um design de assento com estrutura invis\u00edvel que d\u00e1 a ilus\u00e3o de flutuar, criando um impacto visual marcante. Os seus bra\u00e7os met\u00e1licos, simultaneamente proeminentes e elegantemente esculpidos, oferecem um contraste forte com o estofo robusto que garante o m\u00e1ximo de conforto.<\/p>\n<p>Com linhas minimalistas e uma forma simples, o Oliver destaca-se como uma pe\u00e7a de afirma\u00e7\u00e3o que se conjuga facilmente com uma variedade de materiais e outros estilos de mobili\u00e1rio, tornando-se uma adi\u00e7\u00e3o vers\u00e1til a qualquer ambiente.<\/p>\n","protected":false},"excerpt":{"rendered":"<p>CADEIR\u00c3O<\/p>\n","protected":false},"featured_media":251103,"template":"","meta":{"_et_pb_use_builder":"","_et_pb_old_content":"","_et_gb_content_width":""},"product_brand":[],"product_cat":[495],"product_tag":[],"class_list":{"0":"post-251102","1":"product","2":"type-product","3":"status-publish","4":"has-post-thumbnail","6":"product_cat-cadeiroes","8":"first","9":"instock","10":"virtual","11":"product-type-simple"},"_links":{"self":[{"href":"https:\/\/mhr.com.pt\/pt-pt\/wp-json\/wp\/v2\/product\/251102","targetHints":{"allow":["GET"]}}],"collection":[{"href":"https:\/\/mhr.com.pt\/pt-pt\/wp-json\/wp\/v2\/product"}],"about":[{"href":"https:\/\/mhr.com.pt\/pt-pt\/wp-json\/wp\/v2\/types\/product"}],"wp:featuredmedia":[{"embeddable":true,"href":"https:\/\/mhr.com.pt\/pt-pt\/wp-json\/wp\/v2\/media\/251103"}],"wp:attachment":[{"href":"https:\/\/mhr.com.pt\/pt-pt\/wp-json\/wp\/v2\/media?parent=251102"}],"wp:term":[{"taxonomy":"product_brand","embeddable":true,"href":"https:\/\/mhr.com.pt\/pt-pt\/wp-json\/wp\/v2\/product_brand?post=251102"},{"taxonomy":"product_cat","embeddable":true,"href":"https:\/\/mhr.com.pt\/pt-pt\/wp-json\/wp\/v2\/product_cat?post=251102"},{"taxonomy":"product_tag","embeddable":true,"href":"https:\/\/mhr.com.pt\/pt-pt\/wp-json\/wp\/v2\/product_tag?post=251102"}],"curies":[{"name":"wp","href":"https:\/\/api.w.org\/{rel}","templated":true}]}}