{"id":251113,"date":"2021-02-25T15:03:21","date_gmt":"2021-02-25T15:03:21","guid":{"rendered":"https:\/\/mhr.com.pt\/product\/vogue\/"},"modified":"2021-02-25T15:03:21","modified_gmt":"2021-02-25T15:03:21","slug":"vogue","status":"publish","type":"product","link":"https:\/\/mhr.com.pt\/pt-pt\/product\/vogue\/","title":{"rendered":"Vogue."},"content":{"rendered":"<p>O cadeir\u00e3o Vogue combina habilmente linhas retas e curvas, todas trabalhadas em madeira maci\u00e7a, criando uma silhueta din\u00e2mica e elegante.<\/p>\n<p>A combina\u00e7\u00e3o de madeira rica e tecido estofado macio proporciona um design que prioriza o conforto sem comprometer o estilo.<\/p>\n<p>Com a sua presen\u00e7a marcante e constru\u00e7\u00e3o s\u00f3lida, o Vogue integra-se facilmente em diversos estilos de interiores, mantendo o seu car\u00e1ter \u00fanico enquanto se harmoniza com a decora\u00e7\u00e3o existente.<\/p>\n","protected":false},"excerpt":{"rendered":"<p>CADEIR\u00c3O<\/p>\n","protected":false},"featured_media":251114,"template":"","meta":{"_et_pb_use_builder":"","_et_pb_old_content":"","_et_gb_content_width":""},"product_brand":[],"product_cat":[495],"product_tag":[],"class_list":{"0":"post-251113","1":"product","2":"type-product","3":"status-publish","4":"has-post-thumbnail","6":"product_cat-cadeiroes","8":"first","9":"instock","10":"virtual","11":"product-type-simple"},"_links":{"self":[{"href":"https:\/\/mhr.com.pt\/pt-pt\/wp-json\/wp\/v2\/product\/251113","targetHints":{"allow":["GET"]}}],"collection":[{"href":"https:\/\/mhr.com.pt\/pt-pt\/wp-json\/wp\/v2\/product"}],"about":[{"href":"https:\/\/mhr.com.pt\/pt-pt\/wp-json\/wp\/v2\/types\/product"}],"wp:featuredmedia":[{"embeddable":true,"href":"https:\/\/mhr.com.pt\/pt-pt\/wp-json\/wp\/v2\/media\/251114"}],"wp:attachment":[{"href":"https:\/\/mhr.com.pt\/pt-pt\/wp-json\/wp\/v2\/media?parent=251113"}],"wp:term":[{"taxonomy":"product_brand","embeddable":true,"href":"https:\/\/mhr.com.pt\/pt-pt\/wp-json\/wp\/v2\/product_brand?post=251113"},{"taxonomy":"product_cat","embeddable":true,"href":"https:\/\/mhr.com.pt\/pt-pt\/wp-json\/wp\/v2\/product_cat?post=251113"},{"taxonomy":"product_tag","embeddable":true,"href":"https:\/\/mhr.com.pt\/pt-pt\/wp-json\/wp\/v2\/product_tag?post=251113"}],"curies":[{"name":"wp","href":"https:\/\/api.w.org\/{rel}","templated":true}]}}